{"id":1419,"date":"2020-02-25T16:16:38","date_gmt":"2020-02-25T15:16:38","guid":{"rendered":"https:\/\/ostersjostiftelsen.se\/staff\/"},"modified":"2026-02-12T09:58:07","modified_gmt":"2026-02-12T08:58:07","slug":"staff","status":"publish","type":"page","link":"https:\/\/ostersjostiftelsen.se\/en\/about-the-foundation\/staff\/","title":{"rendered":"Staff"},"content":{"rendered":"\n<p class=\"has-large-font-size\">Sara Packal\u00e9n<\/p>\n\n\n\n<p><strong>Kanslichef och forskningsdirekt\u00f6r\/Head of Office and Research Director<\/strong><\/p>\n\n\n\n<p>E-post:&nbsp;<a href=\"mailto:sara.packalen@ostersjostiftelsen.se\">sara.packalen@ostersjostiftelsen.se<\/a><br>Mobil: +46 (0)70 300 54 80<\/p>\n\n\n\n<hr class=\"wp-block-separator has-css-opacity is-style-wide\"\/>\n\n\n\n<p class=\"has-large-font-size\">Mattias Klintemar<\/p>\n\n\n\n<p><strong>Placeringsdirekt\u00f6r\/CIO<\/strong><\/p>\n\n\n\n<p>E-mail: <a href=\"mailto: mattias.klintemar@ostersjostiftelsen.se \">mattias.klintemar@ostersjostiftelsen.se <\/a><\/p>\n\n\n\n<hr class=\"wp-block-separator has-css-opacity is-style-wide\"\/>\n\n\n\n<p class=\"has-large-font-size\">Eric Strandqvist<\/p>\n\n\n\n<p><strong>Bitr\u00e4dande placeringsdirekt\u00f6r\/Ass. CIO<\/strong><\/p>\n\n\n\n<p>E-post: <a href=\"mailto:eric.strandqvist@ostersjostiftelsen.se\">eric.strandqvist@ostersjostiftelsen.se <\/a><\/p>\n\n\n\n<hr class=\"wp-block-separator has-css-opacity is-style-wide\"\/>\n\n\n\n<p class=\"has-large-font-size\">Zofia Makowska K\u00e4nng\u00e5rd<\/p>\n\n\n\n<p><strong>Projektledare<\/strong>\/<strong>Project manager<\/strong><\/p>\n\n\n\n<p>E-mail: <a href=\"mailto:zofia.makowska@ostersjostiftelsen.se\" target=\"_blank\" rel=\"noreferrer noopener\">zofia.makowska@ostersjostiftelsen.se<\/a><br>Tel:<a href=\"Tel:\"> <\/a>+46 (0)70 248 44 81<\/p>\n\n\n\n<hr class=\"wp-block-separator has-css-opacity is-style-wide\"\/>\n\n\n\n<p class=\"has-large-font-size\">Ulrika M\u00e5nsson<\/p>\n\n\n\n<p><strong>Koordinator\/Coordinator<\/strong><\/p>\n\n\n\n<p>E-mail: <a href=\"mailto:ulrika.mansson@ostersjostiftelsen.se\" target=\"_blank\" rel=\"noreferrer noopener\">ulrika.mansson@ostersjostiftelsen.se<\/a><br>Tel: +46 (0)70 368 45 61<\/p>\n\n\n\n<hr class=\"wp-block-separator has-alpha-channel-opacity is-style-wide\"\/>\n\n\n\n<p class=\"has-large-font-size\">Caroline Olsson <\/p>\n\n\n\n<p><strong>Analytiker\/Analyst<\/strong><\/p>\n\n\n\n<p>E-post:&nbsp;<a href=\"mailto:caroline.olsson@ostersjostiftelsen.se\" target=\"_blank\" rel=\"noreferrer noopener\">caroline.olsson@ostersjostiftelsen.se<\/a><br>Tel: +46 (0)703-01 21 42<\/p>\n\n\n\n<div style=\"height:30px\" aria-hidden=\"true\" class=\"wp-block-spacer\"><\/div>\n","protected":false},"excerpt":{"rendered":"<p>Sara Packal\u00e9n Kanslichef och forskningsdirekt\u00f6r\/Head of Office and Research Director E-post:&nbsp;sara.packalen@ostersjostiftelsen.seMobil: +46 (0)70 300 54&#8230;<\/p>\n","protected":false},"author":1,"featured_media":0,"parent":1478,"menu_order":0,"comment_status":"closed","ping_status":"closed","template":"","meta":{"_acf_changed":false,"_monsterinsights_skip_tracking":false,"_monsterinsights_sitenote_active":false,"_monsterinsights_sitenote_note":"","_monsterinsights_sitenote_category":0,"footnotes":""},"class_list":["post-1419","page","type-page","status-publish","hentry"],"acf":[],"yoast_head":"<!-- This site is optimized with the Yoast SEO plugin v27.3 - https:\/\/yoast.com\/product\/yoast-seo-wordpress\/ -->\n<title>Staff - \u00d6stersj\u00f6stiftelsen<\/title>\n<meta name=\"robots\" content=\"index, follow, max-snippet:-1, max-image-preview:large, max-video-preview:-1\" \/>\n<link rel=\"canonical\" href=\"https:\/\/ostersjostiftelsen.se\/en\/about-the-foundation\/staff\/\" \/>\n<meta property=\"og:locale\" content=\"en_US\" \/>\n<meta property=\"og:type\" content=\"article\" \/>\n<meta property=\"og:title\" content=\"Staff - \u00d6stersj\u00f6stiftelsen\" \/>\n<meta property=\"og:description\" content=\"Sara Packal\u00e9n Kanslichef och forskningsdirekt\u00f6r\/Head of Office and Research Director E-post:&nbsp;sara.packalen@ostersjostiftelsen.seMobil: +46 (0)70 300 54...\" \/>\n<meta property=\"og:url\" content=\"https:\/\/ostersjostiftelsen.se\/en\/about-the-foundation\/staff\/\" \/>\n<meta property=\"og:site_name\" content=\"\u00d6stersj\u00f6stiftelsen\" \/>\n<meta property=\"article:modified_time\" content=\"2026-02-12T08:58:07+00:00\" \/>\n<meta name=\"twitter:card\" content=\"summary_large_image\" \/>\n<meta name=\"twitter:label1\" content=\"Est. reading time\" \/>\n\t<meta name=\"twitter:data1\" content=\"1 minute\" \/>\n<script type=\"application\/ld+json\" class=\"yoast-schema-graph\">{\"@context\":\"https:\\\/\\\/schema.org\",\"@graph\":[{\"@type\":\"WebPage\",\"@id\":\"https:\\\/\\\/ostersjostiftelsen.se\\\/en\\\/about-the-foundation\\\/staff\\\/\",\"url\":\"https:\\\/\\\/ostersjostiftelsen.se\\\/en\\\/about-the-foundation\\\/staff\\\/\",\"name\":\"Staff - \u00d6stersj\u00f6stiftelsen\",\"isPartOf\":{\"@id\":\"https:\\\/\\\/ostersjostiftelsen.se\\\/#website\"},\"datePublished\":\"2020-02-25T15:16:38+00:00\",\"dateModified\":\"2026-02-12T08:58:07+00:00\",\"breadcrumb\":{\"@id\":\"https:\\\/\\\/ostersjostiftelsen.se\\\/en\\\/about-the-foundation\\\/staff\\\/#breadcrumb\"},\"inLanguage\":\"en-US\",\"potentialAction\":[{\"@type\":\"ReadAction\",\"target\":[\"https:\\\/\\\/ostersjostiftelsen.se\\\/en\\\/about-the-foundation\\\/staff\\\/\"]}]},{\"@type\":\"BreadcrumbList\",\"@id\":\"https:\\\/\\\/ostersjostiftelsen.se\\\/en\\\/about-the-foundation\\\/staff\\\/#breadcrumb\",\"itemListElement\":[{\"@type\":\"ListItem\",\"position\":1,\"name\":\"Home\",\"item\":\"https:\\\/\\\/ostersjostiftelsen.se\\\/en\\\/\"},{\"@type\":\"ListItem\",\"position\":2,\"name\":\"About the Foundation\",\"item\":\"https:\\\/\\\/ostersjostiftelsen.se\\\/en\\\/about-the-foundation\\\/\"},{\"@type\":\"ListItem\",\"position\":3,\"name\":\"Staff\"}]},{\"@type\":\"WebSite\",\"@id\":\"https:\\\/\\\/ostersjostiftelsen.se\\\/#website\",\"url\":\"https:\\\/\\\/ostersjostiftelsen.se\\\/\",\"name\":\"\u00d6stersj\u00f6stiftelsen\",\"description\":\"Stiftelsen f\u00f6r forskning inom omr\u00e5den med anknytning till \u00d6stersj\u00f6regionen och \u00d6steuropa\",\"potentialAction\":[{\"@type\":\"SearchAction\",\"target\":{\"@type\":\"EntryPoint\",\"urlTemplate\":\"https:\\\/\\\/ostersjostiftelsen.se\\\/?s={search_term_string}\"},\"query-input\":{\"@type\":\"PropertyValueSpecification\",\"valueRequired\":true,\"valueName\":\"search_term_string\"}}],\"inLanguage\":\"en-US\"}]}<\/script>\n<!-- \/ Yoast SEO plugin. -->","yoast_head_json":{"title":"Staff - \u00d6stersj\u00f6stiftelsen","robots":{"index":"index","follow":"follow","max-snippet":"max-snippet:-1","max-image-preview":"max-image-preview:large","max-video-preview":"max-video-preview:-1"},"canonical":"https:\/\/ostersjostiftelsen.se\/en\/about-the-foundation\/staff\/","og_locale":"en_US","og_type":"article","og_title":"Staff - \u00d6stersj\u00f6stiftelsen","og_description":"Sara Packal\u00e9n Kanslichef och forskningsdirekt\u00f6r\/Head of Office and Research Director E-post:&nbsp;sara.packalen@ostersjostiftelsen.seMobil: +46 (0)70 300 54...","og_url":"https:\/\/ostersjostiftelsen.se\/en\/about-the-foundation\/staff\/","og_site_name":"\u00d6stersj\u00f6stiftelsen","article_modified_time":"2026-02-12T08:58:07+00:00","twitter_card":"summary_large_image","twitter_misc":{"Est. reading time":"1 minute"},"schema":{"@context":"https:\/\/schema.org","@graph":[{"@type":"WebPage","@id":"https:\/\/ostersjostiftelsen.se\/en\/about-the-foundation\/staff\/","url":"https:\/\/ostersjostiftelsen.se\/en\/about-the-foundation\/staff\/","name":"Staff - \u00d6stersj\u00f6stiftelsen","isPartOf":{"@id":"https:\/\/ostersjostiftelsen.se\/#website"},"datePublished":"2020-02-25T15:16:38+00:00","dateModified":"2026-02-12T08:58:07+00:00","breadcrumb":{"@id":"https:\/\/ostersjostiftelsen.se\/en\/about-the-foundation\/staff\/#breadcrumb"},"inLanguage":"en-US","potentialAction":[{"@type":"ReadAction","target":["https:\/\/ostersjostiftelsen.se\/en\/about-the-foundation\/staff\/"]}]},{"@type":"BreadcrumbList","@id":"https:\/\/ostersjostiftelsen.se\/en\/about-the-foundation\/staff\/#breadcrumb","itemListElement":[{"@type":"ListItem","position":1,"name":"Home","item":"https:\/\/ostersjostiftelsen.se\/en\/"},{"@type":"ListItem","position":2,"name":"About the Foundation","item":"https:\/\/ostersjostiftelsen.se\/en\/about-the-foundation\/"},{"@type":"ListItem","position":3,"name":"Staff"}]},{"@type":"WebSite","@id":"https:\/\/ostersjostiftelsen.se\/#website","url":"https:\/\/ostersjostiftelsen.se\/","name":"\u00d6stersj\u00f6stiftelsen","description":"Stiftelsen f\u00f6r forskning inom omr\u00e5den med anknytning till \u00d6stersj\u00f6regionen och \u00d6steuropa","potentialAction":[{"@type":"SearchAction","target":{"@type":"EntryPoint","urlTemplate":"https:\/\/ostersjostiftelsen.se\/?s={search_term_string}"},"query-input":{"@type":"PropertyValueSpecification","valueRequired":true,"valueName":"search_term_string"}}],"inLanguage":"en-US"}]}},"_links":{"self":[{"href":"https:\/\/ostersjostiftelsen.se\/en\/wp-json\/wp\/v2\/pages\/1419","targetHints":{"allow":["GET"]}}],"collection":[{"href":"https:\/\/ostersjostiftelsen.se\/en\/wp-json\/wp\/v2\/pages"}],"about":[{"href":"https:\/\/ostersjostiftelsen.se\/en\/wp-json\/wp\/v2\/types\/page"}],"author":[{"embeddable":true,"href":"https:\/\/ostersjostiftelsen.se\/en\/wp-json\/wp\/v2\/users\/1"}],"replies":[{"embeddable":true,"href":"https:\/\/ostersjostiftelsen.se\/en\/wp-json\/wp\/v2\/comments?post=1419"}],"version-history":[{"count":28,"href":"https:\/\/ostersjostiftelsen.se\/en\/wp-json\/wp\/v2\/pages\/1419\/revisions"}],"predecessor-version":[{"id":7148,"href":"https:\/\/ostersjostiftelsen.se\/en\/wp-json\/wp\/v2\/pages\/1419\/revisions\/7148"}],"up":[{"embeddable":true,"href":"https:\/\/ostersjostiftelsen.se\/en\/wp-json\/wp\/v2\/pages\/1478"}],"wp:attachment":[{"href":"https:\/\/ostersjostiftelsen.se\/en\/wp-json\/wp\/v2\/media?parent=1419"}],"curies":[{"name":"wp","href":"https:\/\/api.w.org\/{rel}","templated":true}]}}