{"id":1427,"date":"2020-02-26T16:30:57","date_gmt":"2020-02-26T15:30:57","guid":{"rendered":"https:\/\/ostersjostiftelsen.se\/for-researchers\/research-relevance-for-baltic-sea-region-and-eastern-europe\/"},"modified":"2022-06-29T13:37:20","modified_gmt":"2022-06-29T11:37:20","slug":"research-relevance-for-baltic-sea-region-and-eastern-europe","status":"publish","type":"page","link":"https:\/\/ostersjostiftelsen.se\/en\/for-researchers\/research-relevance-for-baltic-sea-region-and-eastern-europe\/","title":{"rendered":"Relevance to the Baltic Sea Region and Eastern Europe"},"content":{"rendered":"\n<figure class=\"wp-block-image size-large is-resized\"><img loading=\"lazy\" decoding=\"async\" src=\"https:\/\/ostersjostiftelsen.se\/wp-content\/uploads\/2020\/01\/karta3-1024x678.jpg\" alt=\"\" class=\"wp-image-1311\" width=\"508\" height=\"336\" srcset=\"https:\/\/ostersjostiftelsen.se\/wp-content\/uploads\/2020\/01\/karta3-1024x678.jpg 1024w, https:\/\/ostersjostiftelsen.se\/wp-content\/uploads\/2020\/01\/karta3-300x199.jpg 300w, https:\/\/ostersjostiftelsen.se\/wp-content\/uploads\/2020\/01\/karta3-768x509.jpg 768w, https:\/\/ostersjostiftelsen.se\/wp-content\/uploads\/2020\/01\/karta3-241x160.jpg 241w, https:\/\/ostersjostiftelsen.se\/wp-content\/uploads\/2020\/01\/karta3-526x348.jpg 526w, https:\/\/ostersjostiftelsen.se\/wp-content\/uploads\/2020\/01\/karta3-720x477.jpg 720w, https:\/\/ostersjostiftelsen.se\/wp-content\/uploads\/2020\/01\/karta3-960x636.jpg 960w, https:\/\/ostersjostiftelsen.se\/wp-content\/uploads\/2020\/01\/karta3.jpg 1049w\" sizes=\"auto, (max-width: 508px) 100vw, 508px\" \/><\/figure>\n\n\n\n<p>According to the Statutes, research funded by the Foundation must be related to the Baltic Sea Region and Eastern Europe. The \u2018Eastern Europe\u2019 part comprises post-communist Central, South and East Europe. The \u2018Baltic Sea Region\u2019 part is the Baltic Sea itself and the surrounding areas. The Foundation does not fund research relating exclusively to Sweden or Swedish conditions. However, support may be granted for research concerning Sweden, or countries entirely outside the Baltic Sea Region and Eastern Europe, in comparative studies when this is scientifically justified.<\/p>\n\n\n\n<p>For research to be judged as highly relevant to the Baltic Sea Region and Eastern Europe, it must make a concrete contribution to our knowledge of this area. Research that involves collaboration with researchers and research institutions, and with other stakeholders in the Baltic Sea Region and Eastern Europe, is particularly relevant. Research with a more theoretical main question, in which the importance of the Baltic Sea Region or Eastern Europe is not reflected in the main question or the link to the area is indirect, is regarded as less relevant.<\/p>\n\n\n\n<div style=\"height:20px\" aria-hidden=\"true\" class=\"wp-block-spacer\"><\/div>\n\n\n\n<hr class=\"wp-block-separator has-css-opacity is-style-wide\"\/>\n\n\n\n<h2 class=\"has-medium-font-size wp-block-heading\">Countries<\/h2>\n\n\n\n<div class=\"wp-block-columns is-layout-flex wp-container-core-columns-is-layout-9d6595d7 wp-block-columns-is-layout-flex\">\n<div class=\"wp-block-column is-layout-flow wp-block-column-is-layout-flow\">\n<p>Albania <br>Armenia<br>Azerbaijan <br>Belarus <br>Bosnia and Herzegovina<br>Bulgaria<br>Croatia<br>Denmark <br>Estonia <br>Finland <\/p>\n<\/div>\n\n\n\n<div class=\"wp-block-column is-layout-flow wp-block-column-is-layout-flow\">\n<p>Georgia<br>Germany<br>Hungary<br>Kazakhstan<br>Kosovo <br>Latvia <br>Lithuania <br>Moldova<br>Montenegro <br>North Macedonia<br><\/p>\n<\/div>\n\n\n\n<div class=\"wp-block-column is-layout-flow wp-block-column-is-layout-flow\">\n<p>Poland<br>Romania<br>Russia<br>Serbia<br>Slovakia <br>Slovenia <br>Sweden <br>Czech Republic <br>Turkey <br>Ukraine <\/p>\n<\/div>\n<\/div>\n\n\n\n<p><\/p>\n","protected":false},"excerpt":{"rendered":"<p>According to the Statutes, research funded by the Foundation must be related to the Baltic&#8230;<\/p>\n","protected":false},"author":2,"featured_media":0,"parent":1417,"menu_order":0,"comment_status":"closed","ping_status":"closed","template":"","meta":{"_acf_changed":false,"_monsterinsights_skip_tracking":false,"_monsterinsights_sitenote_active":false,"_monsterinsights_sitenote_note":"","_monsterinsights_sitenote_category":0,"footnotes":""},"class_list":["post-1427","page","type-page","status-publish","hentry"],"acf":[],"yoast_head":"<!-- This site is optimized with the Yoast SEO plugin v27.3 - https:\/\/yoast.com\/product\/yoast-seo-wordpress\/ -->\n<title>Relevance to the Baltic Sea Region and Eastern Europe - \u00d6stersj\u00f6stiftelsen<\/title>\n<meta name=\"robots\" content=\"index, follow, max-snippet:-1, max-image-preview:large, max-video-preview:-1\" \/>\n<link rel=\"canonical\" href=\"https:\/\/ostersjostiftelsen.se\/en\/for-researchers\/research-relevance-for-baltic-sea-region-and-eastern-europe\/\" \/>\n<meta property=\"og:locale\" content=\"en_US\" \/>\n<meta property=\"og:type\" content=\"article\" \/>\n<meta property=\"og:title\" content=\"Relevance to the Baltic Sea Region and Eastern Europe - \u00d6stersj\u00f6stiftelsen\" \/>\n<meta property=\"og:description\" content=\"According to the Statutes, research funded by the Foundation must be related to the Baltic...\" \/>\n<meta property=\"og:url\" content=\"https:\/\/ostersjostiftelsen.se\/en\/for-researchers\/research-relevance-for-baltic-sea-region-and-eastern-europe\/\" \/>\n<meta property=\"og:site_name\" content=\"\u00d6stersj\u00f6stiftelsen\" \/>\n<meta property=\"article:modified_time\" content=\"2022-06-29T11:37:20+00:00\" \/>\n<meta property=\"og:image\" content=\"https:\/\/ostersjostiftelsen.se\/wp-content\/uploads\/2020\/01\/karta3-1024x678.jpg\" \/>\n<meta name=\"twitter:card\" content=\"summary_large_image\" \/>\n<meta name=\"twitter:label1\" content=\"Est. reading time\" \/>\n\t<meta name=\"twitter:data1\" content=\"2 minutes\" \/>\n<script type=\"application\/ld+json\" class=\"yoast-schema-graph\">{\"@context\":\"https:\\\/\\\/schema.org\",\"@graph\":[{\"@type\":\"WebPage\",\"@id\":\"https:\\\/\\\/ostersjostiftelsen.se\\\/en\\\/for-researchers\\\/research-relevance-for-baltic-sea-region-and-eastern-europe\\\/\",\"url\":\"https:\\\/\\\/ostersjostiftelsen.se\\\/en\\\/for-researchers\\\/research-relevance-for-baltic-sea-region-and-eastern-europe\\\/\",\"name\":\"Relevance to the Baltic Sea Region and Eastern Europe - \u00d6stersj\u00f6stiftelsen\",\"isPartOf\":{\"@id\":\"https:\\\/\\\/ostersjostiftelsen.se\\\/#website\"},\"primaryImageOfPage\":{\"@id\":\"https:\\\/\\\/ostersjostiftelsen.se\\\/en\\\/for-researchers\\\/research-relevance-for-baltic-sea-region-and-eastern-europe\\\/#primaryimage\"},\"image\":{\"@id\":\"https:\\\/\\\/ostersjostiftelsen.se\\\/en\\\/for-researchers\\\/research-relevance-for-baltic-sea-region-and-eastern-europe\\\/#primaryimage\"},\"thumbnailUrl\":\"https:\\\/\\\/ostersjostiftelsen.se\\\/wp-content\\\/uploads\\\/2020\\\/01\\\/karta3-1024x678.jpg\",\"datePublished\":\"2020-02-26T15:30:57+00:00\",\"dateModified\":\"2022-06-29T11:37:20+00:00\",\"breadcrumb\":{\"@id\":\"https:\\\/\\\/ostersjostiftelsen.se\\\/en\\\/for-researchers\\\/research-relevance-for-baltic-sea-region-and-eastern-europe\\\/#breadcrumb\"},\"inLanguage\":\"en-US\",\"potentialAction\":[{\"@type\":\"ReadAction\",\"target\":[\"https:\\\/\\\/ostersjostiftelsen.se\\\/en\\\/for-researchers\\\/research-relevance-for-baltic-sea-region-and-eastern-europe\\\/\"]}]},{\"@type\":\"ImageObject\",\"inLanguage\":\"en-US\",\"@id\":\"https:\\\/\\\/ostersjostiftelsen.se\\\/en\\\/for-researchers\\\/research-relevance-for-baltic-sea-region-and-eastern-europe\\\/#primaryimage\",\"url\":\"https:\\\/\\\/ostersjostiftelsen.se\\\/wp-content\\\/uploads\\\/2020\\\/01\\\/karta3-1024x678.jpg\",\"contentUrl\":\"https:\\\/\\\/ostersjostiftelsen.se\\\/wp-content\\\/uploads\\\/2020\\\/01\\\/karta3-1024x678.jpg\"},{\"@type\":\"BreadcrumbList\",\"@id\":\"https:\\\/\\\/ostersjostiftelsen.se\\\/en\\\/for-researchers\\\/research-relevance-for-baltic-sea-region-and-eastern-europe\\\/#breadcrumb\",\"itemListElement\":[{\"@type\":\"ListItem\",\"position\":1,\"name\":\"Home\",\"item\":\"https:\\\/\\\/ostersjostiftelsen.se\\\/en\\\/\"},{\"@type\":\"ListItem\",\"position\":2,\"name\":\"For researchers\",\"item\":\"https:\\\/\\\/ostersjostiftelsen.se\\\/en\\\/for-researchers\\\/\"},{\"@type\":\"ListItem\",\"position\":3,\"name\":\"Relevance to the Baltic Sea Region and Eastern Europe\"}]},{\"@type\":\"WebSite\",\"@id\":\"https:\\\/\\\/ostersjostiftelsen.se\\\/#website\",\"url\":\"https:\\\/\\\/ostersjostiftelsen.se\\\/\",\"name\":\"\u00d6stersj\u00f6stiftelsen\",\"description\":\"Stiftelsen f\u00f6r forskning inom omr\u00e5den med anknytning till \u00d6stersj\u00f6regionen och \u00d6steuropa\",\"potentialAction\":[{\"@type\":\"SearchAction\",\"target\":{\"@type\":\"EntryPoint\",\"urlTemplate\":\"https:\\\/\\\/ostersjostiftelsen.se\\\/?s={search_term_string}\"},\"query-input\":{\"@type\":\"PropertyValueSpecification\",\"valueRequired\":true,\"valueName\":\"search_term_string\"}}],\"inLanguage\":\"en-US\"}]}<\/script>\n<!-- \/ Yoast SEO plugin. -->","yoast_head_json":{"title":"Relevance to the Baltic Sea Region and Eastern Europe - \u00d6stersj\u00f6stiftelsen","robots":{"index":"index","follow":"follow","max-snippet":"max-snippet:-1","max-image-preview":"max-image-preview:large","max-video-preview":"max-video-preview:-1"},"canonical":"https:\/\/ostersjostiftelsen.se\/en\/for-researchers\/research-relevance-for-baltic-sea-region-and-eastern-europe\/","og_locale":"en_US","og_type":"article","og_title":"Relevance to the Baltic Sea Region and Eastern Europe - \u00d6stersj\u00f6stiftelsen","og_description":"According to the Statutes, research funded by the Foundation must be related to the Baltic...","og_url":"https:\/\/ostersjostiftelsen.se\/en\/for-researchers\/research-relevance-for-baltic-sea-region-and-eastern-europe\/","og_site_name":"\u00d6stersj\u00f6stiftelsen","article_modified_time":"2022-06-29T11:37:20+00:00","og_image":[{"url":"https:\/\/ostersjostiftelsen.se\/wp-content\/uploads\/2020\/01\/karta3-1024x678.jpg","type":"","width":"","height":""}],"twitter_card":"summary_large_image","twitter_misc":{"Est. reading time":"2 minutes"},"schema":{"@context":"https:\/\/schema.org","@graph":[{"@type":"WebPage","@id":"https:\/\/ostersjostiftelsen.se\/en\/for-researchers\/research-relevance-for-baltic-sea-region-and-eastern-europe\/","url":"https:\/\/ostersjostiftelsen.se\/en\/for-researchers\/research-relevance-for-baltic-sea-region-and-eastern-europe\/","name":"Relevance to the Baltic Sea Region and Eastern Europe - \u00d6stersj\u00f6stiftelsen","isPartOf":{"@id":"https:\/\/ostersjostiftelsen.se\/#website"},"primaryImageOfPage":{"@id":"https:\/\/ostersjostiftelsen.se\/en\/for-researchers\/research-relevance-for-baltic-sea-region-and-eastern-europe\/#primaryimage"},"image":{"@id":"https:\/\/ostersjostiftelsen.se\/en\/for-researchers\/research-relevance-for-baltic-sea-region-and-eastern-europe\/#primaryimage"},"thumbnailUrl":"https:\/\/ostersjostiftelsen.se\/wp-content\/uploads\/2020\/01\/karta3-1024x678.jpg","datePublished":"2020-02-26T15:30:57+00:00","dateModified":"2022-06-29T11:37:20+00:00","breadcrumb":{"@id":"https:\/\/ostersjostiftelsen.se\/en\/for-researchers\/research-relevance-for-baltic-sea-region-and-eastern-europe\/#breadcrumb"},"inLanguage":"en-US","potentialAction":[{"@type":"ReadAction","target":["https:\/\/ostersjostiftelsen.se\/en\/for-researchers\/research-relevance-for-baltic-sea-region-and-eastern-europe\/"]}]},{"@type":"ImageObject","inLanguage":"en-US","@id":"https:\/\/ostersjostiftelsen.se\/en\/for-researchers\/research-relevance-for-baltic-sea-region-and-eastern-europe\/#primaryimage","url":"https:\/\/ostersjostiftelsen.se\/wp-content\/uploads\/2020\/01\/karta3-1024x678.jpg","contentUrl":"https:\/\/ostersjostiftelsen.se\/wp-content\/uploads\/2020\/01\/karta3-1024x678.jpg"},{"@type":"BreadcrumbList","@id":"https:\/\/ostersjostiftelsen.se\/en\/for-researchers\/research-relevance-for-baltic-sea-region-and-eastern-europe\/#breadcrumb","itemListElement":[{"@type":"ListItem","position":1,"name":"Home","item":"https:\/\/ostersjostiftelsen.se\/en\/"},{"@type":"ListItem","position":2,"name":"For researchers","item":"https:\/\/ostersjostiftelsen.se\/en\/for-researchers\/"},{"@type":"ListItem","position":3,"name":"Relevance to the Baltic Sea Region and Eastern Europe"}]},{"@type":"WebSite","@id":"https:\/\/ostersjostiftelsen.se\/#website","url":"https:\/\/ostersjostiftelsen.se\/","name":"\u00d6stersj\u00f6stiftelsen","description":"Stiftelsen f\u00f6r forskning inom omr\u00e5den med anknytning till \u00d6stersj\u00f6regionen och \u00d6steuropa","potentialAction":[{"@type":"SearchAction","target":{"@type":"EntryPoint","urlTemplate":"https:\/\/ostersjostiftelsen.se\/?s={search_term_string}"},"query-input":{"@type":"PropertyValueSpecification","valueRequired":true,"valueName":"search_term_string"}}],"inLanguage":"en-US"}]}},"_links":{"self":[{"href":"https:\/\/ostersjostiftelsen.se\/en\/wp-json\/wp\/v2\/pages\/1427","targetHints":{"allow":["GET"]}}],"collection":[{"href":"https:\/\/ostersjostiftelsen.se\/en\/wp-json\/wp\/v2\/pages"}],"about":[{"href":"https:\/\/ostersjostiftelsen.se\/en\/wp-json\/wp\/v2\/types\/page"}],"author":[{"embeddable":true,"href":"https:\/\/ostersjostiftelsen.se\/en\/wp-json\/wp\/v2\/users\/2"}],"replies":[{"embeddable":true,"href":"https:\/\/ostersjostiftelsen.se\/en\/wp-json\/wp\/v2\/comments?post=1427"}],"version-history":[{"count":10,"href":"https:\/\/ostersjostiftelsen.se\/en\/wp-json\/wp\/v2\/pages\/1427\/revisions"}],"predecessor-version":[{"id":4294,"href":"https:\/\/ostersjostiftelsen.se\/en\/wp-json\/wp\/v2\/pages\/1427\/revisions\/4294"}],"up":[{"embeddable":true,"href":"https:\/\/ostersjostiftelsen.se\/en\/wp-json\/wp\/v2\/pages\/1417"}],"wp:attachment":[{"href":"https:\/\/ostersjostiftelsen.se\/en\/wp-json\/wp\/v2\/media?parent=1427"}],"curies":[{"name":"wp","href":"https:\/\/api.w.org\/{rel}","templated":true}]}}