{"id":1453,"date":"2020-02-27T10:58:45","date_gmt":"2020-02-27T09:58:45","guid":{"rendered":"https:\/\/ostersjostiftelsen.se\/statutes\/"},"modified":"2020-02-28T15:01:28","modified_gmt":"2020-02-28T14:01:28","slug":"statutes","status":"publish","type":"page","link":"https:\/\/ostersjostiftelsen.se\/en\/about-the-foundation\/statutes\/","title":{"rendered":"Statutes"},"content":{"rendered":"\n<p>Statutes of the Foundation for Baltic and East European Studies (\u00d6stersj\u00f6stiftelsen)<\/p>\n\n\n\n<p>Latest amendments under the Swedish Government\u2019s decision of 12 May 2010, no. II:4, with regard to Articles 4\u20136 and 15<\/p>\n\n\n\n<hr class=\"wp-block-separator is-style-wide\"\/>\n\n\n\n<h2 class=\"wp-block-heading\">Purpose<\/h2>\n\n\n\n<p>Article 1. The Foundation, to be named the \u2018Foundation for Baltic and East European Studies\u2019, aims to support research and education in these areas at a new structure for higher education in the southern part of Stockholm region without restrictions to certain disciplines.<\/p>\n\n\n\n<hr class=\"wp-block-separator is-style-wide\"\/>\n\n\n\n<h2 class=\"wp-block-heading\">Endowment<\/h2>\n\n\n\n<p>Article 2. The Foundation\u2019s endowment consists of the funds transferred to the Foundation under the Government\u2019s decision of 23 June 1994, and the funds that may subsequently be transferred to the Foundation as additional foundation capital.<\/p>\n\n\n\n<hr class=\"wp-block-separator is-style-wide\"\/>\n\n\n\n<h2 class=\"wp-block-heading\">Activities<\/h2>\n\n\n\n<p>Article 3. In fulfilling its purpose, the Foundation is to contribute to the establishment and funding of research and research education in the southern part of the Stockholm region and the associated academic infrastructure. The Foundation should stay fully informed about the work of the 1994 Stockholm Committee (U 1994:05).<\/p>\n\n\n\n<hr class=\"wp-block-separator is-style-wide\"\/>\n\n\n\n<h2 class=\"wp-block-heading\">Board<\/h2>\n\n\n\n<p>Article 4. The Foundation\u2019s affairs are handled by a Board of nine members.\r\nTwo members are appointed by the Government. At least one of the Government-appointed members must have financial expertise relevant to the Board\u2019s work.<\/p>\n\n\n\n<p>The other members are appointed by the Board as follows:<\/p>\n\n\n\n<ol class=\"wp-block-list\"><li>Two members are appointed on the proposal of the heads of the following Swedish agencies: the Swedish Research Council (Vetenskapsr\u00e5det); the Research Council for Health, Working Life and Welfare (Forskningsr\u00e5det f\u00f6r arbetsliv och socialvetenskap); the Research Council for the Environment, Agricultural Sciences and Spatial Planning (Forskningsr\u00e5det f\u00f6r milj\u00f6, areella n\u00e4ringa och samh\u00e4llsbyggande); and Sweden\u2019s Innovation Agency (Verket f\u00f6r innovationssystem).<\/li><li>Two members are appointed on the proposal by higher education institutions.<\/li><li>Two members are appointed on the proposal by the Royal Swedish Academy of Sciences (Kungl. Vetenskapsakademien)<\/li><li>One member is appointed by the Board.<\/li><\/ol>\n\n\n\n<p>\nBefore proposing Board members, the proposers listed in 1\u20133 must consult with one another for the purpose of attaining an all-round Board composition in terms of expertise and gender.<\/p>\n\n\n\n<p>The term of office for Board members is three years, which may be extended for a further term. If a Board member resigns during the term of office, a new member is proposed for the remainder of the term. The new member is proposed and appointed in the same way as the member she\/he is replacing.<\/p>\n\n\n\n<p>Members appointed by the Government are dismissed by the Government. Other members are dismissed by the Board.<\/p>\n\n\n\n<p>Article 5. The Board appoints the Chair and Vice Chair from among its own members.<\/p>\n\n\n\n<p>Article 6. The Board is based in Stockholm. The Board meets when convened by the Chair or when at least three members so request. However, pursuant to Article 4, second paragraph, when the Board decides to appoint Board members for an upcoming term, the Board must simultaneously decide to convene the newly elected Board for an initial meeting. The Board are decisional when more than half of the members are present, including the Chair or, if she\/he is absent, the Vice Chair. Minutes must be kept at Board meetings.<\/p>\n\n\n\n<hr class=\"wp-block-separator is-style-wide\"\/>\n\n\n\n<h2 class=\"wp-block-heading\">Decision-making procedure<\/h2>\n\n\n\n<p>Article 7. Decisions are taken by a simple majority, except in cases specified in Article 8. In the event of equal voting, the Chair has the deciding vote.<\/p>\n\n\n\n<p>Article 8. For a decision on an application for permutation of the Deed of Foundation, or implementation of a change in accordance with a permutation decision, at least three- quarters of all the Board members must agree to the decision.<\/p>\n\n\n\n<hr class=\"wp-block-separator is-style-wide\"\/>\n\n\n\n<h2 class=\"wp-block-heading\">Asset management etc.<\/h2>\n\n\n\n<p>Article 9. The Board is responsible for ensuring that the Foundation\u2019s assets are managed safely, in such a way as to limit the risks and make use of the scope for good returns.<\/p>\n\n\n\n<p>Article 10. The Foundation\u2019s capital may not be used up.<\/p>\n\n\n\n<p>Article 11. The Foundation may take out a loan from a credit institution to meet temporary liquidity needs.<\/p>\n\n\n\n<p>Authorisation to represent the Foundation<\/p>\n\n\n\n<p>Article 12. The Foundation\u2019s transactions are signed for by the Board or the person(s) appointed by the Board.<\/p>\n\n\n\n<hr class=\"wp-block-separator is-style-wide\"\/>\n\n\n\n<h2 class=\"wp-block-heading\">Accounting and auditing<\/h2>\n\n\n\n<p>Article 13. The Foundation must keep accounts in accordance with the provisions of the Swedish Accounting Act. The Foundation\u2019s financial year is the calendar year. The Board determines the budget for the following financial year.<\/p>\n\n\n\n<p>Article 14. The Foundation must prepare, for each financial year, an annual report based on the annual financial statements. The annual report must consist of an income statement, a balance sheet and an administration report that, in addition to the customary information, contains particulars of how the Foundation\u2019s objectives were met during the financial year.<\/p>\n\n\n\n<p>Article 15. The Foundation\u2019s accounts and annual report, and also the Board\u2019s management must be examined by two auditors, of which at least one must be an authorised accountant. There must be personal deputies for the auditors.<\/p>\n\n\n\n<p>Pursuant to Chapter 4, Section 1, fourth paragraph (1994:1220), compared with article 2, point 5 (2002:1022), the Swedish National Audit Office may appoint one or more auditors to participate in the audit jointly with other auditors.\r\n\r\nArticle 16. The Foundation must provide the auditors with the annual report to examine no later than four months after the end of the financial year.<\/p>\n\n\n\n<p>Article 17. If the auditors prescribed in the first paragraph of Article 15 so request, the Board must be convened.<\/p>\n\n\n\n<p>Article 18. After the audit has been completed, the Foundation must submit copies of the annual report and the audit report to the Government.<\/p>\n\n\n\n<hr class=\"wp-block-separator is-style-wide\"\/>\n\n\n\n<h2 class=\"wp-block-heading\">Evaluation etc.<\/h2>\n\n\n\n<p>Article 19. The Royal Swedish Academy of Sciences is entitled to review the Foundation\u2019s activities.<\/p>\n\n\n\n<p>Article 20. The Foundation will ensure that activities supported by the Foundation are evaluated regularly.<\/p>\n\n\n\n<p>Annually, the Foundation will publish and make readily accessible a report on the activities undertaken.<\/p>\n\n\n\n<hr class=\"wp-block-separator is-style-wide\"\/>\n\n\n\n<h2 class=\"wp-block-heading\">Supervision<\/h2>\n\n\n\n<p>Article 21. The Foundation is exempt from supervision under the Swedish Act (1929:116) on supervision of foundations.<\/p>\n","protected":false},"excerpt":{"rendered":"<p>Statutes of the Foundation for Baltic and East European Studies (\u00d6stersj\u00f6stiftelsen) Latest amendments under the&#8230;<\/p>\n","protected":false},"author":1,"featured_media":0,"parent":1478,"menu_order":0,"comment_status":"closed","ping_status":"closed","template":"","meta":{"_acf_changed":false,"_monsterinsights_skip_tracking":false,"_monsterinsights_sitenote_active":false,"_monsterinsights_sitenote_note":"","_monsterinsights_sitenote_category":0,"footnotes":""},"class_list":["post-1453","page","type-page","status-publish","hentry"],"acf":[],"yoast_head":"<!-- This site is optimized with the Yoast SEO plugin v27.3 - https:\/\/yoast.com\/product\/yoast-seo-wordpress\/ -->\n<title>Statutes - \u00d6stersj\u00f6stiftelsen<\/title>\n<meta name=\"robots\" content=\"index, follow, max-snippet:-1, max-image-preview:large, max-video-preview:-1\" \/>\n<link rel=\"canonical\" href=\"https:\/\/ostersjostiftelsen.se\/en\/about-the-foundation\/statutes\/\" \/>\n<meta property=\"og:locale\" content=\"en_US\" \/>\n<meta property=\"og:type\" content=\"article\" \/>\n<meta property=\"og:title\" content=\"Statutes - \u00d6stersj\u00f6stiftelsen\" \/>\n<meta property=\"og:description\" content=\"Statutes of the Foundation for Baltic and East European Studies (\u00d6stersj\u00f6stiftelsen) Latest amendments under the...\" \/>\n<meta property=\"og:url\" content=\"https:\/\/ostersjostiftelsen.se\/en\/about-the-foundation\/statutes\/\" \/>\n<meta property=\"og:site_name\" content=\"\u00d6stersj\u00f6stiftelsen\" \/>\n<meta property=\"article:modified_time\" content=\"2020-02-28T14:01:28+00:00\" \/>\n<meta name=\"twitter:card\" content=\"summary_large_image\" \/>\n<meta name=\"twitter:label1\" content=\"Est. reading time\" \/>\n\t<meta name=\"twitter:data1\" content=\"5 minutes\" \/>\n<script type=\"application\/ld+json\" class=\"yoast-schema-graph\">{\"@context\":\"https:\\\/\\\/schema.org\",\"@graph\":[{\"@type\":\"WebPage\",\"@id\":\"https:\\\/\\\/ostersjostiftelsen.se\\\/en\\\/about-the-foundation\\\/statutes\\\/\",\"url\":\"https:\\\/\\\/ostersjostiftelsen.se\\\/en\\\/about-the-foundation\\\/statutes\\\/\",\"name\":\"Statutes - \u00d6stersj\u00f6stiftelsen\",\"isPartOf\":{\"@id\":\"https:\\\/\\\/ostersjostiftelsen.se\\\/#website\"},\"datePublished\":\"2020-02-27T09:58:45+00:00\",\"dateModified\":\"2020-02-28T14:01:28+00:00\",\"breadcrumb\":{\"@id\":\"https:\\\/\\\/ostersjostiftelsen.se\\\/en\\\/about-the-foundation\\\/statutes\\\/#breadcrumb\"},\"inLanguage\":\"en-US\",\"potentialAction\":[{\"@type\":\"ReadAction\",\"target\":[\"https:\\\/\\\/ostersjostiftelsen.se\\\/en\\\/about-the-foundation\\\/statutes\\\/\"]}]},{\"@type\":\"BreadcrumbList\",\"@id\":\"https:\\\/\\\/ostersjostiftelsen.se\\\/en\\\/about-the-foundation\\\/statutes\\\/#breadcrumb\",\"itemListElement\":[{\"@type\":\"ListItem\",\"position\":1,\"name\":\"Home\",\"item\":\"https:\\\/\\\/ostersjostiftelsen.se\\\/en\\\/\"},{\"@type\":\"ListItem\",\"position\":2,\"name\":\"About the Foundation\",\"item\":\"https:\\\/\\\/ostersjostiftelsen.se\\\/en\\\/about-the-foundation\\\/\"},{\"@type\":\"ListItem\",\"position\":3,\"name\":\"Statutes\"}]},{\"@type\":\"WebSite\",\"@id\":\"https:\\\/\\\/ostersjostiftelsen.se\\\/#website\",\"url\":\"https:\\\/\\\/ostersjostiftelsen.se\\\/\",\"name\":\"\u00d6stersj\u00f6stiftelsen\",\"description\":\"Stiftelsen f\u00f6r forskning inom omr\u00e5den med anknytning till \u00d6stersj\u00f6regionen och \u00d6steuropa\",\"potentialAction\":[{\"@type\":\"SearchAction\",\"target\":{\"@type\":\"EntryPoint\",\"urlTemplate\":\"https:\\\/\\\/ostersjostiftelsen.se\\\/?s={search_term_string}\"},\"query-input\":{\"@type\":\"PropertyValueSpecification\",\"valueRequired\":true,\"valueName\":\"search_term_string\"}}],\"inLanguage\":\"en-US\"}]}<\/script>\n<!-- \/ Yoast SEO plugin. -->","yoast_head_json":{"title":"Statutes - \u00d6stersj\u00f6stiftelsen","robots":{"index":"index","follow":"follow","max-snippet":"max-snippet:-1","max-image-preview":"max-image-preview:large","max-video-preview":"max-video-preview:-1"},"canonical":"https:\/\/ostersjostiftelsen.se\/en\/about-the-foundation\/statutes\/","og_locale":"en_US","og_type":"article","og_title":"Statutes - \u00d6stersj\u00f6stiftelsen","og_description":"Statutes of the Foundation for Baltic and East European Studies (\u00d6stersj\u00f6stiftelsen) Latest amendments under the...","og_url":"https:\/\/ostersjostiftelsen.se\/en\/about-the-foundation\/statutes\/","og_site_name":"\u00d6stersj\u00f6stiftelsen","article_modified_time":"2020-02-28T14:01:28+00:00","twitter_card":"summary_large_image","twitter_misc":{"Est. reading time":"5 minutes"},"schema":{"@context":"https:\/\/schema.org","@graph":[{"@type":"WebPage","@id":"https:\/\/ostersjostiftelsen.se\/en\/about-the-foundation\/statutes\/","url":"https:\/\/ostersjostiftelsen.se\/en\/about-the-foundation\/statutes\/","name":"Statutes - \u00d6stersj\u00f6stiftelsen","isPartOf":{"@id":"https:\/\/ostersjostiftelsen.se\/#website"},"datePublished":"2020-02-27T09:58:45+00:00","dateModified":"2020-02-28T14:01:28+00:00","breadcrumb":{"@id":"https:\/\/ostersjostiftelsen.se\/en\/about-the-foundation\/statutes\/#breadcrumb"},"inLanguage":"en-US","potentialAction":[{"@type":"ReadAction","target":["https:\/\/ostersjostiftelsen.se\/en\/about-the-foundation\/statutes\/"]}]},{"@type":"BreadcrumbList","@id":"https:\/\/ostersjostiftelsen.se\/en\/about-the-foundation\/statutes\/#breadcrumb","itemListElement":[{"@type":"ListItem","position":1,"name":"Home","item":"https:\/\/ostersjostiftelsen.se\/en\/"},{"@type":"ListItem","position":2,"name":"About the Foundation","item":"https:\/\/ostersjostiftelsen.se\/en\/about-the-foundation\/"},{"@type":"ListItem","position":3,"name":"Statutes"}]},{"@type":"WebSite","@id":"https:\/\/ostersjostiftelsen.se\/#website","url":"https:\/\/ostersjostiftelsen.se\/","name":"\u00d6stersj\u00f6stiftelsen","description":"Stiftelsen f\u00f6r forskning inom omr\u00e5den med anknytning till \u00d6stersj\u00f6regionen och \u00d6steuropa","potentialAction":[{"@type":"SearchAction","target":{"@type":"EntryPoint","urlTemplate":"https:\/\/ostersjostiftelsen.se\/?s={search_term_string}"},"query-input":{"@type":"PropertyValueSpecification","valueRequired":true,"valueName":"search_term_string"}}],"inLanguage":"en-US"}]}},"_links":{"self":[{"href":"https:\/\/ostersjostiftelsen.se\/en\/wp-json\/wp\/v2\/pages\/1453","targetHints":{"allow":["GET"]}}],"collection":[{"href":"https:\/\/ostersjostiftelsen.se\/en\/wp-json\/wp\/v2\/pages"}],"about":[{"href":"https:\/\/ostersjostiftelsen.se\/en\/wp-json\/wp\/v2\/types\/page"}],"author":[{"embeddable":true,"href":"https:\/\/ostersjostiftelsen.se\/en\/wp-json\/wp\/v2\/users\/1"}],"replies":[{"embeddable":true,"href":"https:\/\/ostersjostiftelsen.se\/en\/wp-json\/wp\/v2\/comments?post=1453"}],"version-history":[{"count":2,"href":"https:\/\/ostersjostiftelsen.se\/en\/wp-json\/wp\/v2\/pages\/1453\/revisions"}],"predecessor-version":[{"id":1511,"href":"https:\/\/ostersjostiftelsen.se\/en\/wp-json\/wp\/v2\/pages\/1453\/revisions\/1511"}],"up":[{"embeddable":true,"href":"https:\/\/ostersjostiftelsen.se\/en\/wp-json\/wp\/v2\/pages\/1478"}],"wp:attachment":[{"href":"https:\/\/ostersjostiftelsen.se\/en\/wp-json\/wp\/v2\/media?parent=1453"}],"curies":[{"name":"wp","href":"https:\/\/api.w.org\/{rel}","templated":true}]}}