{"id":1472,"date":"2020-02-28T10:50:55","date_gmt":"2020-02-28T09:50:55","guid":{"rendered":"https:\/\/ostersjostiftelsen.se\/for-researchers\/extension-of-the-grant-period\/"},"modified":"2026-02-25T16:19:56","modified_gmt":"2026-02-25T15:19:56","slug":"extension-of-the-grant-period","status":"publish","type":"page","link":"https:\/\/ostersjostiftelsen.se\/en\/for-researchers\/extension-of-the-grant-period\/","title":{"rendered":"Changes in an ongoing project"},"content":{"rendered":"\n<h2 class=\"wp-block-heading\">Extension of the grant availability period<\/h2>\n\n\n\n<p>Applications for an extension of the grant availability period should be addressed to the Foundation\u2019s secretariat. A grant recipient is entitled to an extended grant availability period if the project manager has been prevented by illness, parental leave, service in the Armed Forces or trade-union or political office from completing his or her research. Grant availability period can also be extended in the event of particular circumstances outside the applicant\u2019s control that have affected the possibility to complete the project within the appointed time.<\/p>\n\n\n\n<p>The application for an extended grant availability period must be submitted to the Foundation by e-mail by the project manager, with the grant administrator\u2019s support. An application for extension must specify the particular reasons why as well as a plan for how and when completion of the research project is intended to take place. Always use the form for application for change available at the bottom of the page.<\/p>\n\n\n\n<hr class=\"wp-block-separator has-alpha-channel-opacity is-style-wide\"\/>\n\n\n\n<h2 class=\"wp-block-heading\">Changes in the project budget<\/h2>\n\n\n\n<p>Reallocation of funds between budget lines is allowed up to:<\/p>\n\n\n\n<ul class=\"wp-block-list\">\n<li>For projects: SEK 300,000 <\/li>\n\n\n\n<li>For postdoc projects: SEK 250,000<\/li>\n\n\n\n<li>For grand projects: SEK 1,250,000<\/li>\n<\/ul>\n\n\n\n<p>The amounts refer to the whole project period.<\/p>\n\n\n\n<p>For larger changes in the project&#8217;s budget (reallocation above the specified amounts), an application for reallocation of funds must be submitted to the Foundation&#8217;s secretariat. Always use the form for application for change available at the bottom of the page.<\/p>\n\n\n\n<p>Changes in the budget should always be described in the reporting back to the Foundation.<\/p>\n\n\n\n<hr class=\"wp-block-separator has-alpha-channel-opacity is-style-wide\"\/>\n\n\n\n<h2 class=\"wp-block-heading\">Other changes in an ongoing project<\/h2>\n\n\n\n<p>In case if larger changes in a project are needed, such as<\/p>\n\n\n\n<ul class=\"wp-block-list\">\n<li>Changes of scientific character<\/li>\n\n\n\n<li>Change of project manager or project participant<\/li>\n<\/ul>\n\n\n\n<p>An application for change must be submitted to the Foundation&#8217;s secretariat. Always use the form for application for change available at the bottom of the page.<\/p>\n\n\n\n<hr class=\"wp-block-separator has-alpha-channel-opacity is-style-wide\"\/>\n\n\n\n<h2 class=\"wp-block-heading\">New contact details<\/h2>\n\n\n\n<p>Notify the Foundation\u2019s secretariat in case of changed contact information.<\/p>\n\n\n\n<div style=\"height:40px\" aria-hidden=\"true\" class=\"wp-block-spacer\"><\/div>\n\n\n\n<div class=\"wp-block-group has-light-gray-background-color has-background\"><div class=\"wp-block-group__inner-container is-layout-flow wp-block-group-is-layout-flow\">\n<h2 class=\"wp-block-heading has-large-font-size\">Contact <\/h2>\n\n\n\n<p>Send your application for change to or contact in case of questions: Zofia Makowska K\u00e4nng\u00e5rd, <a href=\"mailto:zofia.makowska@ostersjostiftelsen.se\"><\/a><a href=\"mailto:zofia.makowska@ostersjostiftelsen.se\">zofia.makowska@ostersjostiftelsen.se<\/a>.<\/p>\n<\/div><\/div>\n\n\n\n<div style=\"height:30px\" aria-hidden=\"true\" class=\"wp-block-spacer\"><\/div>\n","protected":false},"excerpt":{"rendered":"<p>Extension of the grant availability period Applications for an extension of the grant availability period&#8230;<\/p>\n","protected":false},"author":1,"featured_media":0,"parent":1417,"menu_order":0,"comment_status":"closed","ping_status":"closed","template":"","meta":{"_acf_changed":false,"_monsterinsights_skip_tracking":false,"_monsterinsights_sitenote_active":false,"_monsterinsights_sitenote_note":"","_monsterinsights_sitenote_category":0,"footnotes":""},"class_list":["post-1472","page","type-page","status-publish","hentry"],"acf":[],"yoast_head":"<!-- This site is optimized with the Yoast SEO plugin v27.3 - https:\/\/yoast.com\/product\/yoast-seo-wordpress\/ -->\n<title>Changes in an ongoing project - \u00d6stersj\u00f6stiftelsen<\/title>\n<meta name=\"robots\" content=\"index, follow, max-snippet:-1, max-image-preview:large, max-video-preview:-1\" \/>\n<link rel=\"canonical\" href=\"https:\/\/ostersjostiftelsen.se\/en\/for-researchers\/extension-of-the-grant-period\/\" \/>\n<meta property=\"og:locale\" content=\"en_US\" \/>\n<meta property=\"og:type\" content=\"article\" \/>\n<meta property=\"og:title\" content=\"Changes in an ongoing project - \u00d6stersj\u00f6stiftelsen\" \/>\n<meta property=\"og:description\" content=\"Extension of the grant availability period Applications for an extension of the grant availability period...\" \/>\n<meta property=\"og:url\" content=\"https:\/\/ostersjostiftelsen.se\/en\/for-researchers\/extension-of-the-grant-period\/\" \/>\n<meta property=\"og:site_name\" content=\"\u00d6stersj\u00f6stiftelsen\" \/>\n<meta property=\"article:modified_time\" content=\"2026-02-25T15:19:56+00:00\" \/>\n<meta name=\"twitter:card\" content=\"summary_large_image\" \/>\n<meta name=\"twitter:label1\" content=\"Est. reading time\" \/>\n\t<meta name=\"twitter:data1\" content=\"2 minutes\" \/>\n<script type=\"application\/ld+json\" class=\"yoast-schema-graph\">{\"@context\":\"https:\\\/\\\/schema.org\",\"@graph\":[{\"@type\":\"WebPage\",\"@id\":\"https:\\\/\\\/ostersjostiftelsen.se\\\/en\\\/for-researchers\\\/extension-of-the-grant-period\\\/\",\"url\":\"https:\\\/\\\/ostersjostiftelsen.se\\\/en\\\/for-researchers\\\/extension-of-the-grant-period\\\/\",\"name\":\"Changes in an ongoing project - \u00d6stersj\u00f6stiftelsen\",\"isPartOf\":{\"@id\":\"https:\\\/\\\/ostersjostiftelsen.se\\\/#website\"},\"datePublished\":\"2020-02-28T09:50:55+00:00\",\"dateModified\":\"2026-02-25T15:19:56+00:00\",\"breadcrumb\":{\"@id\":\"https:\\\/\\\/ostersjostiftelsen.se\\\/en\\\/for-researchers\\\/extension-of-the-grant-period\\\/#breadcrumb\"},\"inLanguage\":\"en-US\",\"potentialAction\":[{\"@type\":\"ReadAction\",\"target\":[\"https:\\\/\\\/ostersjostiftelsen.se\\\/en\\\/for-researchers\\\/extension-of-the-grant-period\\\/\"]}]},{\"@type\":\"BreadcrumbList\",\"@id\":\"https:\\\/\\\/ostersjostiftelsen.se\\\/en\\\/for-researchers\\\/extension-of-the-grant-period\\\/#breadcrumb\",\"itemListElement\":[{\"@type\":\"ListItem\",\"position\":1,\"name\":\"Home\",\"item\":\"https:\\\/\\\/ostersjostiftelsen.se\\\/en\\\/\"},{\"@type\":\"ListItem\",\"position\":2,\"name\":\"For researchers\",\"item\":\"https:\\\/\\\/ostersjostiftelsen.se\\\/en\\\/for-researchers\\\/\"},{\"@type\":\"ListItem\",\"position\":3,\"name\":\"Changes in an ongoing project\"}]},{\"@type\":\"WebSite\",\"@id\":\"https:\\\/\\\/ostersjostiftelsen.se\\\/#website\",\"url\":\"https:\\\/\\\/ostersjostiftelsen.se\\\/\",\"name\":\"\u00d6stersj\u00f6stiftelsen\",\"description\":\"Stiftelsen f\u00f6r forskning inom omr\u00e5den med anknytning till \u00d6stersj\u00f6regionen och \u00d6steuropa\",\"potentialAction\":[{\"@type\":\"SearchAction\",\"target\":{\"@type\":\"EntryPoint\",\"urlTemplate\":\"https:\\\/\\\/ostersjostiftelsen.se\\\/?s={search_term_string}\"},\"query-input\":{\"@type\":\"PropertyValueSpecification\",\"valueRequired\":true,\"valueName\":\"search_term_string\"}}],\"inLanguage\":\"en-US\"}]}<\/script>\n<!-- \/ Yoast SEO plugin. -->","yoast_head_json":{"title":"Changes in an ongoing project - \u00d6stersj\u00f6stiftelsen","robots":{"index":"index","follow":"follow","max-snippet":"max-snippet:-1","max-image-preview":"max-image-preview:large","max-video-preview":"max-video-preview:-1"},"canonical":"https:\/\/ostersjostiftelsen.se\/en\/for-researchers\/extension-of-the-grant-period\/","og_locale":"en_US","og_type":"article","og_title":"Changes in an ongoing project - \u00d6stersj\u00f6stiftelsen","og_description":"Extension of the grant availability period Applications for an extension of the grant availability period...","og_url":"https:\/\/ostersjostiftelsen.se\/en\/for-researchers\/extension-of-the-grant-period\/","og_site_name":"\u00d6stersj\u00f6stiftelsen","article_modified_time":"2026-02-25T15:19:56+00:00","twitter_card":"summary_large_image","twitter_misc":{"Est. reading time":"2 minutes"},"schema":{"@context":"https:\/\/schema.org","@graph":[{"@type":"WebPage","@id":"https:\/\/ostersjostiftelsen.se\/en\/for-researchers\/extension-of-the-grant-period\/","url":"https:\/\/ostersjostiftelsen.se\/en\/for-researchers\/extension-of-the-grant-period\/","name":"Changes in an ongoing project - \u00d6stersj\u00f6stiftelsen","isPartOf":{"@id":"https:\/\/ostersjostiftelsen.se\/#website"},"datePublished":"2020-02-28T09:50:55+00:00","dateModified":"2026-02-25T15:19:56+00:00","breadcrumb":{"@id":"https:\/\/ostersjostiftelsen.se\/en\/for-researchers\/extension-of-the-grant-period\/#breadcrumb"},"inLanguage":"en-US","potentialAction":[{"@type":"ReadAction","target":["https:\/\/ostersjostiftelsen.se\/en\/for-researchers\/extension-of-the-grant-period\/"]}]},{"@type":"BreadcrumbList","@id":"https:\/\/ostersjostiftelsen.se\/en\/for-researchers\/extension-of-the-grant-period\/#breadcrumb","itemListElement":[{"@type":"ListItem","position":1,"name":"Home","item":"https:\/\/ostersjostiftelsen.se\/en\/"},{"@type":"ListItem","position":2,"name":"For researchers","item":"https:\/\/ostersjostiftelsen.se\/en\/for-researchers\/"},{"@type":"ListItem","position":3,"name":"Changes in an ongoing project"}]},{"@type":"WebSite","@id":"https:\/\/ostersjostiftelsen.se\/#website","url":"https:\/\/ostersjostiftelsen.se\/","name":"\u00d6stersj\u00f6stiftelsen","description":"Stiftelsen f\u00f6r forskning inom omr\u00e5den med anknytning till \u00d6stersj\u00f6regionen och \u00d6steuropa","potentialAction":[{"@type":"SearchAction","target":{"@type":"EntryPoint","urlTemplate":"https:\/\/ostersjostiftelsen.se\/?s={search_term_string}"},"query-input":{"@type":"PropertyValueSpecification","valueRequired":true,"valueName":"search_term_string"}}],"inLanguage":"en-US"}]}},"_links":{"self":[{"href":"https:\/\/ostersjostiftelsen.se\/en\/wp-json\/wp\/v2\/pages\/1472","targetHints":{"allow":["GET"]}}],"collection":[{"href":"https:\/\/ostersjostiftelsen.se\/en\/wp-json\/wp\/v2\/pages"}],"about":[{"href":"https:\/\/ostersjostiftelsen.se\/en\/wp-json\/wp\/v2\/types\/page"}],"author":[{"embeddable":true,"href":"https:\/\/ostersjostiftelsen.se\/en\/wp-json\/wp\/v2\/users\/1"}],"replies":[{"embeddable":true,"href":"https:\/\/ostersjostiftelsen.se\/en\/wp-json\/wp\/v2\/comments?post=1472"}],"version-history":[{"count":23,"href":"https:\/\/ostersjostiftelsen.se\/en\/wp-json\/wp\/v2\/pages\/1472\/revisions"}],"predecessor-version":[{"id":7172,"href":"https:\/\/ostersjostiftelsen.se\/en\/wp-json\/wp\/v2\/pages\/1472\/revisions\/7172"}],"up":[{"embeddable":true,"href":"https:\/\/ostersjostiftelsen.se\/en\/wp-json\/wp\/v2\/pages\/1417"}],"wp:attachment":[{"href":"https:\/\/ostersjostiftelsen.se\/en\/wp-json\/wp\/v2\/media?parent=1472"}],"curies":[{"name":"wp","href":"https:\/\/api.w.org\/{rel}","templated":true}]}}