{"id":1474,"date":"2020-02-28T10:54:41","date_gmt":"2020-02-28T09:54:41","guid":{"rendered":"https:\/\/ostersjostiftelsen.se\/researchers\/application-for-research-funding\/"},"modified":"2025-11-03T13:09:16","modified_gmt":"2025-11-03T12:09:16","slug":"application-for-research-funding","status":"publish","type":"page","link":"https:\/\/ostersjostiftelsen.se\/en\/application-for-research-funding\/","title":{"rendered":"Application for research funding"},"content":{"rendered":"\n<p>The Foundation for Baltic and East European Studies announces calls for two- and three-year projects, postdoctoral projects, grand projects, research networks, conference grants and publication grants. Grants can be applied for by individual researchers or groups of researchers.<\/p>\n\n\n\n<p>The researchers are free to formulate their own research questions, however, it needs to be relevant to the Baltic Sea Region and Eastern Europe. <\/p>\n\n\n\n<div style=\"height:20px\" aria-hidden=\"true\" class=\"wp-block-spacer\"><\/div>\n\n\n\n<div class=\"wp-block-group has-light-gray-background-color has-background\"><div class=\"wp-block-group__inner-container is-layout-flow wp-block-group-is-layout-flow\">\n<p><strong>Applications for funding are submitted in <a href=\"https:\/\/apply.se\/ostersjostiftelsen\" target=\"_blank\" rel=\"noreferrer noopener\">the Foundation\u2019s application system<\/a>. There you can also see your former applications and submit final reports for ongoing projects. <\/strong><\/p>\n<\/div><\/div>\n\n\n\n<div style=\"height:30px\" aria-hidden=\"true\" class=\"wp-block-spacer\"><\/div>\n\n\n\n<h2 class=\"wp-block-heading has-large-font-size\">Overview of the Foundation\u2019s forms of support<\/h2>\n\n\n\n<div style=\"height:20px\" aria-hidden=\"true\" class=\"wp-block-spacer\"><\/div>\n\n\n\n<figure class=\"wp-block-table\"><table><thead><tr><td><strong>Form of support<\/strong><\/td><td class=\"has-text-align-center\" data-align=\"center\"><strong>Two- and three-year projects<\/strong><\/td><td class=\"has-text-align-center\" data-align=\"center\"><strong>Postdoctoral projects<\/strong><\/td><th class=\"has-text-align-center\" data-align=\"center\">Grand projects<\/th><td class=\"has-text-align-center\" data-align=\"center\"><strong>Research networks<\/strong><\/td><td class=\"has-text-align-center\" data-align=\"center\"><strong>Conference grants<\/strong><\/td><td class=\"has-text-align-center\" data-align=\"center\"><strong>Publication grants<\/strong><\/td><\/tr><\/thead><tbody><tr><td><strong>Funding for<\/strong><\/td><td class=\"has-text-align-center\" data-align=\"center\">research<\/td><td class=\"has-text-align-center\" data-align=\"center\">research<\/td><td class=\"has-text-align-center\" data-align=\"center\">research<\/td><td class=\"has-text-align-center\" data-align=\"center\">networking<\/td><td class=\"has-text-align-center\" data-align=\"center\">a conference<\/td><td class=\"has-text-align-center\" data-align=\"center\">a publication<\/td><\/tr><tr><td><strong>Eligible to apply by<\/strong><\/td><td class=\"has-text-align-center\" data-align=\"center\">an individual researcher or small group of researchers<\/td><td class=\"has-text-align-center\" data-align=\"center\">an individual researcher, up to three years after obtaining a doctorate, <br>a PhD student due to obtain the doctorate before project start<\/td><td class=\"has-text-align-center\" data-align=\"center\">a group of at least four researchers, with strong international element in the research group<\/td><td class=\"has-text-align-center\" data-align=\"center\">a group of researchers, preferably with a majority  coming from research environments outside Sweden<\/td><td class=\"has-text-align-center\" data-align=\"center\">an individual researcher<\/td><td class=\"has-text-align-center\" data-align=\"center\">a former project manager with funding from the Foundation (up to 3 years after final reporting)<\/td><\/tr><tr><td><strong>Project period<\/strong><\/td><td class=\"has-text-align-center\" data-align=\"center\">2 or 3 years<\/td><td class=\"has-text-align-center\" data-align=\"center\">2 years<\/td><td class=\"has-text-align-center\" data-align=\"center\">4 or 5 years<\/td><td class=\"has-text-align-center\" data-align=\"center\">1 year<\/td><td class=\"has-text-align-center\" data-align=\"center\">1 year<\/td><td class=\"has-text-align-center\" data-align=\"center\">1 year<\/td><\/tr><tr><td><strong>Recurring<\/strong><\/td><td class=\"has-text-align-center\" data-align=\"center\">annually<\/td><td class=\"has-text-align-center\" data-align=\"center\">annually<\/td><td class=\"has-text-align-center\" data-align=\"center\">biannually<\/td><td class=\"has-text-align-center\" data-align=\"center\">twice a year<\/td><td class=\"has-text-align-center\" data-align=\"center\">twice a year<\/td><td class=\"has-text-align-center\" data-align=\"center\">twice a year<\/td><\/tr><tr><td><strong>An additional year of grant availability is added to the project period<\/strong><\/td><td class=\"has-text-align-center\" data-align=\"center\">yes<\/td><td class=\"has-text-align-center\" data-align=\"center\">yes<\/td><td class=\"has-text-align-center\" data-align=\"center\">yes<\/td><td class=\"has-text-align-center\" data-align=\"center\">no<\/td><td class=\"has-text-align-center\" data-align=\"center\">no<\/td><td class=\"has-text-align-center\" data-align=\"center\">no<\/td><\/tr><tr><td><strong>Maximal amount of the grant<\/strong><\/td><td class=\"has-text-align-center\" data-align=\"center\">max. SEK<br>6 million for a three-year project,<br>max. SEK<br>4 million for a two-year project<\/td><td class=\"has-text-align-center\" data-align=\"center\">salary funding may cover 80\u2013100% of a full-time annual position<\/td><td class=\"has-text-align-center\" data-align=\"center\">max. SEK<br>25 million for a five-year project,<br>max. SEK<br>20 million for a four-year project<\/td><td class=\"has-text-align-center\" data-align=\"center\">max. SEK 250,000<\/td><td class=\"has-text-align-center\" data-align=\"center\">max. SEK 250,000<\/td><td class=\"has-text-align-center\" data-align=\"center\">max. SEK 250,000<\/td><\/tr><tr><td><strong>Grant administrator<\/strong><\/td><td class=\"has-text-align-center\" data-align=\"center\">S\u00f6dert\u00f6rn University<\/td><td class=\"has-text-align-center\" data-align=\"center\">S\u00f6dert\u00f6rn University<\/td><td class=\"has-text-align-center\" data-align=\"center\">S\u00f6dert\u00f6rn University<\/td><td class=\"has-text-align-center\" data-align=\"center\">higher education institution in Sweden, the network must include researchers at S\u00f6dert\u00f6rn University<\/td><td class=\"has-text-align-center\" data-align=\"center\">S\u00f6dert\u00f6rn University<\/td><td class=\"has-text-align-center\" data-align=\"center\">higher education institution in Sweden<\/td><\/tr><tr><td><strong>Can doctoral students be included in an application?<\/strong><\/td><td class=\"has-text-align-center\" data-align=\"center\">no<\/td><td class=\"has-text-align-center\" data-align=\"center\">not applicable<\/td><td class=\"has-text-align-center\" data-align=\"center\">yes<\/td><td class=\"has-text-align-center\" data-align=\"center\">yes<\/td><td class=\"has-text-align-center\" data-align=\"center\">not applicable<\/td><td class=\"has-text-align-center\" data-align=\"center\">not applicable<\/td><\/tr><tr><td><strong>Number of stages in the application process<\/strong><\/td><td class=\"has-text-align-center\" data-align=\"center\">2<\/td><td class=\"has-text-align-center\" data-align=\"center\">2<\/td><td class=\"has-text-align-center\" data-align=\"center\">1<\/td><td class=\"has-text-align-center\" data-align=\"center\">1<\/td><td class=\"has-text-align-center\" data-align=\"center\">1<\/td><td class=\"has-text-align-center\" data-align=\"center\">1<\/td><\/tr><\/tbody><\/table><\/figure>\n\n\n\n<p>For detailed information see instructions for forms of support.<\/p>\n\n\n\n<div style=\"height:50px\" aria-hidden=\"true\" class=\"wp-block-spacer\"><\/div>\n","protected":false},"excerpt":{"rendered":"<p>The Foundation for Baltic and East European Studies announces calls for two- and three-year projects,&#8230;<\/p>\n","protected":false},"author":2,"featured_media":0,"parent":0,"menu_order":0,"comment_status":"closed","ping_status":"closed","template":"","meta":{"_acf_changed":false,"_monsterinsights_skip_tracking":false,"_monsterinsights_sitenote_active":false,"_monsterinsights_sitenote_note":"","_monsterinsights_sitenote_category":0,"footnotes":""},"class_list":["post-1474","page","type-page","status-publish","hentry"],"acf":[],"yoast_head":"<!-- This site is optimized with the Yoast SEO plugin v27.3 - https:\/\/yoast.com\/product\/yoast-seo-wordpress\/ -->\n<title>Application for research funding - \u00d6stersj\u00f6stiftelsen<\/title>\n<meta name=\"robots\" content=\"index, follow, max-snippet:-1, max-image-preview:large, max-video-preview:-1\" \/>\n<link rel=\"canonical\" href=\"https:\/\/ostersjostiftelsen.se\/en\/application-for-research-funding\/\" \/>\n<meta property=\"og:locale\" content=\"en_US\" \/>\n<meta property=\"og:type\" content=\"article\" \/>\n<meta property=\"og:title\" content=\"Application for research funding - \u00d6stersj\u00f6stiftelsen\" \/>\n<meta property=\"og:description\" content=\"The Foundation for Baltic and East European Studies announces calls for two- and three-year projects,...\" \/>\n<meta property=\"og:url\" content=\"https:\/\/ostersjostiftelsen.se\/en\/application-for-research-funding\/\" \/>\n<meta property=\"og:site_name\" content=\"\u00d6stersj\u00f6stiftelsen\" \/>\n<meta property=\"article:modified_time\" content=\"2025-11-03T12:09:16+00:00\" \/>\n<meta name=\"twitter:card\" content=\"summary_large_image\" \/>\n<meta name=\"twitter:label1\" content=\"Est. reading time\" \/>\n\t<meta name=\"twitter:data1\" content=\"2 minutes\" \/>\n<script type=\"application\/ld+json\" class=\"yoast-schema-graph\">{\"@context\":\"https:\\\/\\\/schema.org\",\"@graph\":[{\"@type\":\"WebPage\",\"@id\":\"https:\\\/\\\/ostersjostiftelsen.se\\\/en\\\/application-for-research-funding\\\/\",\"url\":\"https:\\\/\\\/ostersjostiftelsen.se\\\/en\\\/application-for-research-funding\\\/\",\"name\":\"Application for research funding - \u00d6stersj\u00f6stiftelsen\",\"isPartOf\":{\"@id\":\"https:\\\/\\\/ostersjostiftelsen.se\\\/#website\"},\"datePublished\":\"2020-02-28T09:54:41+00:00\",\"dateModified\":\"2025-11-03T12:09:16+00:00\",\"breadcrumb\":{\"@id\":\"https:\\\/\\\/ostersjostiftelsen.se\\\/en\\\/application-for-research-funding\\\/#breadcrumb\"},\"inLanguage\":\"en-US\",\"potentialAction\":[{\"@type\":\"ReadAction\",\"target\":[\"https:\\\/\\\/ostersjostiftelsen.se\\\/en\\\/application-for-research-funding\\\/\"]}]},{\"@type\":\"BreadcrumbList\",\"@id\":\"https:\\\/\\\/ostersjostiftelsen.se\\\/en\\\/application-for-research-funding\\\/#breadcrumb\",\"itemListElement\":[{\"@type\":\"ListItem\",\"position\":1,\"name\":\"Home\",\"item\":\"https:\\\/\\\/ostersjostiftelsen.se\\\/en\\\/\"},{\"@type\":\"ListItem\",\"position\":2,\"name\":\"Application for research funding\"}]},{\"@type\":\"WebSite\",\"@id\":\"https:\\\/\\\/ostersjostiftelsen.se\\\/#website\",\"url\":\"https:\\\/\\\/ostersjostiftelsen.se\\\/\",\"name\":\"\u00d6stersj\u00f6stiftelsen\",\"description\":\"Stiftelsen f\u00f6r forskning inom omr\u00e5den med anknytning till \u00d6stersj\u00f6regionen och \u00d6steuropa\",\"potentialAction\":[{\"@type\":\"SearchAction\",\"target\":{\"@type\":\"EntryPoint\",\"urlTemplate\":\"https:\\\/\\\/ostersjostiftelsen.se\\\/?s={search_term_string}\"},\"query-input\":{\"@type\":\"PropertyValueSpecification\",\"valueRequired\":true,\"valueName\":\"search_term_string\"}}],\"inLanguage\":\"en-US\"}]}<\/script>\n<!-- \/ Yoast SEO plugin. -->","yoast_head_json":{"title":"Application for research funding - \u00d6stersj\u00f6stiftelsen","robots":{"index":"index","follow":"follow","max-snippet":"max-snippet:-1","max-image-preview":"max-image-preview:large","max-video-preview":"max-video-preview:-1"},"canonical":"https:\/\/ostersjostiftelsen.se\/en\/application-for-research-funding\/","og_locale":"en_US","og_type":"article","og_title":"Application for research funding - \u00d6stersj\u00f6stiftelsen","og_description":"The Foundation for Baltic and East European Studies announces calls for two- and three-year projects,...","og_url":"https:\/\/ostersjostiftelsen.se\/en\/application-for-research-funding\/","og_site_name":"\u00d6stersj\u00f6stiftelsen","article_modified_time":"2025-11-03T12:09:16+00:00","twitter_card":"summary_large_image","twitter_misc":{"Est. reading time":"2 minutes"},"schema":{"@context":"https:\/\/schema.org","@graph":[{"@type":"WebPage","@id":"https:\/\/ostersjostiftelsen.se\/en\/application-for-research-funding\/","url":"https:\/\/ostersjostiftelsen.se\/en\/application-for-research-funding\/","name":"Application for research funding - \u00d6stersj\u00f6stiftelsen","isPartOf":{"@id":"https:\/\/ostersjostiftelsen.se\/#website"},"datePublished":"2020-02-28T09:54:41+00:00","dateModified":"2025-11-03T12:09:16+00:00","breadcrumb":{"@id":"https:\/\/ostersjostiftelsen.se\/en\/application-for-research-funding\/#breadcrumb"},"inLanguage":"en-US","potentialAction":[{"@type":"ReadAction","target":["https:\/\/ostersjostiftelsen.se\/en\/application-for-research-funding\/"]}]},{"@type":"BreadcrumbList","@id":"https:\/\/ostersjostiftelsen.se\/en\/application-for-research-funding\/#breadcrumb","itemListElement":[{"@type":"ListItem","position":1,"name":"Home","item":"https:\/\/ostersjostiftelsen.se\/en\/"},{"@type":"ListItem","position":2,"name":"Application for research funding"}]},{"@type":"WebSite","@id":"https:\/\/ostersjostiftelsen.se\/#website","url":"https:\/\/ostersjostiftelsen.se\/","name":"\u00d6stersj\u00f6stiftelsen","description":"Stiftelsen f\u00f6r forskning inom omr\u00e5den med anknytning till \u00d6stersj\u00f6regionen och \u00d6steuropa","potentialAction":[{"@type":"SearchAction","target":{"@type":"EntryPoint","urlTemplate":"https:\/\/ostersjostiftelsen.se\/?s={search_term_string}"},"query-input":{"@type":"PropertyValueSpecification","valueRequired":true,"valueName":"search_term_string"}}],"inLanguage":"en-US"}]}},"_links":{"self":[{"href":"https:\/\/ostersjostiftelsen.se\/en\/wp-json\/wp\/v2\/pages\/1474","targetHints":{"allow":["GET"]}}],"collection":[{"href":"https:\/\/ostersjostiftelsen.se\/en\/wp-json\/wp\/v2\/pages"}],"about":[{"href":"https:\/\/ostersjostiftelsen.se\/en\/wp-json\/wp\/v2\/types\/page"}],"author":[{"embeddable":true,"href":"https:\/\/ostersjostiftelsen.se\/en\/wp-json\/wp\/v2\/users\/2"}],"replies":[{"embeddable":true,"href":"https:\/\/ostersjostiftelsen.se\/en\/wp-json\/wp\/v2\/comments?post=1474"}],"version-history":[{"count":29,"href":"https:\/\/ostersjostiftelsen.se\/en\/wp-json\/wp\/v2\/pages\/1474\/revisions"}],"predecessor-version":[{"id":6743,"href":"https:\/\/ostersjostiftelsen.se\/en\/wp-json\/wp\/v2\/pages\/1474\/revisions\/6743"}],"wp:attachment":[{"href":"https:\/\/ostersjostiftelsen.se\/en\/wp-json\/wp\/v2\/media?parent=1474"}],"curies":[{"name":"wp","href":"https:\/\/api.w.org\/{rel}","templated":true}]}}