{"id":1476,"date":"2020-02-28T10:55:19","date_gmt":"2020-02-28T09:55:19","guid":{"rendered":"https:\/\/ostersjostiftelsen.se\/contact-and-getting-here\/"},"modified":"2024-12-02T15:33:45","modified_gmt":"2024-12-02T14:33:45","slug":"contact-and-getting-here","status":"publish","type":"page","link":"https:\/\/ostersjostiftelsen.se\/en\/contact-and-getting-here\/","title":{"rendered":"Contact and getting here"},"content":{"rendered":"\n<p><strong>Visiting and post address:<\/strong> <br>The Foundation for Baltic and East European Studies <br>Slupskjulsv\u00e4gen 10<br>SE\u2013111 49 Stockholm, Sweden<\/p>\n\n\n\n<p><\/p>\n\n\n\n<p><strong>Organisation number: <\/strong>802400-4155<\/p>\n\n\n\n<p><strong>Contact:<\/strong> <a href=\"https:\/\/ostersjostiftelsen.se\/en\/about-the-foundation\/staff\/\">Staff<\/a><\/p>\n\n\n\n<p><strong>Press contact<\/strong>: press@ostersjostiftelsen.se <\/p>\n\n\n\n<p><strong>Invoice address:<\/strong><br>Electronic invoices should be sent via email to: <a href=\"mailto:ostersjostiftelsen@invoice.kleer.se\" target=\"_blank\" rel=\"noreferrer noopener\">ostersjostiftelsen@invoice.kleer.se<\/a><\/p>\n\n\n\n<div style=\"height:42px\" aria-hidden=\"true\" class=\"wp-block-spacer\"><\/div>\n\n\n<div class=\"wpgmza-store-locator wpgmza_sl_main_div\" data-id=\"1\">\n\t<div class=\"wpgmza-address-container wpgmza-form-field wpgmza_sl_query_div wpgmza-clearfix\">\n\t\t<label class=\"wpgmza-address wpgmza-form-field__label wpgmza-form-field__label--float\" data-name=\"addressLabel\" for=\"addressInput\">ZIP \/ Address:<\/label>\n\t\t<input class=\"wpgmza-address\" type=\"text\" placeholder=\"Enter a location\" autocomplete=\"off\" data-name=\"defaultAddress\" value=\"\" id=\"addressInput\" size=\"20\" aria-label=\"ZIP \/ Address:\">\n\t<\/div>\n\t\n\t<div class=\"wpgmza-radius-container wpgmza-form-field wpgmza_sl_radius_div wpgmza-clearfix\">\n\t\t<label class=\"wpgmza-radius wpgmza-form-field__label wpgmza-form-field__label--float\" for=\"radiusSelect\">\n\t\t\tRadius:\t\t<\/label>\n\t\t<select class=\"wpgmza-radius wpgmza-form-field__input wpgmza_sl_radius_select\" id=\"radiusSelect\" aria-label=\"Radius:\"><option class=\"wpgmza-radius wpgmza_sl_select_option\" value=\"1\">1mi<\/option><option class=\"wpgmza-radius wpgmza_sl_select_option\" value=\"5\">5mi<\/option><option class=\"wpgmza-radius wpgmza_sl_select_option\" value=\"10\" selected>10mi<\/option><option class=\"wpgmza-radius wpgmza_sl_select_option\" value=\"25\">25mi<\/option><option class=\"wpgmza-radius wpgmza_sl_select_option\" value=\"50\">50mi<\/option><option class=\"wpgmza-radius wpgmza_sl_select_option\" value=\"75\">75mi<\/option><option class=\"wpgmza-radius wpgmza_sl_select_option\" value=\"100\">100mi<\/option><option class=\"wpgmza-radius wpgmza_sl_select_option\" value=\"150\">150mi<\/option><option class=\"wpgmza-radius wpgmza_sl_select_option\" value=\"200\">200mi<\/option><option class=\"wpgmza-radius wpgmza_sl_select_option\" value=\"300\">300mi<\/option><\/select>\n\t<\/div>\n\t\n\t<input class=\"wpgmza-search wpgmza_sl_search_button wpgmza_sl_search_button_1\" value=\"Search\" type=\"button\" onclick=\"searchLocations(1)\">\n\t\n\t<div class=\"wpgmza-no-results wpgmza-not-found-msg js-not-found-msg\" style=\"display: none;\">\n\t\t<p data-name=\"notFoundMessage\">No results found in this location. Please try again.<\/p>\n\t<\/div>\n<\/div><div id=\"wpgmza_map\" class=\"wpgmza_map\" data-settings=\"{&quot;id&quot;:&quot;1&quot;,&quot;map_title&quot;:&quot;Min f\\u00f6rsta karta&quot;,&quot;map_width&quot;:&quot;100&quot;,&quot;map_height&quot;:&quot;400&quot;,&quot;map_start_lat&quot;:&quot;59.32572697861115&quot;,&quot;map_start_lng&quot;:&quot;18.08709416157916&quot;,&quot;map_start_location&quot;:&quot;59.219036,17.943898999999988&quot;,&quot;map_start_zoom&quot;:&quot;16&quot;,&quot;default_marker&quot;:&quot;0&quot;,&quot;type&quot;:&quot;1&quot;,&quot;alignment&quot;:&quot;1&quot;,&quot;directions_enabled&quot;:&quot;1&quot;,&quot;styling_enabled&quot;:&quot;0&quot;,&quot;styling_json&quot;:&quot;&quot;,&quot;active&quot;:&quot;0&quot;,&quot;kml&quot;:&quot;&quot;,&quot;bicycle&quot;:&quot;0&quot;,&quot;traffic&quot;:&quot;0&quot;,&quot;dbox&quot;:&quot;1&quot;,&quot;dbox_width&quot;:&quot;100&quot;,&quot;listmarkers&quot;:&quot;0&quot;,&quot;listmarkers_advanced&quot;:&quot;0&quot;,&quot;filterbycat&quot;:&quot;0&quot;,&quot;ugm_enabled&quot;:&quot;0&quot;,&quot;ugm_category_enabled&quot;:&quot;0&quot;,&quot;fusion&quot;:&quot;&quot;,&quot;map_width_type&quot;:&quot;%&quot;,&quot;map_height_type&quot;:&quot;px&quot;,&quot;mass_marker_support&quot;:&quot;1&quot;,&quot;ugm_access&quot;:&quot;0&quot;,&quot;order_markers_by&quot;:&quot;0&quot;,&quot;order_markers_choice&quot;:&quot;0&quot;,&quot;show_user_location&quot;:&quot;0&quot;,&quot;default_to&quot;:&quot;&quot;,&quot;other_settings&quot;:{&quot;store_locator_enabled&quot;:true,&quot;store_locator_distance&quot;:true,&quot;store_locator_default_radius&quot;:10,&quot;store_locator_not_found_message&quot;:&quot;&quot;,&quot;store_locator_bounce&quot;:1,&quot;store_locator_query_string&quot;:&quot;&quot;,&quot;store_locator_default_address&quot;:&quot;&quot;,&quot;wpgmza_store_locator_restrict&quot;:&quot;&quot;,&quot;store_locator_style&quot;:&quot;modern&quot;,&quot;wpgmza_store_locator_radius_style&quot;:&quot;modern&quot;,&quot;map_max_zoom&quot;:&quot;1&quot;,&quot;transport_layer&quot;:false,&quot;wpgmza_theme_data&quot;:&quot;[{\\\\\\&quot;featureType\\\\\\&quot;:\\\\\\&quot;landscape\\\\\\&quot;,\\\\\\&quot;stylers\\\\\\&quot;:[{\\\\\\&quot;saturation\\\\\\&quot;:-100},{\\\\\\&quot;lightness\\\\\\&quot;:65},{\\\\\\&quot;visibility\\\\\\&quot;:\\\\\\&quot;on\\\\\\&quot;}]},{\\\\\\&quot;featureType\\\\\\&quot;:\\\\\\&quot;poi\\\\\\&quot;,\\\\\\&quot;stylers\\\\\\&quot;:[{\\\\\\&quot;saturation\\\\\\&quot;:-100},{\\\\\\&quot;lightness\\\\\\&quot;:51},{\\\\\\&quot;visibility\\\\\\&quot;:\\\\\\&quot;simplified\\\\\\&quot;}]},{\\\\\\&quot;featureType\\\\\\&quot;:\\\\\\&quot;road.highway\\\\\\&quot;,\\\\\\&quot;stylers\\\\\\&quot;:[{\\\\\\&quot;saturation\\\\\\&quot;:-100},{\\\\\\&quot;visibility\\\\\\&quot;:\\\\\\&quot;simplified\\\\\\&quot;}]},{\\\\\\&quot;featureType\\\\\\&quot;:\\\\\\&quot;road.arterial\\\\\\&quot;,\\\\\\&quot;stylers\\\\\\&quot;:[{\\\\\\&quot;saturation\\\\\\&quot;:-100},{\\\\\\&quot;lightness\\\\\\&quot;:30},{\\\\\\&quot;visibility\\\\\\&quot;:\\\\\\&quot;on\\\\\\&quot;}]},{\\\\\\&quot;featureType\\\\\\&quot;:\\\\\\&quot;road.local\\\\\\&quot;,\\\\\\&quot;stylers\\\\\\&quot;:[{\\\\\\&quot;saturation\\\\\\&quot;:-100},{\\\\\\&quot;lightness\\\\\\&quot;:40},{\\\\\\&quot;visibility\\\\\\&quot;:\\\\\\&quot;on\\\\\\&quot;}]},{\\\\\\&quot;featureType\\\\\\&quot;:\\\\\\&quot;transit\\\\\\&quot;,\\\\\\&quot;stylers\\\\\\&quot;:[{\\\\\\&quot;saturation\\\\\\&quot;:-100},{\\\\\\&quot;visibility\\\\\\&quot;:\\\\\\&quot;simplified\\\\\\&quot;}]},{\\\\\\&quot;featureType\\\\\\&quot;:\\\\\\&quot;administrative.province\\\\\\&quot;,\\\\\\&quot;stylers\\\\\\&quot;:[{\\\\\\&quot;visibility\\\\\\&quot;:\\\\\\&quot;off\\\\\\&quot;}]},{\\\\\\&quot;featureType\\\\\\&quot;:\\\\\\&quot;water\\\\\\&quot;,\\\\\\&quot;elementType\\\\\\&quot;:\\\\\\&quot;labels\\\\\\&quot;,\\\\\\&quot;stylers\\\\\\&quot;:[{\\\\\\&quot;visibility\\\\\\&quot;:\\\\\\&quot;on\\\\\\&quot;},{\\\\\\&quot;lightness\\\\\\&quot;:-25},{\\\\\\&quot;saturation\\\\\\&quot;:-100}]},{\\\\\\&quot;featureType\\\\\\&quot;:\\\\\\&quot;water\\\\\\&quot;,\\\\\\&quot;elementType\\\\\\&quot;:\\\\\\&quot;geometry\\\\\\&quot;,\\\\\\&quot;stylers\\\\\\&quot;:[{\\\\\\&quot;hue\\\\\\&quot;:\\\\\\&quot;#ffff00\\\\\\&quot;},{\\\\\\&quot;lightness\\\\\\&quot;:-25},{\\\\\\&quot;saturation\\\\\\&quot;:-97}]}]&quot;,&quot;wpgmza_theme_selection&quot;:3,&quot;wpgmza_show_points_of_interest&quot;:1,&quot;wpgmza_auto_night&quot;:0,&quot;action&quot;:&quot;wpgmza_save_map&quot;,&quot;redirect_to&quot;:&quot;\\\/wp-admin\\\/admin-post.php&quot;,&quot;map_id&quot;:&quot;1&quot;,&quot;http_referer&quot;:&quot;\\\/wp-admin\\\/admin.php?page=wp-google-maps-menu&amp;amp;action=edit&amp;amp;map_id=1&quot;,&quot;wpgmza_id&quot;:&quot;1&quot;,&quot;wpgmza_start_location&quot;:&quot;59.32572697861115,18.08709416157916&quot;,&quot;wpgmza_start_zoom&quot;:&quot;16&quot;,&quot;store_locator_search_area&quot;:&quot;radial&quot;,&quot;wpgmza_store_locator_default_radius&quot;:&quot;10&quot;,&quot;store_locator_auto_area_max_zoom&quot;:&quot;&quot;,&quot;wpgmza_store_locator_position&quot;:false,&quot;store_locator_show_distance&quot;:false,&quot;store_locator_category&quot;:false,&quot;wpgmza_store_locator_use_their_location&quot;:false,&quot;wpgmza_store_locator_bounce&quot;:false,&quot;wpgmza_sl_animation&quot;:null,&quot;wpgmza_store_locator_hide_before_search&quot;:false,&quot;store_locator_location_placeholder&quot;:&quot;&quot;,&quot;store_locator_name_search&quot;:false,&quot;store_locator_name_string&quot;:&quot;&quot;,&quot;sl_stroke_color&quot;:&quot;&quot;,&quot;sl_stroke_opacity&quot;:&quot;&quot;,&quot;sl_fill_color&quot;:&quot;&quot;,&quot;sl_fill_opacity&quot;:&quot;&quot;,&quot;wpgmza_map_align&quot;:&quot;1&quot;,&quot;jump_to_nearest_marker_on_initialization&quot;:false,&quot;automatically_pan_to_users_location&quot;:false,&quot;override_users_location_zoom_level&quot;:false,&quot;override_users_location_zoom_levels&quot;:&quot;&quot;,&quot;show_distance_from_location&quot;:false,&quot;map_min_zoom&quot;:&quot;0&quot;,&quot;click_open_link&quot;:false,&quot;fit_maps_bounds_to_markers&quot;:false,&quot;fit_maps_bounds_to_markers_after_filtering&quot;:false,&quot;hide_point_of_interest&quot;:false,&quot;wpgmza_zoom_on_marker_click&quot;:false,&quot;wpgmza_zoom_on_marker_click_slider&quot;:&quot;&quot;,&quot;close_infowindow_on_map_click&quot;:false,&quot;disable_lightbox_images&quot;:false,&quot;use_Raw_Jpeg_Coordinates&quot;:false,&quot;polygon_labels&quot;:false,&quot;disable_polygon_info_windows&quot;:false,&quot;enable_marker_ratings&quot;:false,&quot;only_load_markers_within_viewport&quot;:false,&quot;zoom_level_mobile_override_enabled&quot;:false,&quot;zoom_level_mobile_override&quot;:&quot;&quot;,&quot;iw_primary_color&quot;:&quot;#000000&quot;,&quot;iw_accent_color&quot;:&quot;#000000&quot;,&quot;iw_text_color&quot;:&quot;#000000&quot;,&quot;wpgmza_listmarkers_by&quot;:&quot;0&quot;,&quot;wpgmza_marker_listing_position&quot;:false,&quot;wpgmza_push_in_map&quot;:false,&quot;wpgmza_push_in_map_placement&quot;:null,&quot;wpgmza_push_in_map_width&quot;:&quot;&quot;,&quot;wpgmza_push_in_map_height&quot;:&quot;&quot;,&quot;zoom_level_on_marker_listing_override&quot;:false,&quot;zoom_level_on_marker_listing_click&quot;:&quot;&quot;,&quot;marker_listing_disable_zoom&quot;:false,&quot;datatable_no_result_message&quot;:&quot;&quot;,&quot;remove_search_box_datables&quot;:false,&quot;dataTable_pagination_style&quot;:null,&quot;datatable_search_string&quot;:&quot;&quot;,&quot;datatable_result_start&quot;:&quot;&quot;,&quot;datatable_result_of&quot;:&quot;&quot;,&quot;datatable_result_to&quot;:&quot;&quot;,&quot;datatable_result_total&quot;:&quot;&quot;,&quot;datatable_result_show&quot;:&quot;&quot;,&quot;datatable_result_entries&quot;:&quot;&quot;,&quot;wpgmza_savemap&quot;:&quot;Save Map \\u00bb&quot;}}\" data-map-id='1' Data-maps-engine='google-maps' data-shortcode-attributes=\"{&quot;id&quot;:&quot;1&quot;}\" style=\"display:block; overflow:auto; width:100%; height:400px; float:left;\"><\/div>\n\n\n\n<div style=\"height:63px\" aria-hidden=\"true\" class=\"wp-block-spacer\"><\/div>\n\n\n\n<h2 class=\"wp-block-heading has-medium-font-size\"><strong>Logotype<\/strong><\/h2>\n\n\n\n<p>Here you can download the Foundation\u2019s logotype. The logo may be used in contexts where the Foundation for Baltic and East European Studies is the funding body.<\/p>\n\n\n\n<p><a href=\"https:\/\/ostersjostiftelsen.se\/wp-content\/uploads\/2022\/03\/oss-2-logo-liggande-rgb.png\" target=\"_blank\" rel=\"noreferrer noopener\">Foundation&#8217;s logotype 1<\/a><br><a href=\"https:\/\/ostersjostiftelsen.se\/wp-content\/uploads\/2022\/03\/oss-2-logo-staeende-rgb.png\" target=\"_blank\" rel=\"noreferrer noopener\">Foundation&#8217;s logotype 2<\/a><\/p>\n","protected":false},"excerpt":{"rendered":"<p>Visiting and post address: The Foundation for Baltic and East European Studies Slupskjulsv\u00e4gen 10SE\u2013111 49&#8230;<\/p>\n","protected":false},"author":1,"featured_media":0,"parent":0,"menu_order":0,"comment_status":"closed","ping_status":"closed","template":"page-templates\/page-landing.php","meta":{"_acf_changed":false,"_monsterinsights_skip_tracking":false,"_monsterinsights_sitenote_active":false,"_monsterinsights_sitenote_note":"","_monsterinsights_sitenote_category":0,"footnotes":""},"class_list":["post-1476","page","type-page","status-publish","hentry"],"acf":[],"yoast_head":"<!-- This site is optimized with the Yoast SEO plugin v27.3 - https:\/\/yoast.com\/product\/yoast-seo-wordpress\/ -->\n<title>Contact and getting here - \u00d6stersj\u00f6stiftelsen<\/title>\n<meta name=\"robots\" content=\"index, follow, max-snippet:-1, max-image-preview:large, max-video-preview:-1\" \/>\n<link rel=\"canonical\" href=\"https:\/\/ostersjostiftelsen.se\/en\/contact-and-getting-here\/\" \/>\n<meta property=\"og:locale\" content=\"en_US\" \/>\n<meta property=\"og:type\" content=\"article\" \/>\n<meta property=\"og:title\" content=\"Contact and getting here - \u00d6stersj\u00f6stiftelsen\" \/>\n<meta property=\"og:description\" content=\"Visiting and post address: The Foundation for Baltic and East European Studies Slupskjulsv\u00e4gen 10SE\u2013111 49...\" \/>\n<meta property=\"og:url\" content=\"https:\/\/ostersjostiftelsen.se\/en\/contact-and-getting-here\/\" \/>\n<meta property=\"og:site_name\" content=\"\u00d6stersj\u00f6stiftelsen\" \/>\n<meta property=\"article:modified_time\" content=\"2024-12-02T14:33:45+00:00\" \/>\n<meta name=\"twitter:card\" content=\"summary_large_image\" \/>\n<meta name=\"twitter:label1\" content=\"Est. reading time\" \/>\n\t<meta name=\"twitter:data1\" content=\"1 minute\" \/>\n<script type=\"application\/ld+json\" class=\"yoast-schema-graph\">{\"@context\":\"https:\\\/\\\/schema.org\",\"@graph\":[{\"@type\":\"WebPage\",\"@id\":\"https:\\\/\\\/ostersjostiftelsen.se\\\/en\\\/contact-and-getting-here\\\/\",\"url\":\"https:\\\/\\\/ostersjostiftelsen.se\\\/en\\\/contact-and-getting-here\\\/\",\"name\":\"Contact and getting here - \u00d6stersj\u00f6stiftelsen\",\"isPartOf\":{\"@id\":\"https:\\\/\\\/ostersjostiftelsen.se\\\/#website\"},\"datePublished\":\"2020-02-28T09:55:19+00:00\",\"dateModified\":\"2024-12-02T14:33:45+00:00\",\"breadcrumb\":{\"@id\":\"https:\\\/\\\/ostersjostiftelsen.se\\\/en\\\/contact-and-getting-here\\\/#breadcrumb\"},\"inLanguage\":\"en-US\",\"potentialAction\":[{\"@type\":\"ReadAction\",\"target\":[\"https:\\\/\\\/ostersjostiftelsen.se\\\/en\\\/contact-and-getting-here\\\/\"]}]},{\"@type\":\"BreadcrumbList\",\"@id\":\"https:\\\/\\\/ostersjostiftelsen.se\\\/en\\\/contact-and-getting-here\\\/#breadcrumb\",\"itemListElement\":[{\"@type\":\"ListItem\",\"position\":1,\"name\":\"Home\",\"item\":\"https:\\\/\\\/ostersjostiftelsen.se\\\/en\\\/\"},{\"@type\":\"ListItem\",\"position\":2,\"name\":\"Contact and getting here\"}]},{\"@type\":\"WebSite\",\"@id\":\"https:\\\/\\\/ostersjostiftelsen.se\\\/#website\",\"url\":\"https:\\\/\\\/ostersjostiftelsen.se\\\/\",\"name\":\"\u00d6stersj\u00f6stiftelsen\",\"description\":\"Stiftelsen f\u00f6r forskning inom omr\u00e5den med anknytning till \u00d6stersj\u00f6regionen och \u00d6steuropa\",\"potentialAction\":[{\"@type\":\"SearchAction\",\"target\":{\"@type\":\"EntryPoint\",\"urlTemplate\":\"https:\\\/\\\/ostersjostiftelsen.se\\\/?s={search_term_string}\"},\"query-input\":{\"@type\":\"PropertyValueSpecification\",\"valueRequired\":true,\"valueName\":\"search_term_string\"}}],\"inLanguage\":\"en-US\"}]}<\/script>\n<!-- \/ Yoast SEO plugin. -->","yoast_head_json":{"title":"Contact and getting here - \u00d6stersj\u00f6stiftelsen","robots":{"index":"index","follow":"follow","max-snippet":"max-snippet:-1","max-image-preview":"max-image-preview:large","max-video-preview":"max-video-preview:-1"},"canonical":"https:\/\/ostersjostiftelsen.se\/en\/contact-and-getting-here\/","og_locale":"en_US","og_type":"article","og_title":"Contact and getting here - \u00d6stersj\u00f6stiftelsen","og_description":"Visiting and post address: The Foundation for Baltic and East European Studies Slupskjulsv\u00e4gen 10SE\u2013111 49...","og_url":"https:\/\/ostersjostiftelsen.se\/en\/contact-and-getting-here\/","og_site_name":"\u00d6stersj\u00f6stiftelsen","article_modified_time":"2024-12-02T14:33:45+00:00","twitter_card":"summary_large_image","twitter_misc":{"Est. reading time":"1 minute"},"schema":{"@context":"https:\/\/schema.org","@graph":[{"@type":"WebPage","@id":"https:\/\/ostersjostiftelsen.se\/en\/contact-and-getting-here\/","url":"https:\/\/ostersjostiftelsen.se\/en\/contact-and-getting-here\/","name":"Contact and getting here - \u00d6stersj\u00f6stiftelsen","isPartOf":{"@id":"https:\/\/ostersjostiftelsen.se\/#website"},"datePublished":"2020-02-28T09:55:19+00:00","dateModified":"2024-12-02T14:33:45+00:00","breadcrumb":{"@id":"https:\/\/ostersjostiftelsen.se\/en\/contact-and-getting-here\/#breadcrumb"},"inLanguage":"en-US","potentialAction":[{"@type":"ReadAction","target":["https:\/\/ostersjostiftelsen.se\/en\/contact-and-getting-here\/"]}]},{"@type":"BreadcrumbList","@id":"https:\/\/ostersjostiftelsen.se\/en\/contact-and-getting-here\/#breadcrumb","itemListElement":[{"@type":"ListItem","position":1,"name":"Home","item":"https:\/\/ostersjostiftelsen.se\/en\/"},{"@type":"ListItem","position":2,"name":"Contact and getting here"}]},{"@type":"WebSite","@id":"https:\/\/ostersjostiftelsen.se\/#website","url":"https:\/\/ostersjostiftelsen.se\/","name":"\u00d6stersj\u00f6stiftelsen","description":"Stiftelsen f\u00f6r forskning inom omr\u00e5den med anknytning till \u00d6stersj\u00f6regionen och \u00d6steuropa","potentialAction":[{"@type":"SearchAction","target":{"@type":"EntryPoint","urlTemplate":"https:\/\/ostersjostiftelsen.se\/?s={search_term_string}"},"query-input":{"@type":"PropertyValueSpecification","valueRequired":true,"valueName":"search_term_string"}}],"inLanguage":"en-US"}]}},"_links":{"self":[{"href":"https:\/\/ostersjostiftelsen.se\/en\/wp-json\/wp\/v2\/pages\/1476","targetHints":{"allow":["GET"]}}],"collection":[{"href":"https:\/\/ostersjostiftelsen.se\/en\/wp-json\/wp\/v2\/pages"}],"about":[{"href":"https:\/\/ostersjostiftelsen.se\/en\/wp-json\/wp\/v2\/types\/page"}],"author":[{"embeddable":true,"href":"https:\/\/ostersjostiftelsen.se\/en\/wp-json\/wp\/v2\/users\/1"}],"replies":[{"embeddable":true,"href":"https:\/\/ostersjostiftelsen.se\/en\/wp-json\/wp\/v2\/comments?post=1476"}],"version-history":[{"count":33,"href":"https:\/\/ostersjostiftelsen.se\/en\/wp-json\/wp\/v2\/pages\/1476\/revisions"}],"predecessor-version":[{"id":5785,"href":"https:\/\/ostersjostiftelsen.se\/en\/wp-json\/wp\/v2\/pages\/1476\/revisions\/5785"}],"wp:attachment":[{"href":"https:\/\/ostersjostiftelsen.se\/en\/wp-json\/wp\/v2\/media?parent=1476"}],"curies":[{"name":"wp","href":"https:\/\/api.w.org\/{rel}","templated":true}]}}