{"id":1478,"date":"2020-02-28T10:55:37","date_gmt":"2020-02-28T09:55:37","guid":{"rendered":"https:\/\/ostersjostiftelsen.se\/about-the-foundation\/"},"modified":"2026-02-25T16:22:07","modified_gmt":"2026-02-25T15:22:07","slug":"about-the-foundation","status":"publish","type":"page","link":"https:\/\/ostersjostiftelsen.se\/en\/about-the-foundation\/","title":{"rendered":"About the Foundation"},"content":{"rendered":"\n<p>The Foundation for Baltic and East European Studies was founded by the Swedish Government in 1994. Its mission is to support research, doctoral studies and scientific infrastructure related to the Baltic Sea Region and Eastern Europe at S\u00f6dert\u00f6rn University. As a research funder, the Foundation has a distinct profile defined in its Statutes: its geographical area is specified, and its purpose is defined as supporting development of S\u00f6dert\u00f6rn University.<\/p>\n\n\n\n<p>The Foundation&#8217;s research funding can be divided into two categories. Partly grants that can be applied for by individual researchers or groups of researchers, partly funding that can be granted to S\u00f6dert\u00f6rn University after application by the Vice-Chancellor. The Foundation can support its own as well as external initiatives.<\/p>\n\n\n\n<p>Funding for researchers who apply for grants directly from the Foundation consist primarily of support for various types of research projects, but also to create opportunities for cooperation between researchers in networks or at conferences.<\/p>\n\n\n\n<p>The research projects are primarily in the Humanities and Social Sciences, but also within the Natural Sciences, particularly research into environmental issues. All research the Foundation supports must be related to the Baltic Sea Region or Eastern Europe.<\/p>\n\n\n\n<p>All forms of support from the Foundation are open to researchers both in and outside Sweden.<\/p>\n\n\n\n<p>Funds applied for by the Vice-Chancellor at S\u00f6dert\u00f6rn University have been granted to, among other things, a dedicated Baltic and East European programme for professors and associate senior lecturers, to the Baltic and East European Graduate School, BEEGS, and to the Center for Baltic and East European Studies, CBEES. Extensive funds have also been granted to S\u00f6dert\u00f6rn University&#8217;s library. The Foundation also funds the journal Baltic Worlds and the annual report State of the Region.<\/p>\n\n\n\n<p>The Foundation is led by a Board appointed by the Government (two members) and by the Board itself (seven members). The Board has set up a research committee to assess applications and advise the Foundation on research issues and an investment committee to manage the Foundation\u2019s assets.<\/p>\n\n\n\n<p>According to the Statues the entire capital cannot be depleted, only the direct return can be used for the Foundation\u2019s purposes.<\/p>\n\n\n\n<div style=\"height:50px\" aria-hidden=\"true\" class=\"wp-block-spacer\"><\/div>\n","protected":false},"excerpt":{"rendered":"<p>The Foundation for Baltic and East European Studies was founded by the Swedish Government in&#8230;<\/p>\n","protected":false},"author":1,"featured_media":0,"parent":0,"menu_order":0,"comment_status":"closed","ping_status":"open","template":"page-templates\/page-landing.php","meta":{"_acf_changed":false,"_monsterinsights_skip_tracking":false,"_monsterinsights_sitenote_active":false,"_monsterinsights_sitenote_note":"","_monsterinsights_sitenote_category":0,"footnotes":""},"class_list":["post-1478","page","type-page","status-publish","hentry"],"acf":[],"yoast_head":"<!-- This site is optimized with the Yoast SEO plugin v27.3 - https:\/\/yoast.com\/product\/yoast-seo-wordpress\/ -->\n<title>About the Foundation - \u00d6stersj\u00f6stiftelsen<\/title>\n<meta name=\"robots\" content=\"index, follow, max-snippet:-1, max-image-preview:large, max-video-preview:-1\" \/>\n<link rel=\"canonical\" href=\"https:\/\/ostersjostiftelsen.se\/en\/about-the-foundation\/\" \/>\n<meta property=\"og:locale\" content=\"en_US\" \/>\n<meta property=\"og:type\" content=\"article\" \/>\n<meta property=\"og:title\" content=\"About the Foundation - \u00d6stersj\u00f6stiftelsen\" \/>\n<meta property=\"og:description\" content=\"The Foundation for Baltic and East European Studies was founded by the Swedish Government in...\" \/>\n<meta property=\"og:url\" content=\"https:\/\/ostersjostiftelsen.se\/en\/about-the-foundation\/\" \/>\n<meta property=\"og:site_name\" content=\"\u00d6stersj\u00f6stiftelsen\" \/>\n<meta property=\"article:modified_time\" content=\"2026-02-25T15:22:07+00:00\" \/>\n<meta name=\"twitter:card\" content=\"summary_large_image\" \/>\n<meta name=\"twitter:label1\" content=\"Est. reading time\" \/>\n\t<meta name=\"twitter:data1\" content=\"2 minutes\" \/>\n<script type=\"application\/ld+json\" class=\"yoast-schema-graph\">{\"@context\":\"https:\\\/\\\/schema.org\",\"@graph\":[{\"@type\":\"WebPage\",\"@id\":\"https:\\\/\\\/ostersjostiftelsen.se\\\/en\\\/about-the-foundation\\\/\",\"url\":\"https:\\\/\\\/ostersjostiftelsen.se\\\/en\\\/about-the-foundation\\\/\",\"name\":\"About the Foundation - \u00d6stersj\u00f6stiftelsen\",\"isPartOf\":{\"@id\":\"https:\\\/\\\/ostersjostiftelsen.se\\\/#website\"},\"datePublished\":\"2020-02-28T09:55:37+00:00\",\"dateModified\":\"2026-02-25T15:22:07+00:00\",\"breadcrumb\":{\"@id\":\"https:\\\/\\\/ostersjostiftelsen.se\\\/en\\\/about-the-foundation\\\/#breadcrumb\"},\"inLanguage\":\"en-US\",\"potentialAction\":[{\"@type\":\"ReadAction\",\"target\":[\"https:\\\/\\\/ostersjostiftelsen.se\\\/en\\\/about-the-foundation\\\/\"]}]},{\"@type\":\"BreadcrumbList\",\"@id\":\"https:\\\/\\\/ostersjostiftelsen.se\\\/en\\\/about-the-foundation\\\/#breadcrumb\",\"itemListElement\":[{\"@type\":\"ListItem\",\"position\":1,\"name\":\"Home\",\"item\":\"https:\\\/\\\/ostersjostiftelsen.se\\\/en\\\/\"},{\"@type\":\"ListItem\",\"position\":2,\"name\":\"About the Foundation\"}]},{\"@type\":\"WebSite\",\"@id\":\"https:\\\/\\\/ostersjostiftelsen.se\\\/#website\",\"url\":\"https:\\\/\\\/ostersjostiftelsen.se\\\/\",\"name\":\"\u00d6stersj\u00f6stiftelsen\",\"description\":\"Stiftelsen f\u00f6r forskning inom omr\u00e5den med anknytning till \u00d6stersj\u00f6regionen och \u00d6steuropa\",\"potentialAction\":[{\"@type\":\"SearchAction\",\"target\":{\"@type\":\"EntryPoint\",\"urlTemplate\":\"https:\\\/\\\/ostersjostiftelsen.se\\\/?s={search_term_string}\"},\"query-input\":{\"@type\":\"PropertyValueSpecification\",\"valueRequired\":true,\"valueName\":\"search_term_string\"}}],\"inLanguage\":\"en-US\"}]}<\/script>\n<!-- \/ Yoast SEO plugin. -->","yoast_head_json":{"title":"About the Foundation - \u00d6stersj\u00f6stiftelsen","robots":{"index":"index","follow":"follow","max-snippet":"max-snippet:-1","max-image-preview":"max-image-preview:large","max-video-preview":"max-video-preview:-1"},"canonical":"https:\/\/ostersjostiftelsen.se\/en\/about-the-foundation\/","og_locale":"en_US","og_type":"article","og_title":"About the Foundation - \u00d6stersj\u00f6stiftelsen","og_description":"The Foundation for Baltic and East European Studies was founded by the Swedish Government in...","og_url":"https:\/\/ostersjostiftelsen.se\/en\/about-the-foundation\/","og_site_name":"\u00d6stersj\u00f6stiftelsen","article_modified_time":"2026-02-25T15:22:07+00:00","twitter_card":"summary_large_image","twitter_misc":{"Est. reading time":"2 minutes"},"schema":{"@context":"https:\/\/schema.org","@graph":[{"@type":"WebPage","@id":"https:\/\/ostersjostiftelsen.se\/en\/about-the-foundation\/","url":"https:\/\/ostersjostiftelsen.se\/en\/about-the-foundation\/","name":"About the Foundation - \u00d6stersj\u00f6stiftelsen","isPartOf":{"@id":"https:\/\/ostersjostiftelsen.se\/#website"},"datePublished":"2020-02-28T09:55:37+00:00","dateModified":"2026-02-25T15:22:07+00:00","breadcrumb":{"@id":"https:\/\/ostersjostiftelsen.se\/en\/about-the-foundation\/#breadcrumb"},"inLanguage":"en-US","potentialAction":[{"@type":"ReadAction","target":["https:\/\/ostersjostiftelsen.se\/en\/about-the-foundation\/"]}]},{"@type":"BreadcrumbList","@id":"https:\/\/ostersjostiftelsen.se\/en\/about-the-foundation\/#breadcrumb","itemListElement":[{"@type":"ListItem","position":1,"name":"Home","item":"https:\/\/ostersjostiftelsen.se\/en\/"},{"@type":"ListItem","position":2,"name":"About the Foundation"}]},{"@type":"WebSite","@id":"https:\/\/ostersjostiftelsen.se\/#website","url":"https:\/\/ostersjostiftelsen.se\/","name":"\u00d6stersj\u00f6stiftelsen","description":"Stiftelsen f\u00f6r forskning inom omr\u00e5den med anknytning till \u00d6stersj\u00f6regionen och \u00d6steuropa","potentialAction":[{"@type":"SearchAction","target":{"@type":"EntryPoint","urlTemplate":"https:\/\/ostersjostiftelsen.se\/?s={search_term_string}"},"query-input":{"@type":"PropertyValueSpecification","valueRequired":true,"valueName":"search_term_string"}}],"inLanguage":"en-US"}]}},"_links":{"self":[{"href":"https:\/\/ostersjostiftelsen.se\/en\/wp-json\/wp\/v2\/pages\/1478","targetHints":{"allow":["GET"]}}],"collection":[{"href":"https:\/\/ostersjostiftelsen.se\/en\/wp-json\/wp\/v2\/pages"}],"about":[{"href":"https:\/\/ostersjostiftelsen.se\/en\/wp-json\/wp\/v2\/types\/page"}],"author":[{"embeddable":true,"href":"https:\/\/ostersjostiftelsen.se\/en\/wp-json\/wp\/v2\/users\/1"}],"replies":[{"embeddable":true,"href":"https:\/\/ostersjostiftelsen.se\/en\/wp-json\/wp\/v2\/comments?post=1478"}],"version-history":[{"count":25,"href":"https:\/\/ostersjostiftelsen.se\/en\/wp-json\/wp\/v2\/pages\/1478\/revisions"}],"predecessor-version":[{"id":7176,"href":"https:\/\/ostersjostiftelsen.se\/en\/wp-json\/wp\/v2\/pages\/1478\/revisions\/7176"}],"wp:attachment":[{"href":"https:\/\/ostersjostiftelsen.se\/en\/wp-json\/wp\/v2\/media?parent=1478"}],"curies":[{"name":"wp","href":"https:\/\/api.w.org\/{rel}","templated":true}]}}