{"id":1484,"date":"2020-02-28T10:57:41","date_gmt":"2020-02-28T09:57:41","guid":{"rendered":"https:\/\/ostersjostiftelsen.se\/about-the-foundation\/investment-delegation\/"},"modified":"2025-07-01T15:52:27","modified_gmt":"2025-07-01T13:52:27","slug":"investment-delegation","status":"publish","type":"page","link":"https:\/\/ostersjostiftelsen.se\/en\/about-the-foundation\/investment-delegation\/","title":{"rendered":"Investment committee"},"content":{"rendered":"\n<p class=\"has-large-font-size\">Lars-G\u00f6ran Orrevall<\/p>\n\n\n\n<p><strong>Chair of the investment committee<\/strong><br>Former CIO<\/p>\n\n\n\n<hr class=\"wp-block-separator has-css-opacity is-style-wide\"\/>\n\n\n\n<p class=\"has-large-font-size\">Marja Carlsson<\/p>\n\n\n\n<p><strong>Member of the investment committee<\/strong><br>Head of Sustainability,  Nordnet<\/p>\n\n\n\n<hr class=\"wp-block-separator has-css-opacity is-style-wide\"\/>\n\n\n\n<p class=\"has-large-font-size\">H\u00e5kan Wallin<\/p>\n\n\n\n<p><strong>Member of the investment committee<\/strong><br>CFO, NP3 Fastigheter AB<\/p>\n\n\n\n<hr class=\"wp-block-separator has-css-opacity is-style-wide\"\/>\n\n\n\n<p class=\"has-large-font-size\">Ulf Bengtsson<\/p>\n\n\n\n<p><strong>Member of the investment committee<\/strong><br>Former Director General<\/p>\n\n\n\n<p><\/p>\n","protected":false},"excerpt":{"rendered":"<p>Lars-G\u00f6ran Orrevall Chair of the investment committeeFormer CIO Marja Carlsson Member of the investment committeeHead&#8230;<\/p>\n","protected":false},"author":1,"featured_media":0,"parent":1478,"menu_order":0,"comment_status":"closed","ping_status":"closed","template":"","meta":{"_acf_changed":false,"_monsterinsights_skip_tracking":false,"_monsterinsights_sitenote_active":false,"_monsterinsights_sitenote_note":"","_monsterinsights_sitenote_category":0,"footnotes":""},"class_list":["post-1484","page","type-page","status-publish","hentry"],"acf":[],"yoast_head":"<!-- This site is optimized with the Yoast SEO plugin v27.3 - https:\/\/yoast.com\/product\/yoast-seo-wordpress\/ -->\n<title>Investment committee - \u00d6stersj\u00f6stiftelsen<\/title>\n<meta name=\"robots\" content=\"index, follow, max-snippet:-1, max-image-preview:large, max-video-preview:-1\" \/>\n<link rel=\"canonical\" href=\"https:\/\/ostersjostiftelsen.se\/en\/about-the-foundation\/investment-delegation\/\" \/>\n<meta property=\"og:locale\" content=\"en_US\" \/>\n<meta property=\"og:type\" content=\"article\" \/>\n<meta property=\"og:title\" content=\"Investment committee - \u00d6stersj\u00f6stiftelsen\" \/>\n<meta property=\"og:description\" content=\"Lars-G\u00f6ran Orrevall Chair of the investment committeeFormer CIO Marja Carlsson Member of the investment committeeHead...\" \/>\n<meta property=\"og:url\" content=\"https:\/\/ostersjostiftelsen.se\/en\/about-the-foundation\/investment-delegation\/\" \/>\n<meta property=\"og:site_name\" content=\"\u00d6stersj\u00f6stiftelsen\" \/>\n<meta property=\"article:modified_time\" content=\"2025-07-01T13:52:27+00:00\" \/>\n<meta name=\"twitter:card\" content=\"summary_large_image\" \/>\n<meta name=\"twitter:label1\" content=\"Est. reading time\" \/>\n\t<meta name=\"twitter:data1\" content=\"1 minute\" \/>\n<script type=\"application\/ld+json\" class=\"yoast-schema-graph\">{\"@context\":\"https:\\\/\\\/schema.org\",\"@graph\":[{\"@type\":\"WebPage\",\"@id\":\"https:\\\/\\\/ostersjostiftelsen.se\\\/en\\\/about-the-foundation\\\/investment-delegation\\\/\",\"url\":\"https:\\\/\\\/ostersjostiftelsen.se\\\/en\\\/about-the-foundation\\\/investment-delegation\\\/\",\"name\":\"Investment committee - \u00d6stersj\u00f6stiftelsen\",\"isPartOf\":{\"@id\":\"https:\\\/\\\/ostersjostiftelsen.se\\\/#website\"},\"datePublished\":\"2020-02-28T09:57:41+00:00\",\"dateModified\":\"2025-07-01T13:52:27+00:00\",\"breadcrumb\":{\"@id\":\"https:\\\/\\\/ostersjostiftelsen.se\\\/en\\\/about-the-foundation\\\/investment-delegation\\\/#breadcrumb\"},\"inLanguage\":\"en-US\",\"potentialAction\":[{\"@type\":\"ReadAction\",\"target\":[\"https:\\\/\\\/ostersjostiftelsen.se\\\/en\\\/about-the-foundation\\\/investment-delegation\\\/\"]}]},{\"@type\":\"BreadcrumbList\",\"@id\":\"https:\\\/\\\/ostersjostiftelsen.se\\\/en\\\/about-the-foundation\\\/investment-delegation\\\/#breadcrumb\",\"itemListElement\":[{\"@type\":\"ListItem\",\"position\":1,\"name\":\"Home\",\"item\":\"https:\\\/\\\/ostersjostiftelsen.se\\\/en\\\/\"},{\"@type\":\"ListItem\",\"position\":2,\"name\":\"About the Foundation\",\"item\":\"https:\\\/\\\/ostersjostiftelsen.se\\\/en\\\/about-the-foundation\\\/\"},{\"@type\":\"ListItem\",\"position\":3,\"name\":\"Investment committee\"}]},{\"@type\":\"WebSite\",\"@id\":\"https:\\\/\\\/ostersjostiftelsen.se\\\/#website\",\"url\":\"https:\\\/\\\/ostersjostiftelsen.se\\\/\",\"name\":\"\u00d6stersj\u00f6stiftelsen\",\"description\":\"Stiftelsen f\u00f6r forskning inom omr\u00e5den med anknytning till \u00d6stersj\u00f6regionen och \u00d6steuropa\",\"potentialAction\":[{\"@type\":\"SearchAction\",\"target\":{\"@type\":\"EntryPoint\",\"urlTemplate\":\"https:\\\/\\\/ostersjostiftelsen.se\\\/?s={search_term_string}\"},\"query-input\":{\"@type\":\"PropertyValueSpecification\",\"valueRequired\":true,\"valueName\":\"search_term_string\"}}],\"inLanguage\":\"en-US\"}]}<\/script>\n<!-- \/ Yoast SEO plugin. -->","yoast_head_json":{"title":"Investment committee - \u00d6stersj\u00f6stiftelsen","robots":{"index":"index","follow":"follow","max-snippet":"max-snippet:-1","max-image-preview":"max-image-preview:large","max-video-preview":"max-video-preview:-1"},"canonical":"https:\/\/ostersjostiftelsen.se\/en\/about-the-foundation\/investment-delegation\/","og_locale":"en_US","og_type":"article","og_title":"Investment committee - \u00d6stersj\u00f6stiftelsen","og_description":"Lars-G\u00f6ran Orrevall Chair of the investment committeeFormer CIO Marja Carlsson Member of the investment committeeHead...","og_url":"https:\/\/ostersjostiftelsen.se\/en\/about-the-foundation\/investment-delegation\/","og_site_name":"\u00d6stersj\u00f6stiftelsen","article_modified_time":"2025-07-01T13:52:27+00:00","twitter_card":"summary_large_image","twitter_misc":{"Est. reading time":"1 minute"},"schema":{"@context":"https:\/\/schema.org","@graph":[{"@type":"WebPage","@id":"https:\/\/ostersjostiftelsen.se\/en\/about-the-foundation\/investment-delegation\/","url":"https:\/\/ostersjostiftelsen.se\/en\/about-the-foundation\/investment-delegation\/","name":"Investment committee - \u00d6stersj\u00f6stiftelsen","isPartOf":{"@id":"https:\/\/ostersjostiftelsen.se\/#website"},"datePublished":"2020-02-28T09:57:41+00:00","dateModified":"2025-07-01T13:52:27+00:00","breadcrumb":{"@id":"https:\/\/ostersjostiftelsen.se\/en\/about-the-foundation\/investment-delegation\/#breadcrumb"},"inLanguage":"en-US","potentialAction":[{"@type":"ReadAction","target":["https:\/\/ostersjostiftelsen.se\/en\/about-the-foundation\/investment-delegation\/"]}]},{"@type":"BreadcrumbList","@id":"https:\/\/ostersjostiftelsen.se\/en\/about-the-foundation\/investment-delegation\/#breadcrumb","itemListElement":[{"@type":"ListItem","position":1,"name":"Home","item":"https:\/\/ostersjostiftelsen.se\/en\/"},{"@type":"ListItem","position":2,"name":"About the Foundation","item":"https:\/\/ostersjostiftelsen.se\/en\/about-the-foundation\/"},{"@type":"ListItem","position":3,"name":"Investment committee"}]},{"@type":"WebSite","@id":"https:\/\/ostersjostiftelsen.se\/#website","url":"https:\/\/ostersjostiftelsen.se\/","name":"\u00d6stersj\u00f6stiftelsen","description":"Stiftelsen f\u00f6r forskning inom omr\u00e5den med anknytning till \u00d6stersj\u00f6regionen och \u00d6steuropa","potentialAction":[{"@type":"SearchAction","target":{"@type":"EntryPoint","urlTemplate":"https:\/\/ostersjostiftelsen.se\/?s={search_term_string}"},"query-input":{"@type":"PropertyValueSpecification","valueRequired":true,"valueName":"search_term_string"}}],"inLanguage":"en-US"}]}},"_links":{"self":[{"href":"https:\/\/ostersjostiftelsen.se\/en\/wp-json\/wp\/v2\/pages\/1484","targetHints":{"allow":["GET"]}}],"collection":[{"href":"https:\/\/ostersjostiftelsen.se\/en\/wp-json\/wp\/v2\/pages"}],"about":[{"href":"https:\/\/ostersjostiftelsen.se\/en\/wp-json\/wp\/v2\/types\/page"}],"author":[{"embeddable":true,"href":"https:\/\/ostersjostiftelsen.se\/en\/wp-json\/wp\/v2\/users\/1"}],"replies":[{"embeddable":true,"href":"https:\/\/ostersjostiftelsen.se\/en\/wp-json\/wp\/v2\/comments?post=1484"}],"version-history":[{"count":28,"href":"https:\/\/ostersjostiftelsen.se\/en\/wp-json\/wp\/v2\/pages\/1484\/revisions"}],"predecessor-version":[{"id":6484,"href":"https:\/\/ostersjostiftelsen.se\/en\/wp-json\/wp\/v2\/pages\/1484\/revisions\/6484"}],"up":[{"embeddable":true,"href":"https:\/\/ostersjostiftelsen.se\/en\/wp-json\/wp\/v2\/pages\/1478"}],"wp:attachment":[{"href":"https:\/\/ostersjostiftelsen.se\/en\/wp-json\/wp\/v2\/media?parent=1484"}],"curies":[{"name":"wp","href":"https:\/\/api.w.org\/{rel}","templated":true}]}}