{"id":1490,"date":"2020-02-28T11:45:40","date_gmt":"2020-02-28T10:45:40","guid":{"rendered":"https:\/\/ostersjostiftelsen.se\/about-the-foundation\/evaluation\/"},"modified":"2022-06-29T10:28:27","modified_gmt":"2022-06-29T08:28:27","slug":"evaluation","status":"publish","type":"page","link":"https:\/\/ostersjostiftelsen.se\/en\/about-the-foundation\/evaluation\/","title":{"rendered":"Reports"},"content":{"rendered":"\n<h2 class=\"wp-block-heading\">2022<\/h2>\n\n\n\n<h3 class=\"has-regular-font-size wp-block-heading\"><a href=\"https:\/\/ostersjostiftelsen.se\/wp-content\/uploads\/2022\/04\/professorsprogrammet-vid-sodertorns-hogskola-rapport-2.pdf\" target=\"_blank\" rel=\"noreferrer noopener\"><strong>Professorsprogrammet vid S\u00f6dert\u00f6rns h\u00f6gskola \u2013 Rapport<\/strong>\u00a0<\/a>(PDF 902 KB)<\/h3>\n\n\n\n<p>As part of a review of the Foundation&#8217;s forms of support, the Foundation has appointed a group of experts to carry out a study of the professors&#8217; programme at S\u00f6dert\u00f6rn University, which is funded by the Foundation.<\/p>\n\n\n\n<hr class=\"wp-block-separator has-css-opacity is-style-wide\"\/>\n\n\n\n<h2 class=\"wp-block-heading\">2019<\/h2>\n\n\n\n<h3 class=\"has-regular-font-size wp-block-heading\"><strong><a href=\"https:\/\/ostersjostiftelsen.se\/wp-content\/uploads\/2022\/04\/utvardering-av-ostersjostiftelsens-stodformer.pdf\" target=\"_blank\" rel=\"noreferrer noopener\">Utv\u00e4rdering av \u00d6stersj\u00f6stiftelsens st\u00f6dformer<\/a><\/strong> (PDF 876 KB)<\/h3>\n\n\n\n<p>The Foundation has appointed the Danish research institute Danish Centre for Studies in Research and Research Policy to evaluate the Foundation&#8217;s funding practices. <\/p>\n\n\n\n<h3 class=\"has-regular-font-size wp-block-heading\"><strong><a href=\"https:\/\/ostersjostiftelsen.se\/wp-content\/uploads\/2019\/12\/jubileumsfolder-19-2.pdf\"><\/a><\/strong><a href=\"https:\/\/ostersjostiftelsen.se\/wp-content\/uploads\/2022\/04\/stiftelserna-ett-kvartssekel-klas-eklund.pdf\" target=\"_blank\" rel=\"noreferrer noopener\"><strong>Stiftelserna ett kvartssekel &#8211; En hisnande resa fr\u00e5n l\u00f6ntagarfonder till forskningspengar<\/strong><\/a><strong> <\/strong>\u00a0(PDF 4,52 MB)<\/h3>\n\n\n\n<p>In connection with the so-called employee fund foundations celebrating their 25th anniversary, Klas Eklund wrote an anniversary publication describing the foundations&#8217; common history.<\/p>\n\n\n\n<hr class=\"wp-block-separator has-css-opacity is-style-wide\"\/>\n\n\n\n<h2 class=\"wp-block-heading\">2017<\/h2>\n\n\n\n<h3 class=\"has-regular-font-size wp-block-heading\"><strong><a href=\"https:\/\/ostersjostiftelsen.se\/wp-content\/uploads\/2022\/04\/rapport-om-open-accesspublicering-hos-fem-forskningsfinansiarer.pdf\" target=\"_blank\" rel=\"noreferrer noopener\">Rapport om open accesspublicering hos fem forskningsfinansi\u00e4rer\u00a0<\/a><\/strong>(PDF 378,5 KB)<\/h3>\n\n\n\n<p>Five Swedish research funders, Formas, Forte, Riksbankens Jubileumsfond, The Swedish Research Council and The Foundation for Baltic and East European Studies have compiled a joint report on open access publishing.<\/p>\n\n\n\n<hr class=\"wp-block-separator has-css-opacity is-style-wide\"\/>\n\n\n\n<h2 class=\"wp-block-heading\">2014<\/h2>\n\n\n\n<h3 class=\"has-regular-font-size wp-block-heading\"><strong><a href=\"https:\/\/ostersjostiftelsen.se\/wp-content\/uploads\/2022\/04\/kungliga-vetenskapsakademins-granskning-av-ostersjostiftelsen.pdf\" target=\"_blank\" rel=\"noreferrer noopener\">Kungliga vetenskapsakademins granskning av \u00d6stersj\u00f6stiftelsen<\/a><\/strong>\u00a0(PDF 1,3 MB)<\/h3>\n\n\n\n<p>The Royal Swedish Academy of Sciences has examined the Foundations activities in accordance to the Foundation&#8217;s Statutes in 2013. The report was published in the spring of 2014.<\/p>\n\n\n\n<h3 class=\"has-regular-font-size wp-block-heading\"><strong><a href=\"https:\/\/ostersjostiftelsen.se\/wp-content\/uploads\/2022\/04\/utvardering-av-programmet-nordic-spaces.pdf\" target=\"_blank\" rel=\"noreferrer noopener\">Utv\u00e4rdering av programmet Nordic Spaces<\/a><\/strong>\u00a0(PDF 796,3 KB)<\/h3>\n\n\n\n<p>Nordic Spaces 2007 &#8211; 2012. A multidisciplinary research programme with participants from different countries, funded by eight organisations in four countries.<\/p>\n\n\n\n<hr class=\"wp-block-separator has-css-opacity is-style-wide\"\/>\n\n\n\n<h2 class=\"wp-block-heading\">2010<\/h2>\n\n\n\n<h3 class=\"has-regular-font-size wp-block-heading\"><a href=\"https:\/\/ostersjostiftelsen.se\/wp-content\/uploads\/2022\/04\/roster-om-ostersjostiftelsen.pdf\" target=\"_blank\" rel=\"noreferrer noopener\"><strong>R\u00f6ster om \u00d6stersj\u00f6stiftelsen<\/strong>\u00a0<\/a>(PDF 323,2 KB)<\/h3>\n\n\n\n<p>The report highlights various stakeholders&#8217; perspectives on the Foundation for Baltic and East European Studies and the activities funded by the Foundation.<\/p>\n\n\n\n<h3 class=\"has-regular-font-size wp-block-heading\"><strong><a href=\"https:\/\/ostersjostiftelsen.se\/wp-content\/uploads\/2022\/04\/utvardering-av-stockholm-centre-on-health-of-societies-in-transition-scohost.pdf\" target=\"_blank\" rel=\"noreferrer noopener\">Tematisk utv\u00e4rdering av fyra projekt som bedrivits inom forskargruppen Stockholm Centre on Health of Societies in Transition (SCOHOST)<\/a><\/strong>\u00a0(PDF 465,6 KB)<\/h3>\n\n\n\n<p>Four research projects that were conducted within the research group Stockholm Centre on Health of Societies in Transition (SCOHOST) have been evaluated by Professors Jon Ivar Elstad, University of Oslo and Urban Janlert, Ume\u00e5 University.<\/p>\n\n\n\n<h3 class=\"has-regular-font-size wp-block-heading\"><strong><a href=\"https:\/\/ostersjostiftelsen.se\/wp-content\/uploads\/2022\/04\/tematisk-utvardering-av-fem-projekt-inom-medie-och-kommunikationsvetenskap.pdf\" target=\"_blank\" rel=\"noreferrer noopener\">Tematisk utv\u00e4rdering av fem projekt inom medie- och kommunikationsvetenskap<\/a><\/strong>\u00a0(PDF 722,2 KB)<\/h3>\n\n\n\n<p>Five projects within media and communication studies have been evaluated by Professors Peter Dahlgren, Lund University and Knut Lundby, University of Oslo.<\/p>\n\n\n\n<h3 class=\"has-regular-font-size wp-block-heading\"><strong><a href=\"https:\/\/ostersjostiftelsen.se\/wp-content\/uploads\/2022\/04\/resultatanalys-av-ostersjostiftelsens-forskningsfinansiering.pdf\" target=\"_blank\" rel=\"noreferrer noopener\">Resultatanalys av \u00d6stersj\u00f6stiftelsens forskningsfinansiering<\/a><\/strong>\u00a0(PDF 481,4 KB)<\/h3>\n\n\n\n<p>Results in an academic environment are always contextually dependent and not isolated from the outside world. Two environments at S\u00f6dert\u00f6rn University were selected and compared with a couple of similar external environments. The two S\u00f6dert\u00f6rn environments are the Contemporary History Institute and the Stockholm Center on Health of Societies in Transition (SCOHOST).<\/p>\n\n\n\n<hr class=\"wp-block-separator has-css-opacity is-style-wide\"\/>\n\n\n\n<h2 class=\"wp-block-heading\">2009<\/h2>\n\n\n\n<h3 class=\"has-regular-font-size wp-block-heading\"><strong><a href=\"https:\/\/ostersjostiftelsen.se\/wp-content\/uploads\/2022\/04\/utvardering-av-fyra-historiska-projekt.pdf\" target=\"_blank\" rel=\"noreferrer noopener\">Tematisk utv\u00e4rdering av fyra historiska projekt<\/a><\/strong>\u00a0(PDF 195,4 KB)<\/h3>\n\n\n\n<p>Four projects within history funded by the Foundation for Baltic and East European Studies have been evaluated by two experts, Professors Kristian Gerner, Lund University and Harald Runblom, Uppsala University.<\/p>\n\n\n\n<h3 class=\"has-regular-font-size wp-block-heading\"><strong><a href=\"https:\/\/ostersjostiftelsen.se\/wp-content\/uploads\/2022\/04\/utvardering-av-forskarskolan-beegs.pdf\" target=\"_blank\" rel=\"noreferrer noopener\">Utv\u00e4rdering av forskarskolan BEEGS<\/a><\/strong>\u00a0(PDF 241,7 KB)<\/h3>\n\n\n\n<p>The Baltic and East European Graduate School (BEEGS) at S\u00f6dert\u00f6rn University was started in 2000 with funding from the\u00a0 Foundation for Baltic and East European Studies. The overall purpose of this evaluation was to evaluate the graduate school as a whole: conditions\/frameworks, processes and results achieved.<\/p>\n\n\n\n<h3 class=\"has-regular-font-size wp-block-heading\"><strong><a href=\"https:\/\/ostersjostiftelsen.se\/wp-content\/uploads\/2022\/04\/utvardering-av-ostersjostiftelsens-forskningsfinansiering.pdf\" target=\"_blank\" rel=\"noreferrer noopener\">Utv\u00e4rdering av \u00d6stersj\u00f6stiftelsens forskningsfinansiering\u00a0<\/a><\/strong>(PDF 546,2 KB)<\/h3>\n\n\n\n<p>The report is an overall evaluation of the funding by Foundation for the Baltic and East European Studies. The study consists of a mapping and an analysis of the financing portfolio, a meta-analysis of previous evaluations and reviews of the research during the period of 2002-2009.<\/p>\n\n\n\n<hr class=\"wp-block-separator has-css-opacity is-style-wide\"\/>\n\n\n\n<h2 class=\"wp-block-heading\">2001<\/h2>\n\n\n\n<h3 class=\"has-regular-font-size wp-block-heading\"><strong><a href=\"https:\/\/ostersjostiftelsen.se\/wp-content\/uploads\/2022\/04\/kungliga-vetenskapsakademins-granskning-av-ostersjostiftelsen-1994-2001.pdf\" target=\"_blank\" rel=\"noreferrer noopener\">Kungliga vetenskapsakademins granskning av \u00d6stersj\u00f6stiftelsen 1994 &#8211; 2001<\/a><\/strong>\u00a0(PDF 377,2 KB)<\/h3>\n\n\n\n<p>In 2001 the Royal Swedish Academy of Sciences evaluated  the Foundation&#8217;s activities in accordance to the Foundation&#8217;s Statutes. The evaluation concerned years from the establishment of the Foundation in 1994 until 2001. The Report was published in 2001.<\/p>\n","protected":false},"excerpt":{"rendered":"<p>2022 Professorsprogrammet vid S\u00f6dert\u00f6rns h\u00f6gskola \u2013 Rapport\u00a0(PDF 902 KB) As part of a review of&#8230;<\/p>\n","protected":false},"author":1,"featured_media":0,"parent":1478,"menu_order":0,"comment_status":"closed","ping_status":"closed","template":"","meta":{"_acf_changed":false,"_monsterinsights_skip_tracking":false,"_monsterinsights_sitenote_active":false,"_monsterinsights_sitenote_note":"","_monsterinsights_sitenote_category":0,"footnotes":""},"class_list":["post-1490","page","type-page","status-publish","hentry"],"acf":[],"yoast_head":"<!-- This site is optimized with the Yoast SEO plugin v27.3 - https:\/\/yoast.com\/product\/yoast-seo-wordpress\/ -->\n<title>Reports - \u00d6stersj\u00f6stiftelsen<\/title>\n<meta name=\"robots\" content=\"index, follow, max-snippet:-1, max-image-preview:large, max-video-preview:-1\" \/>\n<link rel=\"canonical\" href=\"https:\/\/ostersjostiftelsen.se\/en\/about-the-foundation\/evaluation\/\" \/>\n<meta property=\"og:locale\" content=\"en_US\" \/>\n<meta property=\"og:type\" content=\"article\" \/>\n<meta property=\"og:title\" content=\"Reports - \u00d6stersj\u00f6stiftelsen\" \/>\n<meta property=\"og:description\" content=\"2022 Professorsprogrammet vid S\u00f6dert\u00f6rns h\u00f6gskola \u2013 Rapport\u00a0(PDF 902 KB) As part of a review of...\" \/>\n<meta property=\"og:url\" content=\"https:\/\/ostersjostiftelsen.se\/en\/about-the-foundation\/evaluation\/\" \/>\n<meta property=\"og:site_name\" content=\"\u00d6stersj\u00f6stiftelsen\" \/>\n<meta property=\"article:modified_time\" content=\"2022-06-29T08:28:27+00:00\" \/>\n<meta name=\"twitter:card\" content=\"summary_large_image\" \/>\n<meta name=\"twitter:label1\" content=\"Est. reading time\" \/>\n\t<meta name=\"twitter:data1\" content=\"3 minutes\" \/>\n<script type=\"application\/ld+json\" class=\"yoast-schema-graph\">{\"@context\":\"https:\\\/\\\/schema.org\",\"@graph\":[{\"@type\":\"WebPage\",\"@id\":\"https:\\\/\\\/ostersjostiftelsen.se\\\/en\\\/about-the-foundation\\\/evaluation\\\/\",\"url\":\"https:\\\/\\\/ostersjostiftelsen.se\\\/en\\\/about-the-foundation\\\/evaluation\\\/\",\"name\":\"Reports - \u00d6stersj\u00f6stiftelsen\",\"isPartOf\":{\"@id\":\"https:\\\/\\\/ostersjostiftelsen.se\\\/#website\"},\"datePublished\":\"2020-02-28T10:45:40+00:00\",\"dateModified\":\"2022-06-29T08:28:27+00:00\",\"breadcrumb\":{\"@id\":\"https:\\\/\\\/ostersjostiftelsen.se\\\/en\\\/about-the-foundation\\\/evaluation\\\/#breadcrumb\"},\"inLanguage\":\"en-US\",\"potentialAction\":[{\"@type\":\"ReadAction\",\"target\":[\"https:\\\/\\\/ostersjostiftelsen.se\\\/en\\\/about-the-foundation\\\/evaluation\\\/\"]}]},{\"@type\":\"BreadcrumbList\",\"@id\":\"https:\\\/\\\/ostersjostiftelsen.se\\\/en\\\/about-the-foundation\\\/evaluation\\\/#breadcrumb\",\"itemListElement\":[{\"@type\":\"ListItem\",\"position\":1,\"name\":\"Home\",\"item\":\"https:\\\/\\\/ostersjostiftelsen.se\\\/en\\\/\"},{\"@type\":\"ListItem\",\"position\":2,\"name\":\"About the Foundation\",\"item\":\"https:\\\/\\\/ostersjostiftelsen.se\\\/en\\\/about-the-foundation\\\/\"},{\"@type\":\"ListItem\",\"position\":3,\"name\":\"Reports\"}]},{\"@type\":\"WebSite\",\"@id\":\"https:\\\/\\\/ostersjostiftelsen.se\\\/#website\",\"url\":\"https:\\\/\\\/ostersjostiftelsen.se\\\/\",\"name\":\"\u00d6stersj\u00f6stiftelsen\",\"description\":\"Stiftelsen f\u00f6r forskning inom omr\u00e5den med anknytning till \u00d6stersj\u00f6regionen och \u00d6steuropa\",\"potentialAction\":[{\"@type\":\"SearchAction\",\"target\":{\"@type\":\"EntryPoint\",\"urlTemplate\":\"https:\\\/\\\/ostersjostiftelsen.se\\\/?s={search_term_string}\"},\"query-input\":{\"@type\":\"PropertyValueSpecification\",\"valueRequired\":true,\"valueName\":\"search_term_string\"}}],\"inLanguage\":\"en-US\"}]}<\/script>\n<!-- \/ Yoast SEO plugin. -->","yoast_head_json":{"title":"Reports - \u00d6stersj\u00f6stiftelsen","robots":{"index":"index","follow":"follow","max-snippet":"max-snippet:-1","max-image-preview":"max-image-preview:large","max-video-preview":"max-video-preview:-1"},"canonical":"https:\/\/ostersjostiftelsen.se\/en\/about-the-foundation\/evaluation\/","og_locale":"en_US","og_type":"article","og_title":"Reports - \u00d6stersj\u00f6stiftelsen","og_description":"2022 Professorsprogrammet vid S\u00f6dert\u00f6rns h\u00f6gskola \u2013 Rapport\u00a0(PDF 902 KB) As part of a review of...","og_url":"https:\/\/ostersjostiftelsen.se\/en\/about-the-foundation\/evaluation\/","og_site_name":"\u00d6stersj\u00f6stiftelsen","article_modified_time":"2022-06-29T08:28:27+00:00","twitter_card":"summary_large_image","twitter_misc":{"Est. reading time":"3 minutes"},"schema":{"@context":"https:\/\/schema.org","@graph":[{"@type":"WebPage","@id":"https:\/\/ostersjostiftelsen.se\/en\/about-the-foundation\/evaluation\/","url":"https:\/\/ostersjostiftelsen.se\/en\/about-the-foundation\/evaluation\/","name":"Reports - \u00d6stersj\u00f6stiftelsen","isPartOf":{"@id":"https:\/\/ostersjostiftelsen.se\/#website"},"datePublished":"2020-02-28T10:45:40+00:00","dateModified":"2022-06-29T08:28:27+00:00","breadcrumb":{"@id":"https:\/\/ostersjostiftelsen.se\/en\/about-the-foundation\/evaluation\/#breadcrumb"},"inLanguage":"en-US","potentialAction":[{"@type":"ReadAction","target":["https:\/\/ostersjostiftelsen.se\/en\/about-the-foundation\/evaluation\/"]}]},{"@type":"BreadcrumbList","@id":"https:\/\/ostersjostiftelsen.se\/en\/about-the-foundation\/evaluation\/#breadcrumb","itemListElement":[{"@type":"ListItem","position":1,"name":"Home","item":"https:\/\/ostersjostiftelsen.se\/en\/"},{"@type":"ListItem","position":2,"name":"About the Foundation","item":"https:\/\/ostersjostiftelsen.se\/en\/about-the-foundation\/"},{"@type":"ListItem","position":3,"name":"Reports"}]},{"@type":"WebSite","@id":"https:\/\/ostersjostiftelsen.se\/#website","url":"https:\/\/ostersjostiftelsen.se\/","name":"\u00d6stersj\u00f6stiftelsen","description":"Stiftelsen f\u00f6r forskning inom omr\u00e5den med anknytning till \u00d6stersj\u00f6regionen och \u00d6steuropa","potentialAction":[{"@type":"SearchAction","target":{"@type":"EntryPoint","urlTemplate":"https:\/\/ostersjostiftelsen.se\/?s={search_term_string}"},"query-input":{"@type":"PropertyValueSpecification","valueRequired":true,"valueName":"search_term_string"}}],"inLanguage":"en-US"}]}},"_links":{"self":[{"href":"https:\/\/ostersjostiftelsen.se\/en\/wp-json\/wp\/v2\/pages\/1490","targetHints":{"allow":["GET"]}}],"collection":[{"href":"https:\/\/ostersjostiftelsen.se\/en\/wp-json\/wp\/v2\/pages"}],"about":[{"href":"https:\/\/ostersjostiftelsen.se\/en\/wp-json\/wp\/v2\/types\/page"}],"author":[{"embeddable":true,"href":"https:\/\/ostersjostiftelsen.se\/en\/wp-json\/wp\/v2\/users\/1"}],"replies":[{"embeddable":true,"href":"https:\/\/ostersjostiftelsen.se\/en\/wp-json\/wp\/v2\/comments?post=1490"}],"version-history":[{"count":22,"href":"https:\/\/ostersjostiftelsen.se\/en\/wp-json\/wp\/v2\/pages\/1490\/revisions"}],"predecessor-version":[{"id":4271,"href":"https:\/\/ostersjostiftelsen.se\/en\/wp-json\/wp\/v2\/pages\/1490\/revisions\/4271"}],"up":[{"embeddable":true,"href":"https:\/\/ostersjostiftelsen.se\/en\/wp-json\/wp\/v2\/pages\/1478"}],"wp:attachment":[{"href":"https:\/\/ostersjostiftelsen.se\/en\/wp-json\/wp\/v2\/media?parent=1490"}],"curies":[{"name":"wp","href":"https:\/\/api.w.org\/{rel}","templated":true}]}}