{"id":1837,"date":"2020-05-05T09:38:03","date_gmt":"2020-05-05T07:38:03","guid":{"rendered":"https:\/\/ostersjostiftelsen.se\/asset-management\/"},"modified":"2025-05-15T12:25:50","modified_gmt":"2025-05-15T10:25:50","slug":"asset-management","status":"publish","type":"page","link":"https:\/\/ostersjostiftelsen.se\/en\/asset-management\/","title":{"rendered":"Asset management"},"content":{"rendered":"\n<p><strong>Like many foundations, the Foundation for Baltic and East European Studies takes a permanent stance on its assets. The original endowment has to be managed so that it at least retains its real value over time. The assets must also be managed in a secure manner, limiting the risks and making best use of the potential for a good return. The Foundation\u2019s Board has adopted an investment policy that serves as a set of guidelines for its asset management, and is revised annually.<\/strong><\/p>\n\n\n\n<p>The Board has adopted a requirement of an average real annual return. The current figure is 4.5 per cent. Every year, the Foundation\u2019s Board also adopts a \u2019normal portfolio\u2019, which specifies allocation among asset classes and permitted deviations from the same.<\/p>\n\n\n\n<p><strong>The following principles are guidelines for asset management. The Foundation for Baltic and East European Studies<\/strong>:<\/p>\n\n\n\n<ul class=\"wp-block-list\">\n<li>Strives to spread risk through well-diversified portfolios in the asset categories selected.<\/li>\n\n\n\n<li>Endeavours to achieve a low turnover in the portfolios and low management costs, since turnover and costs exert a significant effect on management outcome in the long term.<\/li>\n\n\n\n<li>Works independently in managing its assets, and takes its own investment decisions.<\/li>\n\n\n\n<li>Continuously examines its share investments from ethical and environmental points of view.<\/li>\n<\/ul>\n\n\n\n<p>The Board bears ultimate responsibility for the Foundation\u2019s asset management. On the Board\u2019s behalf, asset management is carried out by an investment committee. This committee meets monthly. The Foundation employs managers to deal with the assets on a continuous basis. The Swedish Legal, Financial and Administrative Services Agency performs the Foundation\u2019s back office and middle office functions. Alongside the regular audit, the asset management is examined by an external party (a form of \u2018internal control\u2019).<\/p>\n\n\n\n<p>When the Foundation was formed in 1994, its endowment was SEK 1,270 million. The average annual return from the formation until 31 December 2024 was 9.6 per cent (real return 7.8 per cent). During this period, SEK 4,9 million was distributed in grants.<\/p>\n\n\n\n<p>The following diagram shows, in blue, the Foundation\u2019s actual trend of asset value from the formation in 1994 to 31 December 2024. The orange line represents a reference portfolio in which 40% is composed of bonds and 60% of shares, while the gray line shows the assets that are not permitted to be depleted.<\/p>\n\n\n<div class=\"wp-block-image\">\n<figure class=\"aligncenter size-large\"><img loading=\"lazy\" decoding=\"async\" width=\"1024\" height=\"609\" src=\"https:\/\/ostersjostiftelsen.se\/wp-content\/uploads\/2025\/05\/diagram-kapitalforvaltning-2024-1024x609.png\" alt=\"\" class=\"wp-image-6299\" srcset=\"https:\/\/ostersjostiftelsen.se\/wp-content\/uploads\/2025\/05\/diagram-kapitalforvaltning-2024-1024x609.png 1024w, https:\/\/ostersjostiftelsen.se\/wp-content\/uploads\/2025\/05\/diagram-kapitalforvaltning-2024-300x178.png 300w, https:\/\/ostersjostiftelsen.se\/wp-content\/uploads\/2025\/05\/diagram-kapitalforvaltning-2024-768x457.png 768w, https:\/\/ostersjostiftelsen.se\/wp-content\/uploads\/2025\/05\/diagram-kapitalforvaltning-2024-1536x914.png 1536w, https:\/\/ostersjostiftelsen.se\/wp-content\/uploads\/2025\/05\/diagram-kapitalforvaltning-2024-2048x1218.png 2048w, https:\/\/ostersjostiftelsen.se\/wp-content\/uploads\/2025\/05\/diagram-kapitalforvaltning-2024-269x160.png 269w, https:\/\/ostersjostiftelsen.se\/wp-content\/uploads\/2025\/05\/diagram-kapitalforvaltning-2024-526x313.png 526w, https:\/\/ostersjostiftelsen.se\/wp-content\/uploads\/2025\/05\/diagram-kapitalforvaltning-2024-720x428.png 720w, https:\/\/ostersjostiftelsen.se\/wp-content\/uploads\/2025\/05\/diagram-kapitalforvaltning-2024-960x571.png 960w, https:\/\/ostersjostiftelsen.se\/wp-content\/uploads\/2025\/05\/diagram-kapitalforvaltning-2024-1140x678.png 1140w, https:\/\/ostersjostiftelsen.se\/wp-content\/uploads\/2025\/05\/diagram-kapitalforvaltning-2024-1600x952.png 1600w, https:\/\/ostersjostiftelsen.se\/wp-content\/uploads\/2025\/05\/diagram-kapitalforvaltning-2024-1920x1142.png 1920w\" sizes=\"auto, (max-width: 1024px) 100vw, 1024px\" \/><\/figure>\n<\/div>","protected":false},"excerpt":{"rendered":"<p>Like many foundations, the Foundation for Baltic and East European Studies takes a permanent stance&#8230;<\/p>\n","protected":false},"author":1,"featured_media":0,"parent":0,"menu_order":0,"comment_status":"closed","ping_status":"closed","template":"page-templates\/page-landing.php","meta":{"_acf_changed":false,"_monsterinsights_skip_tracking":false,"_monsterinsights_sitenote_active":false,"_monsterinsights_sitenote_note":"","_monsterinsights_sitenote_category":0,"footnotes":""},"class_list":["post-1837","page","type-page","status-publish","hentry"],"acf":[],"yoast_head":"<!-- This site is optimized with the Yoast SEO plugin v27.5 - https:\/\/yoast.com\/product\/yoast-seo-wordpress\/ -->\n<title>Asset management - \u00d6stersj\u00f6stiftelsen<\/title>\n<meta name=\"robots\" content=\"index, follow, max-snippet:-1, max-image-preview:large, max-video-preview:-1\" \/>\n<link rel=\"canonical\" href=\"https:\/\/ostersjostiftelsen.se\/en\/asset-management\/\" \/>\n<meta property=\"og:locale\" content=\"en_US\" \/>\n<meta property=\"og:type\" content=\"article\" \/>\n<meta property=\"og:title\" content=\"Asset management - \u00d6stersj\u00f6stiftelsen\" \/>\n<meta property=\"og:description\" content=\"Like many foundations, the Foundation for Baltic and East European Studies takes a permanent stance...\" \/>\n<meta property=\"og:url\" content=\"https:\/\/ostersjostiftelsen.se\/en\/asset-management\/\" \/>\n<meta property=\"og:site_name\" content=\"\u00d6stersj\u00f6stiftelsen\" \/>\n<meta property=\"article:modified_time\" content=\"2025-05-15T10:25:50+00:00\" \/>\n<meta property=\"og:image\" content=\"https:\/\/ostersjostiftelsen.se\/wp-content\/uploads\/2025\/05\/diagram-kapitalforvaltning-2024.png\" \/>\n\t<meta property=\"og:image:width\" content=\"2064\" \/>\n\t<meta property=\"og:image:height\" content=\"1228\" \/>\n\t<meta property=\"og:image:type\" content=\"image\/png\" \/>\n<meta name=\"twitter:card\" content=\"summary_large_image\" \/>\n<meta name=\"twitter:label1\" content=\"Est. reading time\" \/>\n\t<meta name=\"twitter:data1\" content=\"3 minutes\" \/>\n<script type=\"application\/ld+json\" class=\"yoast-schema-graph\">{\"@context\":\"https:\\\/\\\/schema.org\",\"@graph\":[{\"@type\":\"WebPage\",\"@id\":\"https:\\\/\\\/ostersjostiftelsen.se\\\/en\\\/asset-management\\\/\",\"url\":\"https:\\\/\\\/ostersjostiftelsen.se\\\/en\\\/asset-management\\\/\",\"name\":\"Asset management - \u00d6stersj\u00f6stiftelsen\",\"isPartOf\":{\"@id\":\"https:\\\/\\\/ostersjostiftelsen.se\\\/#website\"},\"primaryImageOfPage\":{\"@id\":\"https:\\\/\\\/ostersjostiftelsen.se\\\/en\\\/asset-management\\\/#primaryimage\"},\"image\":{\"@id\":\"https:\\\/\\\/ostersjostiftelsen.se\\\/en\\\/asset-management\\\/#primaryimage\"},\"thumbnailUrl\":\"https:\\\/\\\/ostersjostiftelsen.se\\\/wp-content\\\/uploads\\\/2025\\\/05\\\/diagram-kapitalforvaltning-2024-1024x609.png\",\"datePublished\":\"2020-05-05T07:38:03+00:00\",\"dateModified\":\"2025-05-15T10:25:50+00:00\",\"breadcrumb\":{\"@id\":\"https:\\\/\\\/ostersjostiftelsen.se\\\/en\\\/asset-management\\\/#breadcrumb\"},\"inLanguage\":\"en-US\",\"potentialAction\":[{\"@type\":\"ReadAction\",\"target\":[\"https:\\\/\\\/ostersjostiftelsen.se\\\/en\\\/asset-management\\\/\"]}]},{\"@type\":\"ImageObject\",\"inLanguage\":\"en-US\",\"@id\":\"https:\\\/\\\/ostersjostiftelsen.se\\\/en\\\/asset-management\\\/#primaryimage\",\"url\":\"https:\\\/\\\/ostersjostiftelsen.se\\\/wp-content\\\/uploads\\\/2025\\\/05\\\/diagram-kapitalforvaltning-2024-1024x609.png\",\"contentUrl\":\"https:\\\/\\\/ostersjostiftelsen.se\\\/wp-content\\\/uploads\\\/2025\\\/05\\\/diagram-kapitalforvaltning-2024-1024x609.png\"},{\"@type\":\"BreadcrumbList\",\"@id\":\"https:\\\/\\\/ostersjostiftelsen.se\\\/en\\\/asset-management\\\/#breadcrumb\",\"itemListElement\":[{\"@type\":\"ListItem\",\"position\":1,\"name\":\"Home\",\"item\":\"https:\\\/\\\/ostersjostiftelsen.se\\\/en\\\/\"},{\"@type\":\"ListItem\",\"position\":2,\"name\":\"Asset management\"}]},{\"@type\":\"WebSite\",\"@id\":\"https:\\\/\\\/ostersjostiftelsen.se\\\/#website\",\"url\":\"https:\\\/\\\/ostersjostiftelsen.se\\\/\",\"name\":\"\u00d6stersj\u00f6stiftelsen\",\"description\":\"Stiftelsen f\u00f6r forskning inom omr\u00e5den med anknytning till \u00d6stersj\u00f6regionen och \u00d6steuropa\",\"potentialAction\":[{\"@type\":\"SearchAction\",\"target\":{\"@type\":\"EntryPoint\",\"urlTemplate\":\"https:\\\/\\\/ostersjostiftelsen.se\\\/?s={search_term_string}\"},\"query-input\":{\"@type\":\"PropertyValueSpecification\",\"valueRequired\":true,\"valueName\":\"search_term_string\"}}],\"inLanguage\":\"en-US\"}]}<\/script>\n<!-- \/ Yoast SEO plugin. -->","yoast_head_json":{"title":"Asset management - \u00d6stersj\u00f6stiftelsen","robots":{"index":"index","follow":"follow","max-snippet":"max-snippet:-1","max-image-preview":"max-image-preview:large","max-video-preview":"max-video-preview:-1"},"canonical":"https:\/\/ostersjostiftelsen.se\/en\/asset-management\/","og_locale":"en_US","og_type":"article","og_title":"Asset management - \u00d6stersj\u00f6stiftelsen","og_description":"Like many foundations, the Foundation for Baltic and East European Studies takes a permanent stance...","og_url":"https:\/\/ostersjostiftelsen.se\/en\/asset-management\/","og_site_name":"\u00d6stersj\u00f6stiftelsen","article_modified_time":"2025-05-15T10:25:50+00:00","og_image":[{"width":2064,"height":1228,"url":"https:\/\/ostersjostiftelsen.se\/wp-content\/uploads\/2025\/05\/diagram-kapitalforvaltning-2024.png","type":"image\/png"}],"twitter_card":"summary_large_image","twitter_misc":{"Est. reading time":"3 minutes"},"schema":{"@context":"https:\/\/schema.org","@graph":[{"@type":"WebPage","@id":"https:\/\/ostersjostiftelsen.se\/en\/asset-management\/","url":"https:\/\/ostersjostiftelsen.se\/en\/asset-management\/","name":"Asset management - \u00d6stersj\u00f6stiftelsen","isPartOf":{"@id":"https:\/\/ostersjostiftelsen.se\/#website"},"primaryImageOfPage":{"@id":"https:\/\/ostersjostiftelsen.se\/en\/asset-management\/#primaryimage"},"image":{"@id":"https:\/\/ostersjostiftelsen.se\/en\/asset-management\/#primaryimage"},"thumbnailUrl":"https:\/\/ostersjostiftelsen.se\/wp-content\/uploads\/2025\/05\/diagram-kapitalforvaltning-2024-1024x609.png","datePublished":"2020-05-05T07:38:03+00:00","dateModified":"2025-05-15T10:25:50+00:00","breadcrumb":{"@id":"https:\/\/ostersjostiftelsen.se\/en\/asset-management\/#breadcrumb"},"inLanguage":"en-US","potentialAction":[{"@type":"ReadAction","target":["https:\/\/ostersjostiftelsen.se\/en\/asset-management\/"]}]},{"@type":"ImageObject","inLanguage":"en-US","@id":"https:\/\/ostersjostiftelsen.se\/en\/asset-management\/#primaryimage","url":"https:\/\/ostersjostiftelsen.se\/wp-content\/uploads\/2025\/05\/diagram-kapitalforvaltning-2024-1024x609.png","contentUrl":"https:\/\/ostersjostiftelsen.se\/wp-content\/uploads\/2025\/05\/diagram-kapitalforvaltning-2024-1024x609.png"},{"@type":"BreadcrumbList","@id":"https:\/\/ostersjostiftelsen.se\/en\/asset-management\/#breadcrumb","itemListElement":[{"@type":"ListItem","position":1,"name":"Home","item":"https:\/\/ostersjostiftelsen.se\/en\/"},{"@type":"ListItem","position":2,"name":"Asset management"}]},{"@type":"WebSite","@id":"https:\/\/ostersjostiftelsen.se\/#website","url":"https:\/\/ostersjostiftelsen.se\/","name":"\u00d6stersj\u00f6stiftelsen","description":"Stiftelsen f\u00f6r forskning inom omr\u00e5den med anknytning till \u00d6stersj\u00f6regionen och \u00d6steuropa","potentialAction":[{"@type":"SearchAction","target":{"@type":"EntryPoint","urlTemplate":"https:\/\/ostersjostiftelsen.se\/?s={search_term_string}"},"query-input":{"@type":"PropertyValueSpecification","valueRequired":true,"valueName":"search_term_string"}}],"inLanguage":"en-US"}]}},"_links":{"self":[{"href":"https:\/\/ostersjostiftelsen.se\/en\/wp-json\/wp\/v2\/pages\/1837","targetHints":{"allow":["GET"]}}],"collection":[{"href":"https:\/\/ostersjostiftelsen.se\/en\/wp-json\/wp\/v2\/pages"}],"about":[{"href":"https:\/\/ostersjostiftelsen.se\/en\/wp-json\/wp\/v2\/types\/page"}],"author":[{"embeddable":true,"href":"https:\/\/ostersjostiftelsen.se\/en\/wp-json\/wp\/v2\/users\/1"}],"replies":[{"embeddable":true,"href":"https:\/\/ostersjostiftelsen.se\/en\/wp-json\/wp\/v2\/comments?post=1837"}],"version-history":[{"count":12,"href":"https:\/\/ostersjostiftelsen.se\/en\/wp-json\/wp\/v2\/pages\/1837\/revisions"}],"predecessor-version":[{"id":6302,"href":"https:\/\/ostersjostiftelsen.se\/en\/wp-json\/wp\/v2\/pages\/1837\/revisions\/6302"}],"wp:attachment":[{"href":"https:\/\/ostersjostiftelsen.se\/en\/wp-json\/wp\/v2\/media?parent=1837"}],"curies":[{"name":"wp","href":"https:\/\/api.w.org\/{rel}","templated":true}]}}