{"id":1876,"date":"2020-05-28T11:20:28","date_gmt":"2020-05-28T09:20:28","guid":{"rendered":"https:\/\/ostersjostiftelsen.se\/about-the-foundation\/programme-statement-2020-2030\/"},"modified":"2022-06-29T09:24:49","modified_gmt":"2022-06-29T07:24:49","slug":"programme-statement-2020-2030","status":"publish","type":"page","link":"https:\/\/ostersjostiftelsen.se\/en\/about-the-foundation\/programme-statement-2020-2030\/","title":{"rendered":"Programme Statement 2020\u20132030"},"content":{"rendered":"\n<p class=\"has-large-font-size\">Foundation for Baltic and East European Studies<\/p>\n\n\n\n<h2 class=\"has-large-font-size wp-block-heading\">Purpose<\/h2>\n\n\n\n<p>This <em>Programme Statement<\/em> states the focus of the funding provided by the Foundation for Baltic and East European Studies. The <em>Statement<\/em>, which relates to the period from 2020 to 2030, is continuously followed up by the Board and evaluated after three years.<\/p>\n\n\n\n<h2 class=\"has-large-font-size wp-block-heading\">Aim<\/h2>\n\n\n\n<p>The aim of the Foundation for Baltic and East European Studies is defined in its Statutes. The overarching aim of the Foundation is:\n\n<em>The Foundation for Baltic and East European Studies\u2019 support for research, doctoral studies and scientific infrastructure should generate research of the highest possible quality, at S\u00f6dert\u00f6rn University, in areas related to the Baltic Sea Region and Eastern Europe.<\/em><\/p>\n\n\n\n<h2 class=\"has-large-font-size wp-block-heading\">Points of departure<\/h2>\n\n\n\n<ol class=\"wp-block-list\" type=\"1\"><li>The Foundation for Baltic and East European Studies is an independent organisation governed by the Swedish Foundation Act. The Foundation\u2019s Board interprets and applies the Statutes. <\/li><li>As a research funder, the Foundation has a distinct profile defined in its Statutes: its geographical area is specified, and its purpose is defined as supporting development of S\u00f6dert\u00f6rn University.<\/li><li>The Foundation\u2019s financial support must be related to the Baltic Sea Region and Eastern Europe. This region comprises, the Baltic Sea and the states surrounding it and post-Communist Central, Southern and Eastern Europe. The Foundation does not fund research that exclusively concerns Sweden or Swedish conditions. However, support may be available for research relating to Sweden, or to countries entirely outside the Baltic Sea Region and Eastern Europe, in comparative studies where this is scientifically justified.<\/li><li>The Foundation funds research, doctoral studies and scientific infrastructure, and also activities that develop these areas at S\u00f6dert\u00f6rn University. This support may cover all disciplines.<\/li><li>The Foundation can, on its own initiative, fund activities to promote research, doctoral studies and scientific infrastructure at S\u00f6dert\u00f6rn University.<\/li><li>The Foundation can also support initiatives of external provenance related to the Baltic Sea Region and Eastern Europe that take place in collaboration with researchers at S\u00f6dert\u00f6rn University.<\/li><li>The Foundation works for sustainability and predictability in its forms of funding, clarity in communication, mutual respect, transparency and assessment of funding applications that ensures equal opportunities and fairness.<\/li><li>Support may be provided following applications to the Foundation by researchers or research groups and\/or directly to S\u00f6dert\u00f6rn University after an application from the Vice-Chancellor. The support given to researchers or research groups for research and doctoral studies after they have applied directly to the Foundation must constitute the greater part of the Foundation\u2019s allocation of funds. <\/li><\/ol>\n\n\n\n<p>Within the framework of the customary requirements of scientific quality and relevance to the Baltic Sea Region and Eastern Europe, four priorities clarify the intentions underlying the Foundation\u2019s forms of support.<\/p>\n\n\n\n<h2 class=\"has-large-font-size wp-block-heading\">Internationalisation<\/h2>\n\n\n\n<p>Today, all research is conducted in an international arena, and internationalisation is a means of enhancing quality in research and doctoral studies. The demand for internationalisation is emphasised by the Foundation\u2019s focus on research in areas related to the Baltic Sea Region and Eastern Europe. Priority is given to support for international collaboration, network building and mobility of researchers and doctoral students. Other priorities of the Foundation are strategic alliances and updating of the forms of internationalisation. <\/p>\n\n\n\n<h2 class=\"has-large-font-size wp-block-heading\">The academic career \u2013 all stages<\/h2>\n\n\n\n<p>Creative research environments of high quality are distinguished not only by strong international networks but by a sound balance between a core of permanently employed researchers and an inflow of others employed in projects and engaged temporarily. This balance provides scope for innovative ideas, and is necessary for research environments to continue and develop. These environments are attractive to visiting researchers and external recruits. The Foundation prioritises support for all the various academic career stages and for strategic recruitments.<\/p>\n\n\n\n<h2 class=\"has-large-font-size wp-block-heading\">Scientific infrastructure<\/h2>\n\n\n\n<p>For high-quality research, sustainable infrastructure is essential. Growing digitisation is imposing new requirements on, and generating new opportunities and conditions for, research and dissemination of research results and data. Needs \u2014 for huge amounts of data to be stored, transferred and analysed, and to be accessible and reproducible \u2014 are growing rapidly. Access to suitable technology and laboratories of various kinds is crucial. The Foundation gives priority to supporting activities that strengthen scientific infrastructure.<\/p>\n\n\n\n<h2 class=\"has-large-font-size wp-block-heading\">Visibility and cooperation<\/h2>\n\n\n\n<p>A strong research environment is characterised by cooperation with the local community, dissemination of information about work in progress and practical use of research findings. These activities call for cooperation with all the relevant stakeholders both within and outside academia, abroad as well as in Sweden. The Foundation prioritises support for activities that improve accessibility, cooperation and visibility. <\/p>\n\n\n\n<p><\/p>\n\n\n\n<p><\/p>\n\n\n\n<p><\/p>\n\n\n\n<p><\/p>\n\n\n\n<p><\/p>\n\n\n\n<p><\/p>\n\n\n\n<p><\/p>\n","protected":false},"excerpt":{"rendered":"<p>Foundation for Baltic and East European Studies Purpose This Programme Statement states the focus of&#8230;<\/p>\n","protected":false},"author":1,"featured_media":0,"parent":1478,"menu_order":0,"comment_status":"closed","ping_status":"closed","template":"","meta":{"_acf_changed":false,"_monsterinsights_skip_tracking":false,"_monsterinsights_sitenote_active":false,"_monsterinsights_sitenote_note":"","_monsterinsights_sitenote_category":0,"footnotes":""},"class_list":["post-1876","page","type-page","status-publish","hentry"],"acf":[],"yoast_head":"<!-- This site is optimized with the Yoast SEO plugin v27.3 - https:\/\/yoast.com\/product\/yoast-seo-wordpress\/ -->\n<title>Programme Statement 2020\u20132030 - \u00d6stersj\u00f6stiftelsen<\/title>\n<meta name=\"robots\" content=\"index, follow, max-snippet:-1, max-image-preview:large, max-video-preview:-1\" \/>\n<link rel=\"canonical\" href=\"https:\/\/ostersjostiftelsen.se\/en\/about-the-foundation\/programme-statement-2020-2030\/\" \/>\n<meta property=\"og:locale\" content=\"en_US\" \/>\n<meta property=\"og:type\" content=\"article\" \/>\n<meta property=\"og:title\" content=\"Programme Statement 2020\u20132030 - \u00d6stersj\u00f6stiftelsen\" \/>\n<meta property=\"og:description\" content=\"Foundation for Baltic and East European Studies Purpose This Programme Statement states the focus of...\" \/>\n<meta property=\"og:url\" content=\"https:\/\/ostersjostiftelsen.se\/en\/about-the-foundation\/programme-statement-2020-2030\/\" \/>\n<meta property=\"og:site_name\" content=\"\u00d6stersj\u00f6stiftelsen\" \/>\n<meta property=\"article:modified_time\" content=\"2022-06-29T07:24:49+00:00\" \/>\n<meta name=\"twitter:card\" content=\"summary_large_image\" \/>\n<meta name=\"twitter:label1\" content=\"Est. reading time\" \/>\n\t<meta name=\"twitter:data1\" content=\"4 minutes\" \/>\n<script type=\"application\/ld+json\" class=\"yoast-schema-graph\">{\"@context\":\"https:\\\/\\\/schema.org\",\"@graph\":[{\"@type\":\"WebPage\",\"@id\":\"https:\\\/\\\/ostersjostiftelsen.se\\\/en\\\/about-the-foundation\\\/programme-statement-2020-2030\\\/\",\"url\":\"https:\\\/\\\/ostersjostiftelsen.se\\\/en\\\/about-the-foundation\\\/programme-statement-2020-2030\\\/\",\"name\":\"Programme Statement 2020\u20132030 - \u00d6stersj\u00f6stiftelsen\",\"isPartOf\":{\"@id\":\"https:\\\/\\\/ostersjostiftelsen.se\\\/#website\"},\"datePublished\":\"2020-05-28T09:20:28+00:00\",\"dateModified\":\"2022-06-29T07:24:49+00:00\",\"breadcrumb\":{\"@id\":\"https:\\\/\\\/ostersjostiftelsen.se\\\/en\\\/about-the-foundation\\\/programme-statement-2020-2030\\\/#breadcrumb\"},\"inLanguage\":\"en-US\",\"potentialAction\":[{\"@type\":\"ReadAction\",\"target\":[\"https:\\\/\\\/ostersjostiftelsen.se\\\/en\\\/about-the-foundation\\\/programme-statement-2020-2030\\\/\"]}]},{\"@type\":\"BreadcrumbList\",\"@id\":\"https:\\\/\\\/ostersjostiftelsen.se\\\/en\\\/about-the-foundation\\\/programme-statement-2020-2030\\\/#breadcrumb\",\"itemListElement\":[{\"@type\":\"ListItem\",\"position\":1,\"name\":\"Home\",\"item\":\"https:\\\/\\\/ostersjostiftelsen.se\\\/en\\\/\"},{\"@type\":\"ListItem\",\"position\":2,\"name\":\"About the Foundation\",\"item\":\"https:\\\/\\\/ostersjostiftelsen.se\\\/en\\\/about-the-foundation\\\/\"},{\"@type\":\"ListItem\",\"position\":3,\"name\":\"Programme Statement 2020\u20132030\"}]},{\"@type\":\"WebSite\",\"@id\":\"https:\\\/\\\/ostersjostiftelsen.se\\\/#website\",\"url\":\"https:\\\/\\\/ostersjostiftelsen.se\\\/\",\"name\":\"\u00d6stersj\u00f6stiftelsen\",\"description\":\"Stiftelsen f\u00f6r forskning inom omr\u00e5den med anknytning till \u00d6stersj\u00f6regionen och \u00d6steuropa\",\"potentialAction\":[{\"@type\":\"SearchAction\",\"target\":{\"@type\":\"EntryPoint\",\"urlTemplate\":\"https:\\\/\\\/ostersjostiftelsen.se\\\/?s={search_term_string}\"},\"query-input\":{\"@type\":\"PropertyValueSpecification\",\"valueRequired\":true,\"valueName\":\"search_term_string\"}}],\"inLanguage\":\"en-US\"}]}<\/script>\n<!-- \/ Yoast SEO plugin. -->","yoast_head_json":{"title":"Programme Statement 2020\u20132030 - \u00d6stersj\u00f6stiftelsen","robots":{"index":"index","follow":"follow","max-snippet":"max-snippet:-1","max-image-preview":"max-image-preview:large","max-video-preview":"max-video-preview:-1"},"canonical":"https:\/\/ostersjostiftelsen.se\/en\/about-the-foundation\/programme-statement-2020-2030\/","og_locale":"en_US","og_type":"article","og_title":"Programme Statement 2020\u20132030 - \u00d6stersj\u00f6stiftelsen","og_description":"Foundation for Baltic and East European Studies Purpose This Programme Statement states the focus of...","og_url":"https:\/\/ostersjostiftelsen.se\/en\/about-the-foundation\/programme-statement-2020-2030\/","og_site_name":"\u00d6stersj\u00f6stiftelsen","article_modified_time":"2022-06-29T07:24:49+00:00","twitter_card":"summary_large_image","twitter_misc":{"Est. reading time":"4 minutes"},"schema":{"@context":"https:\/\/schema.org","@graph":[{"@type":"WebPage","@id":"https:\/\/ostersjostiftelsen.se\/en\/about-the-foundation\/programme-statement-2020-2030\/","url":"https:\/\/ostersjostiftelsen.se\/en\/about-the-foundation\/programme-statement-2020-2030\/","name":"Programme Statement 2020\u20132030 - \u00d6stersj\u00f6stiftelsen","isPartOf":{"@id":"https:\/\/ostersjostiftelsen.se\/#website"},"datePublished":"2020-05-28T09:20:28+00:00","dateModified":"2022-06-29T07:24:49+00:00","breadcrumb":{"@id":"https:\/\/ostersjostiftelsen.se\/en\/about-the-foundation\/programme-statement-2020-2030\/#breadcrumb"},"inLanguage":"en-US","potentialAction":[{"@type":"ReadAction","target":["https:\/\/ostersjostiftelsen.se\/en\/about-the-foundation\/programme-statement-2020-2030\/"]}]},{"@type":"BreadcrumbList","@id":"https:\/\/ostersjostiftelsen.se\/en\/about-the-foundation\/programme-statement-2020-2030\/#breadcrumb","itemListElement":[{"@type":"ListItem","position":1,"name":"Home","item":"https:\/\/ostersjostiftelsen.se\/en\/"},{"@type":"ListItem","position":2,"name":"About the Foundation","item":"https:\/\/ostersjostiftelsen.se\/en\/about-the-foundation\/"},{"@type":"ListItem","position":3,"name":"Programme Statement 2020\u20132030"}]},{"@type":"WebSite","@id":"https:\/\/ostersjostiftelsen.se\/#website","url":"https:\/\/ostersjostiftelsen.se\/","name":"\u00d6stersj\u00f6stiftelsen","description":"Stiftelsen f\u00f6r forskning inom omr\u00e5den med anknytning till \u00d6stersj\u00f6regionen och \u00d6steuropa","potentialAction":[{"@type":"SearchAction","target":{"@type":"EntryPoint","urlTemplate":"https:\/\/ostersjostiftelsen.se\/?s={search_term_string}"},"query-input":{"@type":"PropertyValueSpecification","valueRequired":true,"valueName":"search_term_string"}}],"inLanguage":"en-US"}]}},"_links":{"self":[{"href":"https:\/\/ostersjostiftelsen.se\/en\/wp-json\/wp\/v2\/pages\/1876","targetHints":{"allow":["GET"]}}],"collection":[{"href":"https:\/\/ostersjostiftelsen.se\/en\/wp-json\/wp\/v2\/pages"}],"about":[{"href":"https:\/\/ostersjostiftelsen.se\/en\/wp-json\/wp\/v2\/types\/page"}],"author":[{"embeddable":true,"href":"https:\/\/ostersjostiftelsen.se\/en\/wp-json\/wp\/v2\/users\/1"}],"replies":[{"embeddable":true,"href":"https:\/\/ostersjostiftelsen.se\/en\/wp-json\/wp\/v2\/comments?post=1876"}],"version-history":[{"count":4,"href":"https:\/\/ostersjostiftelsen.se\/en\/wp-json\/wp\/v2\/pages\/1876\/revisions"}],"predecessor-version":[{"id":4241,"href":"https:\/\/ostersjostiftelsen.se\/en\/wp-json\/wp\/v2\/pages\/1876\/revisions\/4241"}],"up":[{"embeddable":true,"href":"https:\/\/ostersjostiftelsen.se\/en\/wp-json\/wp\/v2\/pages\/1478"}],"wp:attachment":[{"href":"https:\/\/ostersjostiftelsen.se\/en\/wp-json\/wp\/v2\/media?parent=1876"}],"curies":[{"name":"wp","href":"https:\/\/api.w.org\/{rel}","templated":true}]}}