{"id":2562,"date":"2020-09-04T10:07:07","date_gmt":"2020-09-04T08:07:07","guid":{"rendered":"https:\/\/ostersjostiftelsen.se\/?page_id=2562"},"modified":"2025-12-10T13:12:02","modified_gmt":"2025-12-10T12:12:02","slug":"vilka-bidrag-kan-jag-soka","status":"publish","type":"page","link":"https:\/\/ostersjostiftelsen.se\/en\/vilka-bidrag-kan-jag-soka\/","title":{"rendered":"Which grants may I apply for and have simultaneously?"},"content":{"rendered":"\n<p>Click on the table to enlarge it.<\/p>\n\n\n\n<p><em>Please note, the next call for grand projects will be announced in 2027<\/em>.<\/p>\n\n\n\n<h2 class=\"wp-block-heading\">Which grants may be applied for simultaneously?<\/h2>\n\n\n\n<div style=\"height:20px\" aria-hidden=\"true\" class=\"wp-block-spacer\"><\/div>\n\n\n\n<figure class=\"wp-block-image size-large\"><a href=\"https:\/\/ostersjostiftelsen.se\/wp-content\/uploads\/2025\/12\/which-grants-may-be-applied-for-simultaneously-2026.pdf\" target=\"_blank\" rel=\"noopener noreferrer\"><img loading=\"lazy\" decoding=\"async\" width=\"1024\" height=\"549\" src=\"https:\/\/ostersjostiftelsen.se\/wp-content\/uploads\/2025\/12\/which-grants-may-be-applied-for-simultaneously-2026-1024x549.png\" alt=\"\" class=\"wp-image-6870\" srcset=\"https:\/\/ostersjostiftelsen.se\/wp-content\/uploads\/2025\/12\/which-grants-may-be-applied-for-simultaneously-2026-1024x549.png 1024w, https:\/\/ostersjostiftelsen.se\/wp-content\/uploads\/2025\/12\/which-grants-may-be-applied-for-simultaneously-2026-300x161.png 300w, https:\/\/ostersjostiftelsen.se\/wp-content\/uploads\/2025\/12\/which-grants-may-be-applied-for-simultaneously-2026-768x412.png 768w, https:\/\/ostersjostiftelsen.se\/wp-content\/uploads\/2025\/12\/which-grants-may-be-applied-for-simultaneously-2026-1536x824.png 1536w, https:\/\/ostersjostiftelsen.se\/wp-content\/uploads\/2025\/12\/which-grants-may-be-applied-for-simultaneously-2026-2048x1098.png 2048w, https:\/\/ostersjostiftelsen.se\/wp-content\/uploads\/2025\/12\/which-grants-may-be-applied-for-simultaneously-2026-298x160.png 298w, https:\/\/ostersjostiftelsen.se\/wp-content\/uploads\/2025\/12\/which-grants-may-be-applied-for-simultaneously-2026-526x282.png 526w, https:\/\/ostersjostiftelsen.se\/wp-content\/uploads\/2025\/12\/which-grants-may-be-applied-for-simultaneously-2026-720x386.png 720w, https:\/\/ostersjostiftelsen.se\/wp-content\/uploads\/2025\/12\/which-grants-may-be-applied-for-simultaneously-2026-960x515.png 960w, https:\/\/ostersjostiftelsen.se\/wp-content\/uploads\/2025\/12\/which-grants-may-be-applied-for-simultaneously-2026-1140x611.png 1140w, https:\/\/ostersjostiftelsen.se\/wp-content\/uploads\/2025\/12\/which-grants-may-be-applied-for-simultaneously-2026-1600x858.png 1600w, https:\/\/ostersjostiftelsen.se\/wp-content\/uploads\/2025\/12\/which-grants-may-be-applied-for-simultaneously-2026-1920x1029.png 1920w\" sizes=\"auto, (max-width: 1024px) 100vw, 1024px\" \/><\/a><\/figure>\n\n\n\n<hr class=\"wp-block-separator has-css-opacity is-style-wide\"\/>\n\n\n\n<h2 class=\"wp-block-heading\">What are the rules if a researcher has an ongoing project funded by the Foundation?<\/h2>\n\n\n\n<div style=\"height:20px\" aria-hidden=\"true\" class=\"wp-block-spacer\"><\/div>\n\n\n\n<figure class=\"wp-block-image size-large\"><a href=\"https:\/\/ostersjostiftelsen.se\/wp-content\/uploads\/2025\/12\/what-are-the-rules-if-a-researcher-has-an-ongoing-project-funded-by-the-foundation-for-baltic-and-east-european-studies-2026.pdf\" target=\"_blank\" rel=\"noopener noreferrer\"><img loading=\"lazy\" decoding=\"async\" width=\"1024\" height=\"549\" src=\"https:\/\/ostersjostiftelsen.se\/wp-content\/uploads\/2025\/12\/what-are-the-rules-if-a-researcher-has-an-ongoing-project-funded-by-the-foundation-for-baltic-and-east-european-studies-2026-1024x549.png\" alt=\"\" class=\"wp-image-6873\" srcset=\"https:\/\/ostersjostiftelsen.se\/wp-content\/uploads\/2025\/12\/what-are-the-rules-if-a-researcher-has-an-ongoing-project-funded-by-the-foundation-for-baltic-and-east-european-studies-2026-1024x549.png 1024w, https:\/\/ostersjostiftelsen.se\/wp-content\/uploads\/2025\/12\/what-are-the-rules-if-a-researcher-has-an-ongoing-project-funded-by-the-foundation-for-baltic-and-east-european-studies-2026-300x161.png 300w, https:\/\/ostersjostiftelsen.se\/wp-content\/uploads\/2025\/12\/what-are-the-rules-if-a-researcher-has-an-ongoing-project-funded-by-the-foundation-for-baltic-and-east-european-studies-2026-768x412.png 768w, https:\/\/ostersjostiftelsen.se\/wp-content\/uploads\/2025\/12\/what-are-the-rules-if-a-researcher-has-an-ongoing-project-funded-by-the-foundation-for-baltic-and-east-european-studies-2026-1536x824.png 1536w, https:\/\/ostersjostiftelsen.se\/wp-content\/uploads\/2025\/12\/what-are-the-rules-if-a-researcher-has-an-ongoing-project-funded-by-the-foundation-for-baltic-and-east-european-studies-2026-2048x1098.png 2048w, https:\/\/ostersjostiftelsen.se\/wp-content\/uploads\/2025\/12\/what-are-the-rules-if-a-researcher-has-an-ongoing-project-funded-by-the-foundation-for-baltic-and-east-european-studies-2026-298x160.png 298w, https:\/\/ostersjostiftelsen.se\/wp-content\/uploads\/2025\/12\/what-are-the-rules-if-a-researcher-has-an-ongoing-project-funded-by-the-foundation-for-baltic-and-east-european-studies-2026-526x282.png 526w, https:\/\/ostersjostiftelsen.se\/wp-content\/uploads\/2025\/12\/what-are-the-rules-if-a-researcher-has-an-ongoing-project-funded-by-the-foundation-for-baltic-and-east-european-studies-2026-720x386.png 720w, https:\/\/ostersjostiftelsen.se\/wp-content\/uploads\/2025\/12\/what-are-the-rules-if-a-researcher-has-an-ongoing-project-funded-by-the-foundation-for-baltic-and-east-european-studies-2026-960x515.png 960w, https:\/\/ostersjostiftelsen.se\/wp-content\/uploads\/2025\/12\/what-are-the-rules-if-a-researcher-has-an-ongoing-project-funded-by-the-foundation-for-baltic-and-east-european-studies-2026-1140x611.png 1140w, https:\/\/ostersjostiftelsen.se\/wp-content\/uploads\/2025\/12\/what-are-the-rules-if-a-researcher-has-an-ongoing-project-funded-by-the-foundation-for-baltic-and-east-european-studies-2026-1600x858.png 1600w, https:\/\/ostersjostiftelsen.se\/wp-content\/uploads\/2025\/12\/what-are-the-rules-if-a-researcher-has-an-ongoing-project-funded-by-the-foundation-for-baltic-and-east-european-studies-2026-1920x1030.png 1920w\" sizes=\"auto, (max-width: 1024px) 100vw, 1024px\" \/><\/a><\/figure>\n","protected":false},"excerpt":{"rendered":"<p>Click on the table to enlarge it. Please note, the next call for grand projects&#8230;<\/p>\n","protected":false},"author":2,"featured_media":0,"parent":0,"menu_order":0,"comment_status":"closed","ping_status":"closed","template":"","meta":{"_acf_changed":false,"_monsterinsights_skip_tracking":false,"_monsterinsights_sitenote_active":false,"_monsterinsights_sitenote_note":"","_monsterinsights_sitenote_category":0,"footnotes":""},"class_list":["post-2562","page","type-page","status-publish","hentry"],"acf":[],"yoast_head":"<!-- This site is optimized with the Yoast SEO plugin v27.5 - https:\/\/yoast.com\/product\/yoast-seo-wordpress\/ -->\n<title>Which grants may I apply for and have simultaneously? - \u00d6stersj\u00f6stiftelsen<\/title>\n<meta name=\"robots\" content=\"index, follow, max-snippet:-1, max-image-preview:large, max-video-preview:-1\" \/>\n<link rel=\"canonical\" href=\"https:\/\/ostersjostiftelsen.se\/en\/vilka-bidrag-kan-jag-soka\/\" \/>\n<meta property=\"og:locale\" content=\"en_US\" \/>\n<meta property=\"og:type\" content=\"article\" \/>\n<meta property=\"og:title\" content=\"Which grants may I apply for and have simultaneously? - \u00d6stersj\u00f6stiftelsen\" \/>\n<meta property=\"og:description\" content=\"Click on the table to enlarge it. Please note, the next call for grand projects...\" \/>\n<meta property=\"og:url\" content=\"https:\/\/ostersjostiftelsen.se\/en\/vilka-bidrag-kan-jag-soka\/\" \/>\n<meta property=\"og:site_name\" content=\"\u00d6stersj\u00f6stiftelsen\" \/>\n<meta property=\"article:modified_time\" content=\"2025-12-10T12:12:02+00:00\" \/>\n<meta property=\"og:image\" content=\"https:\/\/ostersjostiftelsen.se\/wp-content\/uploads\/2025\/12\/which-grants-may-be-applied-for-simultaneously-2026-scaled.png\" \/>\n\t<meta property=\"og:image:width\" content=\"2560\" \/>\n\t<meta property=\"og:image:height\" content=\"1373\" \/>\n\t<meta property=\"og:image:type\" content=\"image\/png\" \/>\n<meta name=\"twitter:card\" content=\"summary_large_image\" \/>\n<meta name=\"twitter:label1\" content=\"Est. reading time\" \/>\n\t<meta name=\"twitter:data1\" content=\"1 minute\" \/>\n<script type=\"application\/ld+json\" class=\"yoast-schema-graph\">{\"@context\":\"https:\\\/\\\/schema.org\",\"@graph\":[{\"@type\":\"WebPage\",\"@id\":\"https:\\\/\\\/ostersjostiftelsen.se\\\/en\\\/vilka-bidrag-kan-jag-soka\\\/\",\"url\":\"https:\\\/\\\/ostersjostiftelsen.se\\\/en\\\/vilka-bidrag-kan-jag-soka\\\/\",\"name\":\"Which grants may I apply for and have simultaneously? - \u00d6stersj\u00f6stiftelsen\",\"isPartOf\":{\"@id\":\"https:\\\/\\\/ostersjostiftelsen.se\\\/#website\"},\"primaryImageOfPage\":{\"@id\":\"https:\\\/\\\/ostersjostiftelsen.se\\\/en\\\/vilka-bidrag-kan-jag-soka\\\/#primaryimage\"},\"image\":{\"@id\":\"https:\\\/\\\/ostersjostiftelsen.se\\\/en\\\/vilka-bidrag-kan-jag-soka\\\/#primaryimage\"},\"thumbnailUrl\":\"https:\\\/\\\/ostersjostiftelsen.se\\\/wp-content\\\/uploads\\\/2025\\\/12\\\/which-grants-may-be-applied-for-simultaneously-2026-1024x549.png\",\"datePublished\":\"2020-09-04T08:07:07+00:00\",\"dateModified\":\"2025-12-10T12:12:02+00:00\",\"breadcrumb\":{\"@id\":\"https:\\\/\\\/ostersjostiftelsen.se\\\/en\\\/vilka-bidrag-kan-jag-soka\\\/#breadcrumb\"},\"inLanguage\":\"en-US\",\"potentialAction\":[{\"@type\":\"ReadAction\",\"target\":[\"https:\\\/\\\/ostersjostiftelsen.se\\\/en\\\/vilka-bidrag-kan-jag-soka\\\/\"]}]},{\"@type\":\"ImageObject\",\"inLanguage\":\"en-US\",\"@id\":\"https:\\\/\\\/ostersjostiftelsen.se\\\/en\\\/vilka-bidrag-kan-jag-soka\\\/#primaryimage\",\"url\":\"https:\\\/\\\/ostersjostiftelsen.se\\\/wp-content\\\/uploads\\\/2025\\\/12\\\/which-grants-may-be-applied-for-simultaneously-2026-1024x549.png\",\"contentUrl\":\"https:\\\/\\\/ostersjostiftelsen.se\\\/wp-content\\\/uploads\\\/2025\\\/12\\\/which-grants-may-be-applied-for-simultaneously-2026-1024x549.png\"},{\"@type\":\"BreadcrumbList\",\"@id\":\"https:\\\/\\\/ostersjostiftelsen.se\\\/en\\\/vilka-bidrag-kan-jag-soka\\\/#breadcrumb\",\"itemListElement\":[{\"@type\":\"ListItem\",\"position\":1,\"name\":\"Home\",\"item\":\"https:\\\/\\\/ostersjostiftelsen.se\\\/en\\\/\"},{\"@type\":\"ListItem\",\"position\":2,\"name\":\"Which grants may I apply for and have simultaneously?\"}]},{\"@type\":\"WebSite\",\"@id\":\"https:\\\/\\\/ostersjostiftelsen.se\\\/#website\",\"url\":\"https:\\\/\\\/ostersjostiftelsen.se\\\/\",\"name\":\"\u00d6stersj\u00f6stiftelsen\",\"description\":\"Stiftelsen f\u00f6r forskning inom omr\u00e5den med anknytning till \u00d6stersj\u00f6regionen och \u00d6steuropa\",\"potentialAction\":[{\"@type\":\"SearchAction\",\"target\":{\"@type\":\"EntryPoint\",\"urlTemplate\":\"https:\\\/\\\/ostersjostiftelsen.se\\\/?s={search_term_string}\"},\"query-input\":{\"@type\":\"PropertyValueSpecification\",\"valueRequired\":true,\"valueName\":\"search_term_string\"}}],\"inLanguage\":\"en-US\"}]}<\/script>\n<!-- \/ Yoast SEO plugin. -->","yoast_head_json":{"title":"Which grants may I apply for and have simultaneously? - \u00d6stersj\u00f6stiftelsen","robots":{"index":"index","follow":"follow","max-snippet":"max-snippet:-1","max-image-preview":"max-image-preview:large","max-video-preview":"max-video-preview:-1"},"canonical":"https:\/\/ostersjostiftelsen.se\/en\/vilka-bidrag-kan-jag-soka\/","og_locale":"en_US","og_type":"article","og_title":"Which grants may I apply for and have simultaneously? - \u00d6stersj\u00f6stiftelsen","og_description":"Click on the table to enlarge it. Please note, the next call for grand projects...","og_url":"https:\/\/ostersjostiftelsen.se\/en\/vilka-bidrag-kan-jag-soka\/","og_site_name":"\u00d6stersj\u00f6stiftelsen","article_modified_time":"2025-12-10T12:12:02+00:00","og_image":[{"width":2560,"height":1373,"url":"https:\/\/ostersjostiftelsen.se\/wp-content\/uploads\/2025\/12\/which-grants-may-be-applied-for-simultaneously-2026-scaled.png","type":"image\/png"}],"twitter_card":"summary_large_image","twitter_misc":{"Est. reading time":"1 minute"},"schema":{"@context":"https:\/\/schema.org","@graph":[{"@type":"WebPage","@id":"https:\/\/ostersjostiftelsen.se\/en\/vilka-bidrag-kan-jag-soka\/","url":"https:\/\/ostersjostiftelsen.se\/en\/vilka-bidrag-kan-jag-soka\/","name":"Which grants may I apply for and have simultaneously? - \u00d6stersj\u00f6stiftelsen","isPartOf":{"@id":"https:\/\/ostersjostiftelsen.se\/#website"},"primaryImageOfPage":{"@id":"https:\/\/ostersjostiftelsen.se\/en\/vilka-bidrag-kan-jag-soka\/#primaryimage"},"image":{"@id":"https:\/\/ostersjostiftelsen.se\/en\/vilka-bidrag-kan-jag-soka\/#primaryimage"},"thumbnailUrl":"https:\/\/ostersjostiftelsen.se\/wp-content\/uploads\/2025\/12\/which-grants-may-be-applied-for-simultaneously-2026-1024x549.png","datePublished":"2020-09-04T08:07:07+00:00","dateModified":"2025-12-10T12:12:02+00:00","breadcrumb":{"@id":"https:\/\/ostersjostiftelsen.se\/en\/vilka-bidrag-kan-jag-soka\/#breadcrumb"},"inLanguage":"en-US","potentialAction":[{"@type":"ReadAction","target":["https:\/\/ostersjostiftelsen.se\/en\/vilka-bidrag-kan-jag-soka\/"]}]},{"@type":"ImageObject","inLanguage":"en-US","@id":"https:\/\/ostersjostiftelsen.se\/en\/vilka-bidrag-kan-jag-soka\/#primaryimage","url":"https:\/\/ostersjostiftelsen.se\/wp-content\/uploads\/2025\/12\/which-grants-may-be-applied-for-simultaneously-2026-1024x549.png","contentUrl":"https:\/\/ostersjostiftelsen.se\/wp-content\/uploads\/2025\/12\/which-grants-may-be-applied-for-simultaneously-2026-1024x549.png"},{"@type":"BreadcrumbList","@id":"https:\/\/ostersjostiftelsen.se\/en\/vilka-bidrag-kan-jag-soka\/#breadcrumb","itemListElement":[{"@type":"ListItem","position":1,"name":"Home","item":"https:\/\/ostersjostiftelsen.se\/en\/"},{"@type":"ListItem","position":2,"name":"Which grants may I apply for and have simultaneously?"}]},{"@type":"WebSite","@id":"https:\/\/ostersjostiftelsen.se\/#website","url":"https:\/\/ostersjostiftelsen.se\/","name":"\u00d6stersj\u00f6stiftelsen","description":"Stiftelsen f\u00f6r forskning inom omr\u00e5den med anknytning till \u00d6stersj\u00f6regionen och \u00d6steuropa","potentialAction":[{"@type":"SearchAction","target":{"@type":"EntryPoint","urlTemplate":"https:\/\/ostersjostiftelsen.se\/?s={search_term_string}"},"query-input":{"@type":"PropertyValueSpecification","valueRequired":true,"valueName":"search_term_string"}}],"inLanguage":"en-US"}]}},"_links":{"self":[{"href":"https:\/\/ostersjostiftelsen.se\/en\/wp-json\/wp\/v2\/pages\/2562","targetHints":{"allow":["GET"]}}],"collection":[{"href":"https:\/\/ostersjostiftelsen.se\/en\/wp-json\/wp\/v2\/pages"}],"about":[{"href":"https:\/\/ostersjostiftelsen.se\/en\/wp-json\/wp\/v2\/types\/page"}],"author":[{"embeddable":true,"href":"https:\/\/ostersjostiftelsen.se\/en\/wp-json\/wp\/v2\/users\/2"}],"replies":[{"embeddable":true,"href":"https:\/\/ostersjostiftelsen.se\/en\/wp-json\/wp\/v2\/comments?post=2562"}],"version-history":[{"count":45,"href":"https:\/\/ostersjostiftelsen.se\/en\/wp-json\/wp\/v2\/pages\/2562\/revisions"}],"predecessor-version":[{"id":6889,"href":"https:\/\/ostersjostiftelsen.se\/en\/wp-json\/wp\/v2\/pages\/2562\/revisions\/6889"}],"wp:attachment":[{"href":"https:\/\/ostersjostiftelsen.se\/en\/wp-json\/wp\/v2\/media?parent=2562"}],"curies":[{"name":"wp","href":"https:\/\/api.w.org\/{rel}","templated":true}]}}