{"id":2924,"date":"2021-01-14T12:54:01","date_gmt":"2021-01-14T11:54:01","guid":{"rendered":"https:\/\/ostersjostiftelsen.se\/?page_id=2924"},"modified":"2026-01-12T08:36:36","modified_gmt":"2026-01-12T07:36:36","slug":"assessment-panels","status":"publish","type":"page","link":"https:\/\/ostersjostiftelsen.se\/en\/assessment-panels\/","title":{"rendered":"Assessment panels"},"content":{"rendered":"\n<h2 class=\"wp-block-heading has-large-font-size\">Postdoctoral projects and two- and three-year projects<\/h2>\n\n\n\n<p>Applications for postdoctoral projects and two- and three-year projects are assessed by the <a href=\"https:\/\/ostersjostiftelsen.se\/en\/about-the-foundation\/research-delegation\/\">Foundation\u2019s research committee<\/a>.&nbsp;<\/p>\n\n\n\n<hr class=\"wp-block-separator has-alpha-channel-opacity is-style-wide\"\/>\n\n\n\n<h2 class=\"wp-block-heading has-large-font-size\">Grand projects<\/h2>\n\n\n\n<p>Assessment panel for grand projects:<\/p>\n\n\n\n<ul class=\"wp-block-list\">\n<li>Ilkka Henrik M\u00e4kinen, Professor of Sociology, Uppsala University, Chair of the panel<\/li>\n\n\n\n<li>Ann-Marie Ekengren, Professor of Political Science, University of Gothenburg<\/li>\n\n\n\n<li>Knut Andreas Grimstad, Professor of&nbsp;Polish, Department&nbsp;of literature, area studies and European languages, University of Oslo<\/li>\n\n\n\n<li>Elina Kahla, Adjunct Professor of Cultural History of Russia, Aleksanteri Institute, University of Helsinki<\/li>\n<\/ul>\n\n\n\n<hr class=\"wp-block-separator has-alpha-channel-opacity is-style-wide\"\/>\n\n\n\n<h2 class=\"wp-block-heading has-large-font-size\">Thematic call for proposals &#8220;The war in Ukraine and its consequences&#8221;<\/h2>\n\n\n\n<p>Assessment panel for the thematic call:<\/p>\n\n\n\n<ul class=\"wp-block-list\">\n<li>Hanne Fjelde, Professor, Department of Peace and Conflict Research, Uppsala University, Chair of the panel<\/li>\n\n\n\n<li>Simo Mikkonen, Professor, School of Humanities, Philosophical Faculty, University of Eastern Finland, Vice Chair of the panel<\/li>\n\n\n\n<li>Aadne Aasland, Research professor, Norwegian Institute for Urban and Regional Research (NIBR), OsloMet<\/li>\n\n\n\n<li>David Betz, Professor, Department of War Studies, Kings College London<\/li>\n\n\n\n<li>Marnie Howlett, Dr. , Department of Politics and International Relations and Oxford&#8217;s School of Global and Area Studies, Oxford University<\/li>\n\n\n\n<li>Marko Milanovic, Professor, School of Law, University of Reading<\/li>\n\n\n\n<li>Maksym Obrizan, Associate Professor, Kyiv School of Economics<\/li>\n\n\n\n<li>Vera Slavtcheva-Petkova, Dr. , Reader in Global Journalism and Media and Associate Dean Global Engagement, School of the Arts, University of Liverpool<\/li>\n\n\n\n<li>Katerina Tertytchnaya, Associate Professor, Department of Politics and International Relations, Oxford University<\/li>\n<\/ul>\n\n\n\n<hr class=\"wp-block-separator has-alpha-channel-opacity is-style-wide\"\/>\n\n\n\n<h2 class=\"wp-block-heading has-large-font-size\">Smaller grants<\/h2>\n\n\n\n<h2 class=\"wp-block-heading has-medium-font-size\">Research networks, conference and publication grants<\/h2>\n\n\n\n<p>Applications are assessed by the Chair and the Vice Chair of the research committee together with the Foundation&#8217;s research director.<\/p>\n\n\n\n<div style=\"height:50px\" aria-hidden=\"true\" class=\"wp-block-spacer\"><\/div>\n","protected":false},"excerpt":{"rendered":"<p>Postdoctoral projects and two- and three-year projects Applications for postdoctoral projects and two- and three-year&#8230;<\/p>\n","protected":false},"author":5,"featured_media":0,"parent":0,"menu_order":0,"comment_status":"closed","ping_status":"closed","template":"","meta":{"_acf_changed":false,"_monsterinsights_skip_tracking":false,"_monsterinsights_sitenote_active":false,"_monsterinsights_sitenote_note":"","_monsterinsights_sitenote_category":0,"footnotes":""},"class_list":["post-2924","page","type-page","status-publish","hentry"],"acf":[],"yoast_head":"<!-- This site is optimized with the Yoast SEO plugin v27.3 - https:\/\/yoast.com\/product\/yoast-seo-wordpress\/ -->\n<title>Assessment panels - \u00d6stersj\u00f6stiftelsen<\/title>\n<meta name=\"robots\" content=\"index, follow, max-snippet:-1, max-image-preview:large, max-video-preview:-1\" \/>\n<link rel=\"canonical\" href=\"https:\/\/ostersjostiftelsen.se\/en\/assessment-panels\/\" \/>\n<meta property=\"og:locale\" content=\"en_US\" \/>\n<meta property=\"og:type\" content=\"article\" \/>\n<meta property=\"og:title\" content=\"Assessment panels - \u00d6stersj\u00f6stiftelsen\" \/>\n<meta property=\"og:description\" content=\"Postdoctoral projects and two- and three-year projects Applications for postdoctoral projects and two- and three-year...\" \/>\n<meta property=\"og:url\" content=\"https:\/\/ostersjostiftelsen.se\/en\/assessment-panels\/\" \/>\n<meta property=\"og:site_name\" content=\"\u00d6stersj\u00f6stiftelsen\" \/>\n<meta property=\"article:modified_time\" content=\"2026-01-12T07:36:36+00:00\" \/>\n<meta name=\"twitter:card\" content=\"summary_large_image\" \/>\n<meta name=\"twitter:label1\" content=\"Est. reading time\" \/>\n\t<meta name=\"twitter:data1\" content=\"2 minutes\" \/>\n<script type=\"application\/ld+json\" class=\"yoast-schema-graph\">{\"@context\":\"https:\\\/\\\/schema.org\",\"@graph\":[{\"@type\":\"WebPage\",\"@id\":\"https:\\\/\\\/ostersjostiftelsen.se\\\/en\\\/assessment-panels\\\/\",\"url\":\"https:\\\/\\\/ostersjostiftelsen.se\\\/en\\\/assessment-panels\\\/\",\"name\":\"Assessment panels - \u00d6stersj\u00f6stiftelsen\",\"isPartOf\":{\"@id\":\"https:\\\/\\\/ostersjostiftelsen.se\\\/#website\"},\"datePublished\":\"2021-01-14T11:54:01+00:00\",\"dateModified\":\"2026-01-12T07:36:36+00:00\",\"breadcrumb\":{\"@id\":\"https:\\\/\\\/ostersjostiftelsen.se\\\/en\\\/assessment-panels\\\/#breadcrumb\"},\"inLanguage\":\"en-US\",\"potentialAction\":[{\"@type\":\"ReadAction\",\"target\":[\"https:\\\/\\\/ostersjostiftelsen.se\\\/en\\\/assessment-panels\\\/\"]}]},{\"@type\":\"BreadcrumbList\",\"@id\":\"https:\\\/\\\/ostersjostiftelsen.se\\\/en\\\/assessment-panels\\\/#breadcrumb\",\"itemListElement\":[{\"@type\":\"ListItem\",\"position\":1,\"name\":\"Home\",\"item\":\"https:\\\/\\\/ostersjostiftelsen.se\\\/en\\\/\"},{\"@type\":\"ListItem\",\"position\":2,\"name\":\"Assessment panels\"}]},{\"@type\":\"WebSite\",\"@id\":\"https:\\\/\\\/ostersjostiftelsen.se\\\/#website\",\"url\":\"https:\\\/\\\/ostersjostiftelsen.se\\\/\",\"name\":\"\u00d6stersj\u00f6stiftelsen\",\"description\":\"Stiftelsen f\u00f6r forskning inom omr\u00e5den med anknytning till \u00d6stersj\u00f6regionen och \u00d6steuropa\",\"potentialAction\":[{\"@type\":\"SearchAction\",\"target\":{\"@type\":\"EntryPoint\",\"urlTemplate\":\"https:\\\/\\\/ostersjostiftelsen.se\\\/?s={search_term_string}\"},\"query-input\":{\"@type\":\"PropertyValueSpecification\",\"valueRequired\":true,\"valueName\":\"search_term_string\"}}],\"inLanguage\":\"en-US\"}]}<\/script>\n<!-- \/ Yoast SEO plugin. -->","yoast_head_json":{"title":"Assessment panels - \u00d6stersj\u00f6stiftelsen","robots":{"index":"index","follow":"follow","max-snippet":"max-snippet:-1","max-image-preview":"max-image-preview:large","max-video-preview":"max-video-preview:-1"},"canonical":"https:\/\/ostersjostiftelsen.se\/en\/assessment-panels\/","og_locale":"en_US","og_type":"article","og_title":"Assessment panels - \u00d6stersj\u00f6stiftelsen","og_description":"Postdoctoral projects and two- and three-year projects Applications for postdoctoral projects and two- and three-year...","og_url":"https:\/\/ostersjostiftelsen.se\/en\/assessment-panels\/","og_site_name":"\u00d6stersj\u00f6stiftelsen","article_modified_time":"2026-01-12T07:36:36+00:00","twitter_card":"summary_large_image","twitter_misc":{"Est. reading time":"2 minutes"},"schema":{"@context":"https:\/\/schema.org","@graph":[{"@type":"WebPage","@id":"https:\/\/ostersjostiftelsen.se\/en\/assessment-panels\/","url":"https:\/\/ostersjostiftelsen.se\/en\/assessment-panels\/","name":"Assessment panels - \u00d6stersj\u00f6stiftelsen","isPartOf":{"@id":"https:\/\/ostersjostiftelsen.se\/#website"},"datePublished":"2021-01-14T11:54:01+00:00","dateModified":"2026-01-12T07:36:36+00:00","breadcrumb":{"@id":"https:\/\/ostersjostiftelsen.se\/en\/assessment-panels\/#breadcrumb"},"inLanguage":"en-US","potentialAction":[{"@type":"ReadAction","target":["https:\/\/ostersjostiftelsen.se\/en\/assessment-panels\/"]}]},{"@type":"BreadcrumbList","@id":"https:\/\/ostersjostiftelsen.se\/en\/assessment-panels\/#breadcrumb","itemListElement":[{"@type":"ListItem","position":1,"name":"Home","item":"https:\/\/ostersjostiftelsen.se\/en\/"},{"@type":"ListItem","position":2,"name":"Assessment panels"}]},{"@type":"WebSite","@id":"https:\/\/ostersjostiftelsen.se\/#website","url":"https:\/\/ostersjostiftelsen.se\/","name":"\u00d6stersj\u00f6stiftelsen","description":"Stiftelsen f\u00f6r forskning inom omr\u00e5den med anknytning till \u00d6stersj\u00f6regionen och \u00d6steuropa","potentialAction":[{"@type":"SearchAction","target":{"@type":"EntryPoint","urlTemplate":"https:\/\/ostersjostiftelsen.se\/?s={search_term_string}"},"query-input":{"@type":"PropertyValueSpecification","valueRequired":true,"valueName":"search_term_string"}}],"inLanguage":"en-US"}]}},"_links":{"self":[{"href":"https:\/\/ostersjostiftelsen.se\/en\/wp-json\/wp\/v2\/pages\/2924","targetHints":{"allow":["GET"]}}],"collection":[{"href":"https:\/\/ostersjostiftelsen.se\/en\/wp-json\/wp\/v2\/pages"}],"about":[{"href":"https:\/\/ostersjostiftelsen.se\/en\/wp-json\/wp\/v2\/types\/page"}],"author":[{"embeddable":true,"href":"https:\/\/ostersjostiftelsen.se\/en\/wp-json\/wp\/v2\/users\/5"}],"replies":[{"embeddable":true,"href":"https:\/\/ostersjostiftelsen.se\/en\/wp-json\/wp\/v2\/comments?post=2924"}],"version-history":[{"count":20,"href":"https:\/\/ostersjostiftelsen.se\/en\/wp-json\/wp\/v2\/pages\/2924\/revisions"}],"predecessor-version":[{"id":7092,"href":"https:\/\/ostersjostiftelsen.se\/en\/wp-json\/wp\/v2\/pages\/2924\/revisions\/7092"}],"wp:attachment":[{"href":"https:\/\/ostersjostiftelsen.se\/en\/wp-json\/wp\/v2\/media?parent=2924"}],"curies":[{"name":"wp","href":"https:\/\/api.w.org\/{rel}","templated":true}]}}