{"id":3104,"date":"2021-05-27T16:28:37","date_gmt":"2021-05-27T14:28:37","guid":{"rendered":"https:\/\/ostersjostiftelsen.se\/?page_id=3104"},"modified":"2025-05-27T14:40:03","modified_gmt":"2025-05-27T12:40:03","slug":"mid-term-review","status":"publish","type":"page","link":"https:\/\/ostersjostiftelsen.se\/en\/mid-term-review\/","title":{"rendered":"Mid-term review"},"content":{"rendered":"\n<h2 class=\"wp-block-heading has-medium-font-size\">Reviews of projects funded by the Foundation<\/h2>\n\n\n\n<p>Starting 2021, the Foundation for Baltic and East European Studies has introduced mid-term reviews of ongoing research projects. The review comprises, first, a mid-term report with a number of questions, that need to be answered in writing by the project manager and, second, a meeting with the project manager and members of the Foundation&#8217;s research committee, which is responsible for assessing applications for research projects.<\/p>\n\n\n\n<h2 class=\"wp-block-heading has-medium-font-size\">Purpose of the review<\/h2>\n\n\n\n<p>The review is a way of checking that the project is moving forward and an opportunity for the project manager, research committee and Foundation\u2019s secretariat to discuss the project. For the Foundation, the review is also a means of obtaining feedback on previous decisions and reflecting on research projects as form of support.<\/p>\n\n\n\n<h2 class=\"wp-block-heading has-medium-font-size\">Instructions for mid-term reporting<\/h2>\n\n\n\n<p>When it is time for the mid-term review of your project, you as a project manager will be contacted by the Foundation&#8217;s secretariat with more information.<\/p>\n\n\n\n<p>Further down you can find a template for the mid-term report with questions to answer. The mid-term report should be submitted in <a href=\"https:\/\/apply.se\/ostersjostiftelsen\" target=\"_blank\" rel=\"noreferrer noopener\">the Foundation&#8217;s application system<\/a>.<\/p>\n\n\n\n<div style=\"height:30px\" aria-hidden=\"true\" class=\"wp-block-spacer\"><\/div>\n","protected":false},"excerpt":{"rendered":"<p>Reviews of projects funded by the Foundation Starting 2021, the Foundation for Baltic and East&#8230;<\/p>\n","protected":false},"author":2,"featured_media":0,"parent":0,"menu_order":0,"comment_status":"closed","ping_status":"closed","template":"","meta":{"_acf_changed":false,"_monsterinsights_skip_tracking":false,"_monsterinsights_sitenote_active":false,"_monsterinsights_sitenote_note":"","_monsterinsights_sitenote_category":0,"footnotes":""},"class_list":["post-3104","page","type-page","status-publish","hentry"],"acf":[],"yoast_head":"<!-- This site is optimized with the Yoast SEO plugin v27.3 - https:\/\/yoast.com\/product\/yoast-seo-wordpress\/ -->\n<title>Mid-term review - \u00d6stersj\u00f6stiftelsen<\/title>\n<meta name=\"robots\" content=\"index, follow, max-snippet:-1, max-image-preview:large, max-video-preview:-1\" \/>\n<link rel=\"canonical\" href=\"https:\/\/ostersjostiftelsen.se\/en\/mid-term-review\/\" \/>\n<meta property=\"og:locale\" content=\"en_US\" \/>\n<meta property=\"og:type\" content=\"article\" \/>\n<meta property=\"og:title\" content=\"Mid-term review - \u00d6stersj\u00f6stiftelsen\" \/>\n<meta property=\"og:description\" content=\"Reviews of projects funded by the Foundation Starting 2021, the Foundation for Baltic and East...\" \/>\n<meta property=\"og:url\" content=\"https:\/\/ostersjostiftelsen.se\/en\/mid-term-review\/\" \/>\n<meta property=\"og:site_name\" content=\"\u00d6stersj\u00f6stiftelsen\" \/>\n<meta property=\"article:modified_time\" content=\"2025-05-27T12:40:03+00:00\" \/>\n<meta name=\"twitter:card\" content=\"summary_large_image\" \/>\n<meta name=\"twitter:label1\" content=\"Est. reading time\" \/>\n\t<meta name=\"twitter:data1\" content=\"1 minute\" \/>\n<script type=\"application\/ld+json\" class=\"yoast-schema-graph\">{\"@context\":\"https:\\\/\\\/schema.org\",\"@graph\":[{\"@type\":\"WebPage\",\"@id\":\"https:\\\/\\\/ostersjostiftelsen.se\\\/en\\\/mid-term-review\\\/\",\"url\":\"https:\\\/\\\/ostersjostiftelsen.se\\\/en\\\/mid-term-review\\\/\",\"name\":\"Mid-term review - \u00d6stersj\u00f6stiftelsen\",\"isPartOf\":{\"@id\":\"https:\\\/\\\/ostersjostiftelsen.se\\\/#website\"},\"datePublished\":\"2021-05-27T14:28:37+00:00\",\"dateModified\":\"2025-05-27T12:40:03+00:00\",\"breadcrumb\":{\"@id\":\"https:\\\/\\\/ostersjostiftelsen.se\\\/en\\\/mid-term-review\\\/#breadcrumb\"},\"inLanguage\":\"en-US\",\"potentialAction\":[{\"@type\":\"ReadAction\",\"target\":[\"https:\\\/\\\/ostersjostiftelsen.se\\\/en\\\/mid-term-review\\\/\"]}]},{\"@type\":\"BreadcrumbList\",\"@id\":\"https:\\\/\\\/ostersjostiftelsen.se\\\/en\\\/mid-term-review\\\/#breadcrumb\",\"itemListElement\":[{\"@type\":\"ListItem\",\"position\":1,\"name\":\"Home\",\"item\":\"https:\\\/\\\/ostersjostiftelsen.se\\\/en\\\/\"},{\"@type\":\"ListItem\",\"position\":2,\"name\":\"Mid-term review\"}]},{\"@type\":\"WebSite\",\"@id\":\"https:\\\/\\\/ostersjostiftelsen.se\\\/#website\",\"url\":\"https:\\\/\\\/ostersjostiftelsen.se\\\/\",\"name\":\"\u00d6stersj\u00f6stiftelsen\",\"description\":\"Stiftelsen f\u00f6r forskning inom omr\u00e5den med anknytning till \u00d6stersj\u00f6regionen och \u00d6steuropa\",\"potentialAction\":[{\"@type\":\"SearchAction\",\"target\":{\"@type\":\"EntryPoint\",\"urlTemplate\":\"https:\\\/\\\/ostersjostiftelsen.se\\\/?s={search_term_string}\"},\"query-input\":{\"@type\":\"PropertyValueSpecification\",\"valueRequired\":true,\"valueName\":\"search_term_string\"}}],\"inLanguage\":\"en-US\"}]}<\/script>\n<!-- \/ Yoast SEO plugin. -->","yoast_head_json":{"title":"Mid-term review - \u00d6stersj\u00f6stiftelsen","robots":{"index":"index","follow":"follow","max-snippet":"max-snippet:-1","max-image-preview":"max-image-preview:large","max-video-preview":"max-video-preview:-1"},"canonical":"https:\/\/ostersjostiftelsen.se\/en\/mid-term-review\/","og_locale":"en_US","og_type":"article","og_title":"Mid-term review - \u00d6stersj\u00f6stiftelsen","og_description":"Reviews of projects funded by the Foundation Starting 2021, the Foundation for Baltic and East...","og_url":"https:\/\/ostersjostiftelsen.se\/en\/mid-term-review\/","og_site_name":"\u00d6stersj\u00f6stiftelsen","article_modified_time":"2025-05-27T12:40:03+00:00","twitter_card":"summary_large_image","twitter_misc":{"Est. reading time":"1 minute"},"schema":{"@context":"https:\/\/schema.org","@graph":[{"@type":"WebPage","@id":"https:\/\/ostersjostiftelsen.se\/en\/mid-term-review\/","url":"https:\/\/ostersjostiftelsen.se\/en\/mid-term-review\/","name":"Mid-term review - \u00d6stersj\u00f6stiftelsen","isPartOf":{"@id":"https:\/\/ostersjostiftelsen.se\/#website"},"datePublished":"2021-05-27T14:28:37+00:00","dateModified":"2025-05-27T12:40:03+00:00","breadcrumb":{"@id":"https:\/\/ostersjostiftelsen.se\/en\/mid-term-review\/#breadcrumb"},"inLanguage":"en-US","potentialAction":[{"@type":"ReadAction","target":["https:\/\/ostersjostiftelsen.se\/en\/mid-term-review\/"]}]},{"@type":"BreadcrumbList","@id":"https:\/\/ostersjostiftelsen.se\/en\/mid-term-review\/#breadcrumb","itemListElement":[{"@type":"ListItem","position":1,"name":"Home","item":"https:\/\/ostersjostiftelsen.se\/en\/"},{"@type":"ListItem","position":2,"name":"Mid-term review"}]},{"@type":"WebSite","@id":"https:\/\/ostersjostiftelsen.se\/#website","url":"https:\/\/ostersjostiftelsen.se\/","name":"\u00d6stersj\u00f6stiftelsen","description":"Stiftelsen f\u00f6r forskning inom omr\u00e5den med anknytning till \u00d6stersj\u00f6regionen och \u00d6steuropa","potentialAction":[{"@type":"SearchAction","target":{"@type":"EntryPoint","urlTemplate":"https:\/\/ostersjostiftelsen.se\/?s={search_term_string}"},"query-input":{"@type":"PropertyValueSpecification","valueRequired":true,"valueName":"search_term_string"}}],"inLanguage":"en-US"}]}},"_links":{"self":[{"href":"https:\/\/ostersjostiftelsen.se\/en\/wp-json\/wp\/v2\/pages\/3104","targetHints":{"allow":["GET"]}}],"collection":[{"href":"https:\/\/ostersjostiftelsen.se\/en\/wp-json\/wp\/v2\/pages"}],"about":[{"href":"https:\/\/ostersjostiftelsen.se\/en\/wp-json\/wp\/v2\/types\/page"}],"author":[{"embeddable":true,"href":"https:\/\/ostersjostiftelsen.se\/en\/wp-json\/wp\/v2\/users\/2"}],"replies":[{"embeddable":true,"href":"https:\/\/ostersjostiftelsen.se\/en\/wp-json\/wp\/v2\/comments?post=3104"}],"version-history":[{"count":4,"href":"https:\/\/ostersjostiftelsen.se\/en\/wp-json\/wp\/v2\/pages\/3104\/revisions"}],"predecessor-version":[{"id":6340,"href":"https:\/\/ostersjostiftelsen.se\/en\/wp-json\/wp\/v2\/pages\/3104\/revisions\/6340"}],"wp:attachment":[{"href":"https:\/\/ostersjostiftelsen.se\/en\/wp-json\/wp\/v2\/media?parent=3104"}],"curies":[{"name":"wp","href":"https:\/\/api.w.org\/{rel}","templated":true}]}}