{"id":3891,"date":"2022-03-28T15:10:49","date_gmt":"2022-03-28T13:10:49","guid":{"rendered":"https:\/\/ostersjostiftelsen.se\/?page_id=3891"},"modified":"2022-06-29T09:01:27","modified_gmt":"2022-06-29T07:01:27","slug":"specifying-the-foundation-as-funder","status":"publish","type":"page","link":"https:\/\/ostersjostiftelsen.se\/en\/specifying-the-foundation-as-funder\/","title":{"rendered":"Specifying the Foundation as funder"},"content":{"rendered":"\n<p>Upon publication and other dissemination of research results, it must be stated that the research was carried out with funds from the Foundation for Baltic and East European Studies. Upon publication of original research articles, the name \u2018\u00d6stersj\u00f6stiftelsen\u2019 or \u2018Foundation for Baltic and East European Studies\u2019 should be specified under the heading \u2018Acknowledgments\u2019 or the corresponding heading.<\/p>\n\n\n\n<p>Here you can download the Foundation\u2019s logotype:<\/p>\n\n\n\n<p><a href=\"https:\/\/ostersjostiftelsen.se\/wp-content\/uploads\/2022\/03\/oss-2-logo-liggande-rgb.png\" target=\"_blank\" rel=\"noreferrer noopener\">Foundation&#8217;s logotype 1<\/a><br><a href=\"https:\/\/ostersjostiftelsen.se\/wp-content\/uploads\/2022\/03\/oss-2-logo-staeende-rgb.png\" target=\"_blank\" rel=\"noreferrer noopener\">Foundation&#8217;s logotype 2<\/a><\/p>\n","protected":false},"excerpt":{"rendered":"<p>Upon publication and other dissemination of research results, it must be stated that the research&#8230;<\/p>\n","protected":false},"author":5,"featured_media":0,"parent":0,"menu_order":0,"comment_status":"closed","ping_status":"closed","template":"","meta":{"_acf_changed":false,"_monsterinsights_skip_tracking":false,"_monsterinsights_sitenote_active":false,"_monsterinsights_sitenote_note":"","_monsterinsights_sitenote_category":0,"footnotes":""},"class_list":["post-3891","page","type-page","status-publish","hentry"],"acf":[],"yoast_head":"<!-- This site is optimized with the Yoast SEO plugin v27.3 - https:\/\/yoast.com\/product\/yoast-seo-wordpress\/ -->\n<title>Specifying the Foundation as funder - \u00d6stersj\u00f6stiftelsen<\/title>\n<meta name=\"robots\" content=\"index, follow, max-snippet:-1, max-image-preview:large, max-video-preview:-1\" \/>\n<link rel=\"canonical\" href=\"https:\/\/ostersjostiftelsen.se\/en\/specifying-the-foundation-as-funder\/\" \/>\n<meta property=\"og:locale\" content=\"en_US\" \/>\n<meta property=\"og:type\" content=\"article\" \/>\n<meta property=\"og:title\" content=\"Specifying the Foundation as funder - \u00d6stersj\u00f6stiftelsen\" \/>\n<meta property=\"og:description\" content=\"Upon publication and other dissemination of research results, it must be stated that the research...\" \/>\n<meta property=\"og:url\" content=\"https:\/\/ostersjostiftelsen.se\/en\/specifying-the-foundation-as-funder\/\" \/>\n<meta property=\"og:site_name\" content=\"\u00d6stersj\u00f6stiftelsen\" \/>\n<meta property=\"article:modified_time\" content=\"2022-06-29T07:01:27+00:00\" \/>\n<meta name=\"twitter:card\" content=\"summary_large_image\" \/>\n<meta name=\"twitter:label1\" content=\"Est. reading time\" \/>\n\t<meta name=\"twitter:data1\" content=\"1 minute\" \/>\n<script type=\"application\/ld+json\" class=\"yoast-schema-graph\">{\"@context\":\"https:\\\/\\\/schema.org\",\"@graph\":[{\"@type\":\"WebPage\",\"@id\":\"https:\\\/\\\/ostersjostiftelsen.se\\\/en\\\/specifying-the-foundation-as-funder\\\/\",\"url\":\"https:\\\/\\\/ostersjostiftelsen.se\\\/en\\\/specifying-the-foundation-as-funder\\\/\",\"name\":\"Specifying the Foundation as funder - \u00d6stersj\u00f6stiftelsen\",\"isPartOf\":{\"@id\":\"https:\\\/\\\/ostersjostiftelsen.se\\\/#website\"},\"datePublished\":\"2022-03-28T13:10:49+00:00\",\"dateModified\":\"2022-06-29T07:01:27+00:00\",\"breadcrumb\":{\"@id\":\"https:\\\/\\\/ostersjostiftelsen.se\\\/en\\\/specifying-the-foundation-as-funder\\\/#breadcrumb\"},\"inLanguage\":\"en-US\",\"potentialAction\":[{\"@type\":\"ReadAction\",\"target\":[\"https:\\\/\\\/ostersjostiftelsen.se\\\/en\\\/specifying-the-foundation-as-funder\\\/\"]}]},{\"@type\":\"BreadcrumbList\",\"@id\":\"https:\\\/\\\/ostersjostiftelsen.se\\\/en\\\/specifying-the-foundation-as-funder\\\/#breadcrumb\",\"itemListElement\":[{\"@type\":\"ListItem\",\"position\":1,\"name\":\"Home\",\"item\":\"https:\\\/\\\/ostersjostiftelsen.se\\\/en\\\/\"},{\"@type\":\"ListItem\",\"position\":2,\"name\":\"Specifying the Foundation as funder\"}]},{\"@type\":\"WebSite\",\"@id\":\"https:\\\/\\\/ostersjostiftelsen.se\\\/#website\",\"url\":\"https:\\\/\\\/ostersjostiftelsen.se\\\/\",\"name\":\"\u00d6stersj\u00f6stiftelsen\",\"description\":\"Stiftelsen f\u00f6r forskning inom omr\u00e5den med anknytning till \u00d6stersj\u00f6regionen och \u00d6steuropa\",\"potentialAction\":[{\"@type\":\"SearchAction\",\"target\":{\"@type\":\"EntryPoint\",\"urlTemplate\":\"https:\\\/\\\/ostersjostiftelsen.se\\\/?s={search_term_string}\"},\"query-input\":{\"@type\":\"PropertyValueSpecification\",\"valueRequired\":true,\"valueName\":\"search_term_string\"}}],\"inLanguage\":\"en-US\"}]}<\/script>\n<!-- \/ Yoast SEO plugin. -->","yoast_head_json":{"title":"Specifying the Foundation as funder - \u00d6stersj\u00f6stiftelsen","robots":{"index":"index","follow":"follow","max-snippet":"max-snippet:-1","max-image-preview":"max-image-preview:large","max-video-preview":"max-video-preview:-1"},"canonical":"https:\/\/ostersjostiftelsen.se\/en\/specifying-the-foundation-as-funder\/","og_locale":"en_US","og_type":"article","og_title":"Specifying the Foundation as funder - \u00d6stersj\u00f6stiftelsen","og_description":"Upon publication and other dissemination of research results, it must be stated that the research...","og_url":"https:\/\/ostersjostiftelsen.se\/en\/specifying-the-foundation-as-funder\/","og_site_name":"\u00d6stersj\u00f6stiftelsen","article_modified_time":"2022-06-29T07:01:27+00:00","twitter_card":"summary_large_image","twitter_misc":{"Est. reading time":"1 minute"},"schema":{"@context":"https:\/\/schema.org","@graph":[{"@type":"WebPage","@id":"https:\/\/ostersjostiftelsen.se\/en\/specifying-the-foundation-as-funder\/","url":"https:\/\/ostersjostiftelsen.se\/en\/specifying-the-foundation-as-funder\/","name":"Specifying the Foundation as funder - \u00d6stersj\u00f6stiftelsen","isPartOf":{"@id":"https:\/\/ostersjostiftelsen.se\/#website"},"datePublished":"2022-03-28T13:10:49+00:00","dateModified":"2022-06-29T07:01:27+00:00","breadcrumb":{"@id":"https:\/\/ostersjostiftelsen.se\/en\/specifying-the-foundation-as-funder\/#breadcrumb"},"inLanguage":"en-US","potentialAction":[{"@type":"ReadAction","target":["https:\/\/ostersjostiftelsen.se\/en\/specifying-the-foundation-as-funder\/"]}]},{"@type":"BreadcrumbList","@id":"https:\/\/ostersjostiftelsen.se\/en\/specifying-the-foundation-as-funder\/#breadcrumb","itemListElement":[{"@type":"ListItem","position":1,"name":"Home","item":"https:\/\/ostersjostiftelsen.se\/en\/"},{"@type":"ListItem","position":2,"name":"Specifying the Foundation as funder"}]},{"@type":"WebSite","@id":"https:\/\/ostersjostiftelsen.se\/#website","url":"https:\/\/ostersjostiftelsen.se\/","name":"\u00d6stersj\u00f6stiftelsen","description":"Stiftelsen f\u00f6r forskning inom omr\u00e5den med anknytning till \u00d6stersj\u00f6regionen och \u00d6steuropa","potentialAction":[{"@type":"SearchAction","target":{"@type":"EntryPoint","urlTemplate":"https:\/\/ostersjostiftelsen.se\/?s={search_term_string}"},"query-input":{"@type":"PropertyValueSpecification","valueRequired":true,"valueName":"search_term_string"}}],"inLanguage":"en-US"}]}},"_links":{"self":[{"href":"https:\/\/ostersjostiftelsen.se\/en\/wp-json\/wp\/v2\/pages\/3891","targetHints":{"allow":["GET"]}}],"collection":[{"href":"https:\/\/ostersjostiftelsen.se\/en\/wp-json\/wp\/v2\/pages"}],"about":[{"href":"https:\/\/ostersjostiftelsen.se\/en\/wp-json\/wp\/v2\/types\/page"}],"author":[{"embeddable":true,"href":"https:\/\/ostersjostiftelsen.se\/en\/wp-json\/wp\/v2\/users\/5"}],"replies":[{"embeddable":true,"href":"https:\/\/ostersjostiftelsen.se\/en\/wp-json\/wp\/v2\/comments?post=3891"}],"version-history":[{"count":2,"href":"https:\/\/ostersjostiftelsen.se\/en\/wp-json\/wp\/v2\/pages\/3891\/revisions"}],"predecessor-version":[{"id":4232,"href":"https:\/\/ostersjostiftelsen.se\/en\/wp-json\/wp\/v2\/pages\/3891\/revisions\/4232"}],"wp:attachment":[{"href":"https:\/\/ostersjostiftelsen.se\/en\/wp-json\/wp\/v2\/media?parent=3891"}],"curies":[{"name":"wp","href":"https:\/\/api.w.org\/{rel}","templated":true}]}}