{"id":5428,"date":"2023-11-27T13:37:04","date_gmt":"2023-11-27T12:37:04","guid":{"rendered":"https:\/\/ostersjostiftelsen.se\/?page_id=5428"},"modified":"2024-11-25T14:15:12","modified_gmt":"2024-11-25T13:15:12","slug":"presentation-from-information-meeting","status":"publish","type":"page","link":"https:\/\/ostersjostiftelsen.se\/en\/presentation-from-information-meeting\/","title":{"rendered":"Presentation from information meeting"},"content":{"rendered":"\n<p>Here you can download the presentation from the Foundation&#8217;s information meeting held on 25th November 2024 on calls for applications in 2025: <a href=\"https:\/\/ostersjostiftelsen.se\/wp-content\/uploads\/2024\/11\/information-meeting-for-researchers-20241125.pdf\">presentation<\/a>.<\/p>\n\n\n\n<figure class=\"wp-block-image size-full\"><img loading=\"lazy\" decoding=\"async\" width=\"881\" height=\"605\" src=\"https:\/\/ostersjostiftelsen.se\/wp-content\/uploads\/2023\/11\/presentation.png\" alt=\"\" class=\"wp-image-5439\" srcset=\"https:\/\/ostersjostiftelsen.se\/wp-content\/uploads\/2023\/11\/presentation.png 881w, https:\/\/ostersjostiftelsen.se\/wp-content\/uploads\/2023\/11\/presentation-300x206.png 300w, https:\/\/ostersjostiftelsen.se\/wp-content\/uploads\/2023\/11\/presentation-768x527.png 768w, https:\/\/ostersjostiftelsen.se\/wp-content\/uploads\/2023\/11\/presentation-233x160.png 233w, https:\/\/ostersjostiftelsen.se\/wp-content\/uploads\/2023\/11\/presentation-526x361.png 526w, https:\/\/ostersjostiftelsen.se\/wp-content\/uploads\/2023\/11\/presentation-720x494.png 720w\" sizes=\"auto, (max-width: 881px) 100vw, 881px\" \/><\/figure>\n","protected":false},"excerpt":{"rendered":"<p>Here you can download the presentation from the Foundation&#8217;s information meeting held on 25th November&#8230;<\/p>\n","protected":false},"author":5,"featured_media":0,"parent":0,"menu_order":0,"comment_status":"closed","ping_status":"closed","template":"","meta":{"_acf_changed":false,"_monsterinsights_skip_tracking":false,"_monsterinsights_sitenote_active":false,"_monsterinsights_sitenote_note":"","_monsterinsights_sitenote_category":0,"footnotes":""},"class_list":["post-5428","page","type-page","status-publish","hentry"],"acf":[],"yoast_head":"<!-- This site is optimized with the Yoast SEO plugin v27.3 - https:\/\/yoast.com\/product\/yoast-seo-wordpress\/ -->\n<title>Presentation from information meeting - \u00d6stersj\u00f6stiftelsen<\/title>\n<meta name=\"robots\" content=\"index, follow, max-snippet:-1, max-image-preview:large, max-video-preview:-1\" \/>\n<link rel=\"canonical\" href=\"https:\/\/ostersjostiftelsen.se\/en\/presentation-from-information-meeting\/\" \/>\n<meta property=\"og:locale\" content=\"en_US\" \/>\n<meta property=\"og:type\" content=\"article\" \/>\n<meta property=\"og:title\" content=\"Presentation from information meeting - \u00d6stersj\u00f6stiftelsen\" \/>\n<meta property=\"og:description\" content=\"Here you can download the presentation from the Foundation&#8217;s information meeting held on 25th November...\" \/>\n<meta property=\"og:url\" content=\"https:\/\/ostersjostiftelsen.se\/en\/presentation-from-information-meeting\/\" \/>\n<meta property=\"og:site_name\" content=\"\u00d6stersj\u00f6stiftelsen\" \/>\n<meta property=\"article:modified_time\" content=\"2024-11-25T13:15:12+00:00\" \/>\n<meta property=\"og:image\" content=\"https:\/\/ostersjostiftelsen.se\/wp-content\/uploads\/2023\/11\/presentation.png\" \/>\n\t<meta property=\"og:image:width\" content=\"881\" \/>\n\t<meta property=\"og:image:height\" content=\"605\" \/>\n\t<meta property=\"og:image:type\" content=\"image\/png\" \/>\n<meta name=\"twitter:card\" content=\"summary_large_image\" \/>\n<meta name=\"twitter:label1\" content=\"Est. reading time\" \/>\n\t<meta name=\"twitter:data1\" content=\"1 minute\" \/>\n<script type=\"application\/ld+json\" class=\"yoast-schema-graph\">{\"@context\":\"https:\\\/\\\/schema.org\",\"@graph\":[{\"@type\":\"WebPage\",\"@id\":\"https:\\\/\\\/ostersjostiftelsen.se\\\/en\\\/presentation-from-information-meeting\\\/\",\"url\":\"https:\\\/\\\/ostersjostiftelsen.se\\\/en\\\/presentation-from-information-meeting\\\/\",\"name\":\"Presentation from information meeting - \u00d6stersj\u00f6stiftelsen\",\"isPartOf\":{\"@id\":\"https:\\\/\\\/ostersjostiftelsen.se\\\/#website\"},\"primaryImageOfPage\":{\"@id\":\"https:\\\/\\\/ostersjostiftelsen.se\\\/en\\\/presentation-from-information-meeting\\\/#primaryimage\"},\"image\":{\"@id\":\"https:\\\/\\\/ostersjostiftelsen.se\\\/en\\\/presentation-from-information-meeting\\\/#primaryimage\"},\"thumbnailUrl\":\"https:\\\/\\\/ostersjostiftelsen.se\\\/wp-content\\\/uploads\\\/2023\\\/11\\\/presentation.png\",\"datePublished\":\"2023-11-27T12:37:04+00:00\",\"dateModified\":\"2024-11-25T13:15:12+00:00\",\"breadcrumb\":{\"@id\":\"https:\\\/\\\/ostersjostiftelsen.se\\\/en\\\/presentation-from-information-meeting\\\/#breadcrumb\"},\"inLanguage\":\"en-US\",\"potentialAction\":[{\"@type\":\"ReadAction\",\"target\":[\"https:\\\/\\\/ostersjostiftelsen.se\\\/en\\\/presentation-from-information-meeting\\\/\"]}]},{\"@type\":\"ImageObject\",\"inLanguage\":\"en-US\",\"@id\":\"https:\\\/\\\/ostersjostiftelsen.se\\\/en\\\/presentation-from-information-meeting\\\/#primaryimage\",\"url\":\"https:\\\/\\\/ostersjostiftelsen.se\\\/wp-content\\\/uploads\\\/2023\\\/11\\\/presentation.png\",\"contentUrl\":\"https:\\\/\\\/ostersjostiftelsen.se\\\/wp-content\\\/uploads\\\/2023\\\/11\\\/presentation.png\"},{\"@type\":\"BreadcrumbList\",\"@id\":\"https:\\\/\\\/ostersjostiftelsen.se\\\/en\\\/presentation-from-information-meeting\\\/#breadcrumb\",\"itemListElement\":[{\"@type\":\"ListItem\",\"position\":1,\"name\":\"Home\",\"item\":\"https:\\\/\\\/ostersjostiftelsen.se\\\/en\\\/\"},{\"@type\":\"ListItem\",\"position\":2,\"name\":\"Presentation from information meeting\"}]},{\"@type\":\"WebSite\",\"@id\":\"https:\\\/\\\/ostersjostiftelsen.se\\\/#website\",\"url\":\"https:\\\/\\\/ostersjostiftelsen.se\\\/\",\"name\":\"\u00d6stersj\u00f6stiftelsen\",\"description\":\"Stiftelsen f\u00f6r forskning inom omr\u00e5den med anknytning till \u00d6stersj\u00f6regionen och \u00d6steuropa\",\"potentialAction\":[{\"@type\":\"SearchAction\",\"target\":{\"@type\":\"EntryPoint\",\"urlTemplate\":\"https:\\\/\\\/ostersjostiftelsen.se\\\/?s={search_term_string}\"},\"query-input\":{\"@type\":\"PropertyValueSpecification\",\"valueRequired\":true,\"valueName\":\"search_term_string\"}}],\"inLanguage\":\"en-US\"}]}<\/script>\n<!-- \/ Yoast SEO plugin. -->","yoast_head_json":{"title":"Presentation from information meeting - \u00d6stersj\u00f6stiftelsen","robots":{"index":"index","follow":"follow","max-snippet":"max-snippet:-1","max-image-preview":"max-image-preview:large","max-video-preview":"max-video-preview:-1"},"canonical":"https:\/\/ostersjostiftelsen.se\/en\/presentation-from-information-meeting\/","og_locale":"en_US","og_type":"article","og_title":"Presentation from information meeting - \u00d6stersj\u00f6stiftelsen","og_description":"Here you can download the presentation from the Foundation&#8217;s information meeting held on 25th November...","og_url":"https:\/\/ostersjostiftelsen.se\/en\/presentation-from-information-meeting\/","og_site_name":"\u00d6stersj\u00f6stiftelsen","article_modified_time":"2024-11-25T13:15:12+00:00","og_image":[{"width":881,"height":605,"url":"https:\/\/ostersjostiftelsen.se\/wp-content\/uploads\/2023\/11\/presentation.png","type":"image\/png"}],"twitter_card":"summary_large_image","twitter_misc":{"Est. reading time":"1 minute"},"schema":{"@context":"https:\/\/schema.org","@graph":[{"@type":"WebPage","@id":"https:\/\/ostersjostiftelsen.se\/en\/presentation-from-information-meeting\/","url":"https:\/\/ostersjostiftelsen.se\/en\/presentation-from-information-meeting\/","name":"Presentation from information meeting - \u00d6stersj\u00f6stiftelsen","isPartOf":{"@id":"https:\/\/ostersjostiftelsen.se\/#website"},"primaryImageOfPage":{"@id":"https:\/\/ostersjostiftelsen.se\/en\/presentation-from-information-meeting\/#primaryimage"},"image":{"@id":"https:\/\/ostersjostiftelsen.se\/en\/presentation-from-information-meeting\/#primaryimage"},"thumbnailUrl":"https:\/\/ostersjostiftelsen.se\/wp-content\/uploads\/2023\/11\/presentation.png","datePublished":"2023-11-27T12:37:04+00:00","dateModified":"2024-11-25T13:15:12+00:00","breadcrumb":{"@id":"https:\/\/ostersjostiftelsen.se\/en\/presentation-from-information-meeting\/#breadcrumb"},"inLanguage":"en-US","potentialAction":[{"@type":"ReadAction","target":["https:\/\/ostersjostiftelsen.se\/en\/presentation-from-information-meeting\/"]}]},{"@type":"ImageObject","inLanguage":"en-US","@id":"https:\/\/ostersjostiftelsen.se\/en\/presentation-from-information-meeting\/#primaryimage","url":"https:\/\/ostersjostiftelsen.se\/wp-content\/uploads\/2023\/11\/presentation.png","contentUrl":"https:\/\/ostersjostiftelsen.se\/wp-content\/uploads\/2023\/11\/presentation.png"},{"@type":"BreadcrumbList","@id":"https:\/\/ostersjostiftelsen.se\/en\/presentation-from-information-meeting\/#breadcrumb","itemListElement":[{"@type":"ListItem","position":1,"name":"Home","item":"https:\/\/ostersjostiftelsen.se\/en\/"},{"@type":"ListItem","position":2,"name":"Presentation from information meeting"}]},{"@type":"WebSite","@id":"https:\/\/ostersjostiftelsen.se\/#website","url":"https:\/\/ostersjostiftelsen.se\/","name":"\u00d6stersj\u00f6stiftelsen","description":"Stiftelsen f\u00f6r forskning inom omr\u00e5den med anknytning till \u00d6stersj\u00f6regionen och \u00d6steuropa","potentialAction":[{"@type":"SearchAction","target":{"@type":"EntryPoint","urlTemplate":"https:\/\/ostersjostiftelsen.se\/?s={search_term_string}"},"query-input":{"@type":"PropertyValueSpecification","valueRequired":true,"valueName":"search_term_string"}}],"inLanguage":"en-US"}]}},"_links":{"self":[{"href":"https:\/\/ostersjostiftelsen.se\/en\/wp-json\/wp\/v2\/pages\/5428","targetHints":{"allow":["GET"]}}],"collection":[{"href":"https:\/\/ostersjostiftelsen.se\/en\/wp-json\/wp\/v2\/pages"}],"about":[{"href":"https:\/\/ostersjostiftelsen.se\/en\/wp-json\/wp\/v2\/types\/page"}],"author":[{"embeddable":true,"href":"https:\/\/ostersjostiftelsen.se\/en\/wp-json\/wp\/v2\/users\/5"}],"replies":[{"embeddable":true,"href":"https:\/\/ostersjostiftelsen.se\/en\/wp-json\/wp\/v2\/comments?post=5428"}],"version-history":[{"count":3,"href":"https:\/\/ostersjostiftelsen.se\/en\/wp-json\/wp\/v2\/pages\/5428\/revisions"}],"predecessor-version":[{"id":5774,"href":"https:\/\/ostersjostiftelsen.se\/en\/wp-json\/wp\/v2\/pages\/5428\/revisions\/5774"}],"wp:attachment":[{"href":"https:\/\/ostersjostiftelsen.se\/en\/wp-json\/wp\/v2\/media?parent=5428"}],"curies":[{"name":"wp","href":"https:\/\/api.w.org\/{rel}","templated":true}]}}