{"id":6977,"date":"2025-12-15T08:48:41","date_gmt":"2025-12-15T07:48:41","guid":{"rendered":"https:\/\/ostersjostiftelsen.se\/?page_id=6977"},"modified":"2025-12-15T10:10:56","modified_gmt":"2025-12-15T09:10:56","slug":"instructions-on-funding-applications-for-publication-grants-in-2026","status":"publish","type":"page","link":"https:\/\/ostersjostiftelsen.se\/en\/instructions-on-funding-applications-for-publication-grants-in-2026\/","title":{"rendered":"Instructions on funding applications for publication grants in 2026"},"content":{"rendered":"\n<p><em>15\/12\/2025<\/em><\/p>\n\n\n\n<p><strong>This funding supports the publication of research findings from projects funded by the Foundation for Baltic and East European Studies. The purpose is to enhance the visibility and accessibility of research on the Baltic Sea Region and Eastern Europe through open access publications.<\/strong><\/p>\n\n\n\n<p><strong>Eligible to apply:&nbsp;<\/strong>Project managers and participants for research projects funded by the Foundation. Project managers for conference grants funded by the Foundation.<\/p>\n\n\n\n<p><strong>Intended for:<\/strong><\/p>\n\n\n\n<ul class=\"wp-block-list\">\n<li>Articles in journals; monographs and anthologies; and conference anthologies issued by publishers in conjunction with conference grants. Publishing must take place with immediate open access.<\/li>\n\n\n\n<li>Costs connected with publication of research findings, listed by written agreement with a publisher, including OA fees, and also for other services purchased \u2014 language editing, graphic design and illustrations, for example.<\/li>\n<\/ul>\n\n\n\n<p><strong>Grant availability period:&nbsp;<\/strong>Maximum of one year.<\/p>\n\n\n\n<p><strong>Grant amount:&nbsp;<\/strong>SEK 250,000.<\/p>\n\n\n\n<p><strong>Grant administrator:&nbsp;<\/strong><a href=\"https:\/\/www.uka.se\/swedish-higher-education-authority\/about-higher-education\/universities-university-colleges-and-other-education-providers\/higher-education-institutions\" target=\"_blank\" rel=\"noreferrer noopener\">A Swedish higher education institution<\/a>.<\/p>\n\n\n\n<hr class=\"wp-block-separator has-alpha-channel-opacity\"\/>\n\n\n\n<h2 class=\"wp-block-heading\">A.&nbsp;&nbsp; Key dates<\/h2>\n\n\n\n<h3 class=\"wp-block-heading has-medium-font-size\">Calls for proposals &#8211; round 1<\/h3>\n\n\n\n<ul class=\"wp-block-list\">\n<li>The call for applications opens on <strong>15 December 2025 at 9:00 am<\/strong>.<\/li>\n\n\n\n<li>The deadline for applications is <strong>28 January 2026 at 3 p.m.<\/strong><\/li>\n\n\n\n<li>Decision on application will be announced in <strong>March 2026<\/strong>.<\/li>\n\n\n\n<li>Start date:&nbsp;<strong>1 July 2026<\/strong>. The grant availability period is one year.<\/li>\n<\/ul>\n\n\n\n<h3 class=\"wp-block-heading has-medium-font-size\">Calls for proposals &#8211; round 2<\/h3>\n\n\n\n<ul class=\"wp-block-list\">\n<li>The call for applications opens on <strong>17 August 2026 at 9:00 am<\/strong>.<\/li>\n\n\n\n<li>The deadline for applications is <strong>29 September 2026 at 3 p.m.<\/strong><\/li>\n\n\n\n<li>Decision on application will be announced in <strong>November 2026<\/strong>.<\/li>\n\n\n\n<li>Start date:&nbsp;<strong>1 January 2027<\/strong>. The grant availability period is one year.<\/li>\n<\/ul>\n\n\n\n<hr class=\"wp-block-separator has-alpha-channel-opacity\"\/>\n\n\n\n<h2 class=\"wp-block-heading\">B.&nbsp;&nbsp; General conditions<\/h2>\n\n\n\n<ol start=\"1\" class=\"wp-block-list\">\n<li><strong>Grant administrator:&nbsp;<\/strong>must be a&nbsp;<a href=\"https:\/\/www.uka.se\/swedish-higher-education-authority\/about-higher-education\/universities-university-colleges-and-other-education-providers\/higher-education-institutions\" target=\"_blank\" rel=\"noreferrer noopener\">Swedish higher education institution<\/a>. There may be other Swedish grant administrators, but the Foundation\u2019s approval must be obtained before the application is submitted.<\/li>\n\n\n\n<li><strong>Approval:<\/strong>&nbsp;Applications must be approved by the grant administrator, through digital signature or a signed form (before the application is submitted). See more about signing and what it means under F. Instructions for application, Signatures. For publication grants based at S\u00f6dert\u00f6rn University, see&nbsp;<a href=\"https:\/\/eur01.safelinks.protection.outlook.com\/?url=https%3A%2F%2Fmedarbetarwebben.sh.se%2Fenglish%2Fstartpage%2Fresearch%2Fsupport-for-researchers%2Fapplication-support.html%3Fquery%3DCHECKLIST%2520FOR%2520RESEARCH%2520FUNDING%2520APPLICATIONS%2520-%2520%25C3%2596stersj%25C3%25B6stiftelsen%23app_mount_10_30c5500e18bcc3ce0d0818a_12_70c3d424173b4900fc550e1c&amp;data=05%7C02%7Czofia.makowska%40ostersjostiftelsen.se%7C7abbb77e0e2c4eb2b54f08dda3465382%7C0450d239ea764842b0455f901a7e00e6%7C0%7C0%7C638846244935867238%7CUnknown%7CTWFpbGZsb3d8eyJFbXB0eU1hcGkiOnRydWUsIlYiOiIwLjAuMDAwMCIsIlAiOiJXaW4zMiIsIkFOIjoiTWFpbCIsIldUIjoyfQ%3D%3D%7C0%7C%7C%7C&amp;sdata=40mdRd%2B%2F%2FnTVqrimeRsrXUzQjorW7%2BN6M845MHc%2Bheg%3D&amp;reserved=0\">S\u00f6dert\u00f6rn University\u2019s checklist&nbsp;<\/a>with the internal procedures.<\/li>\n\n\n\n<li><strong>Co-funding:&nbsp;<\/strong>The Foundation approves co-funding of publication grants with another research funder. Clearly indicate the Foundation\u2019s contribution to the total budget in the application. If funds for the same or a similar publication are also applied for from another funder, this must be stated in the application. If funding is received from another funder for the publication, the Foundation\u2019s secretariat must always be notified of this fact. Funds granted cannot be used for costs covered by another research funder.<\/li>\n\n\n\n<li><strong>Government\u2019s request:<\/strong> The Foundation is complying with the Government\u2019s request to ensure that contacts and collaborations with Russian and Belarusian state institutions cease immediately, and no new ones are initiated. The Foundation will not fund research collaborations linked to the state in Russia or Belarus.<\/li>\n\n\n\n<li><strong>Use of AI: <\/strong>The project manager is responsible for following <a href=\"https:\/\/ostersjostiftelsen.se\/en\/guidelines-for-the-use-of-ai-tools-in-the-preparation-of-research-grant-applications-and-in-peer-review\/\">Foundation\u2019s Guidelines for the use of AI tools in the preparation of research grant applications<\/a>.<\/li>\n\n\n\n<li><strong>Open access: <\/strong>There must be&nbsp;<strong>immediate open access<\/strong>. This applies to monographs as well.<\/li>\n\n\n\n<li><strong>Data Privacy Policy:&nbsp;<\/strong>The Foundation collects and processes personal data as part of the application process. The project manager must ensure that all participants in the application are aware of&nbsp;<a href=\"https:\/\/ostersjostiftelsen.se\/en\/about-the-foundation\/data-privacy-policy-of-the-foundation-for-baltic-and-east-european-studies\/\">the Foundation\u2019s Data Privacy Policy<\/a>.<\/li>\n\n\n\n<li><strong>Website:<\/strong> The Foundation publishes information about the funds granted on its website.<\/li>\n\n\n\n<li><strong>Follow-up<\/strong>:\n<ul class=\"wp-block-list\">\n<li><strong>Final report:&nbsp;&nbsp;<\/strong>A&nbsp;<a href=\"https:\/\/ostersjostiftelsen.se\/en\/for-researchers\/final-reporting\/\">final report<\/a> is due within four months of the last grant availability date.<\/li>\n\n\n\n<li>Project monitoring may take other forms as well.<\/li>\n<\/ul>\n<\/li>\n<\/ol>\n\n\n\n<hr class=\"wp-block-separator has-alpha-channel-opacity\"\/>\n\n\n\n<h2 class=\"wp-block-heading\">C.&nbsp;&nbsp; Applicants<\/h2>\n\n\n\n<ol class=\"wp-block-list\">\n<li><strong>Eligibility: <\/strong>Only researchers with research projects or conference grants funded by the Foundation may apply for publication grants.<\/li>\n\n\n\n<li><strong>Application period: <\/strong>Funding for publication may be applied for during grant availability period and up to three years after submission of a final report.<\/li>\n\n\n\n<li><strong>Project manager\u2019s role:<\/strong> The project manager is responsible for the ongoing work with the publication. The project manager is also the contact person for the project vis-\u00e0-vis the Foundation and the grant administrator when the application is created, during the assessment period and after a funding decision has been made.<\/li>\n\n\n\n<li><strong>Number of applications<\/strong>: It is possible to submit several applications for publication grants at the same time and to apply during ongoing projects. For more information see <a href=\"https:\/\/ostersjostiftelsen.se\/en\/vilka-bidrag-kan-jag-soka\/\">\u2018Which grants may I apply for and have simultaneously?\u2019<\/a>.<\/li>\n<\/ol>\n\n\n\n<hr class=\"wp-block-separator has-alpha-channel-opacity\"\/>\n\n\n\n<h2 class=\"wp-block-heading\">D.&nbsp;&nbsp; Assessment<\/h2>\n\n\n\n<p>Applications for publication grants are assessed by a specially appointed assessment panel. See&nbsp;<a href=\"https:\/\/ostersjostiftelsen.se\/en\/assessment-panels\/\" target=\"_blank\" rel=\"noreferrer noopener\">the composition of the panel<\/a>. The panel assesses the applications in competition and on the basis of the set assessment criteria and makes decisions on funding. Documentation for the assessment comprises the application and the written agreement with a publisher. The applicants are notified by email. No reasons for the decisions are given.<\/p>\n\n\n\n<h3 class=\"wp-block-heading has-medium-font-size\"><strong>Assessment criteria<\/strong><\/h3>\n\n\n\n<ul class=\"wp-block-list\">\n<li>relevance of the conference to the Baltic Sea Region and Eastern Europe<\/li>\n\n\n\n<li>relevance to society<\/li>\n<\/ul>\n\n\n\n<h4 class=\"wp-block-heading has-medium-font-size\">Relevance to the Baltic Sea Region and Eastern Europe<\/h4>\n\n\n\n<p>The publication must be highly relevant to the Baltic Sea Region and Eastern Europe. The same description of this relevance as the one applying to research projects is also applied with respect to publication grants.<\/p>\n\n\n\n<p>Under the Statutes, the Foundation for Baltic and East European Studies funds research related to \u2018the Baltic Sea Region and Eastern Europe\u2019. The \u2018Baltic Sea Region\u2019 is the Baltic Sea itself and the surrounding areas. \u2018Eastern Europe\u2019 refers to post-communist Central, Southern and Eastern Europe (see further information on&nbsp;<a href=\"https:\/\/ostersjostiftelsen.se\/en\/for-researchers\/research-relevance-for-baltic-sea-region-and-eastern-europe\/\">the Baltic Sea Region and Eastern Europe<\/a>). The Foundation does not fund research relating exclusively to Sweden or Swedish conditions. However, support may be provided for research that concerns Sweden, or countries entirely outside the Baltic Sea Region and Eastern Europe in comparative studies when this is scientifically justified.<\/p>\n\n\n\n<p>For the research to be judged highly relevant to the Baltic Sea Region and Eastern Europe, it must make a specific contribution to our knowledge of this area. Research within the area involving collaboration with researchers, research institutions and other stakeholders in the Baltic Sea Region and Eastern Europe is particularly relevant. Research with a more theoretical main question, in which the importance of the Baltic Sea Region or Eastern Europe is not explained in terms of the main question, or where the link to the region is indirect, is judged less relevant.<\/p>\n\n\n\n<h4 class=\"wp-block-heading has-medium-font-size\">Relevance to society<\/h4>\n\n\n\n<p>The relevance of the research to society, where it can be applied, is another key criterion in the assessment of a funding application. Relevance to society can be interpreted both as the practical application of research results in society or as a question of how the results help us to understand societal phenomena, empirically or theoretically.<\/p>\n\n\n\n<hr class=\"wp-block-separator has-alpha-channel-opacity\"\/>\n\n\n\n<h2 class=\"wp-block-heading\">E.&nbsp;&nbsp;&nbsp; Budget<\/h2>\n\n\n\n<ol class=\"wp-block-list\">\n<li><strong>Grant amount<\/strong>: The publication budget may not exceed SEK 250,000.<\/li>\n\n\n\n<li><strong>Publication types<\/strong>: Funding may be applied for articles in journals; monographs and anthologies; and conference anthologies issued by publishers in conjunction with conference grants funded by the Foundation.<\/li>\n\n\n\n<li><strong>Costs:<\/strong>\n<ul class=\"wp-block-list\">\n<li>Funding may be applied for actual, specified costs connected with the publication.<\/li>\n\n\n\n<li>Funds may be applied for to cover costs related to the publication, such as language editing, layout, images, printing and publishing with open access, and for indirect costs (overheads). Translation costs may applied for if specified in the contract with the publisher.<\/li>\n\n\n\n<li>Funding of conference publications of two types, abstract collections and proceedings, should be applied for in an application for conference grants.<\/li>\n<\/ul>\n<\/li>\n\n\n\n<li><strong>Budget commentary:<\/strong>\n<ul class=\"wp-block-list\">\n<li>Please note that all costs must be specified and justified in detail in the space for \u2018Budget commentary\u2019. Specify the various costs of the publication, such as language editing, layout, images, printing and publishing with open access. Unspecified or unjustified costs are not approved.<\/li>\n\n\n\n<li>The calculation of the amount of indirect costs must be stated in the budget commentary.<\/li>\n\n\n\n<li><em>Note that the commentary is obligatory.<\/em><\/li>\n<\/ul>\n<\/li>\n<\/ol>\n\n\n\n<hr class=\"wp-block-separator has-alpha-channel-opacity\"\/>\n\n\n\n<h2 class=\"wp-block-heading\">F.&nbsp;&nbsp;&nbsp; Instructions for application<\/h2>\n\n\n\n<h3 class=\"wp-block-heading has-medium-font-size\">Important information<\/h3>\n\n\n\n<ul class=\"wp-block-list\">\n<li><strong>Application system:&nbsp;<\/strong>Applications are submitted through&nbsp;<a href=\"https:\/\/apply.se\/ostersjostiftelsen\">Apply.<\/a><\/li>\n\n\n\n<li><strong>Language:&nbsp;<\/strong>The whole application must be written in English. Applications partially in Swedish or incomplete will not be considered.<\/li>\n\n\n\n<li><strong>Changes in a submitted application:<\/strong>&nbsp;Once submitted, applications cannot be modified by the applicant. Contact the Foundation\u2019s secretariat if changes are needed.<\/li>\n\n\n\n<li><strong>Mandatory attachments:<\/strong> Project description, references and CV must be uploaded as separate PDF files. No attachments may be included other than the PDF files requested in the application system.<\/li>\n<\/ul>\n\n\n\n<h3 class=\"wp-block-heading has-medium-font-size\">Application form<\/h3>\n\n\n\n<p><strong>Summary:<\/strong> may be up to 1500 characters, including spaces, in length. It must describe. It must describe the content of the publication and, in particular, its relevance to the Baltic Sea Region and Eastern Europe and its target group.<\/p>\n\n\n\n<p><strong>Project description:<\/strong> must comprise a maximum of two pages of text (Times New Roman 12 points, line spacing 1.5, normal margins). It must cover the research task, especially its relevance to the Baltic Sea Region and Eastern Europe; relevance to society; the content of the publication; and the target group.<\/p>\n\n\n\n<p>It is the applicant&#8217;s responsibility to provide detailed justification of the relevance to the Baltic Sea Region and Eastern Europe, as well as the relevance to society.<\/p>\n\n\n\n<p><strong>Agreement with a publisher: <\/strong>Upload an agreement with a single publisher only.<\/p>\n\n\n\n<h3 class=\"wp-block-heading\">Signatures<\/h3>\n\n\n\n<p>The application must be signed by the project manager and the grant administrator\u2019s authorised representative, who is usually the Head of the School (<em>prefekt<\/em>) where the project is intended to be based. Please note that applications cannot be submitted without the signature of the Head of School. The Foundation processes only signed applications.<\/p>\n\n\n\n<p>The application is digitally signed with BankID in the application system Apply. If BankID is not available a special signature form is downloaded from the application system. Each party chooses the signing method in the application system.<\/p>\n\n\n\n<p>The project manager\u2019s signature represents confirmation that:<\/p>\n\n\n\n<ul class=\"wp-block-list\">\n<li>the information in the application is correct and in line with the Foundation\u2019s instructions<\/li>\n\n\n\n<li>the project manager will comply with all the conditions applying to the grant.<\/li>\n<\/ul>\n\n\n\n<p>The grant administrator\u2019s signature represents confirmation that:<\/p>\n\n\n\n<ul class=\"wp-block-list\">\n<li>the grant administrator approves the cost calculation in the application<\/li>\n\n\n\n<li>the grant administrator will comply with all the conditions applying to the grant.<\/li>\n<\/ul>\n\n\n\n<p>The parties must have discussed the above points before the project manager and the grant administrator\u2019s representative approve and sign the application.<\/p>\n\n\n\n<div style=\"height:40px\" aria-hidden=\"true\" class=\"wp-block-spacer\"><\/div>\n\n\n\n<div class=\"wp-block-group has-light-gray-background-color has-background\"><div class=\"wp-block-group__inner-container is-layout-constrained wp-block-group-is-layout-constrained\">\n<p class=\"has-medium-font-size\"><strong>Apply via&nbsp;the Foundation\u2019s application system&nbsp;<\/strong><a href=\"https:\/\/apply.se\/ostersjostiftelsen\" target=\"_blank\" rel=\"noreferrer noopener\"><strong>Apply<\/strong><\/a><strong>.<\/strong><\/p>\n\n\n\n<p><strong>Contact details:&nbsp;<\/strong><a href=\"mailto:zofia.makowska@ostersjostiftelsen.se\">zofia.makowska@ostersjostiftelsen.se<\/a><strong><\/strong><\/p>\n\n\n\n<p>For publication grants to be based at S\u00f6dert\u00f6rn University, see <a href=\"https:\/\/eur01.safelinks.protection.outlook.com\/?url=https%3A%2F%2Fmedarbetarwebben.sh.se%2Fenglish%2Fstartpage%2Fresearch%2Fsupport-for-researchers%2Fapplication-support.html%3Fquery%3DCHECKLIST%2520FOR%2520RESEARCH%2520FUNDING%2520APPLICATIONS%2520-%2520%25C3%2596stersj%25C3%25B6stiftelsen%23app_mount_10_30c5500e18bcc3ce0d0818a_12_70c3d424173b4900fc550e1c&amp;data=05%7C02%7Czofia.makowska%40ostersjostiftelsen.se%7C7abbb77e0e2c4eb2b54f08dda3465382%7C0450d239ea764842b0455f901a7e00e6%7C0%7C0%7C638846244935867238%7CUnknown%7CTWFpbGZsb3d8eyJFbXB0eU1hcGkiOnRydWUsIlYiOiIwLjAuMDAwMCIsIlAiOiJXaW4zMiIsIkFOIjoiTWFpbCIsIldUIjoyfQ%3D%3D%7C0%7C%7C%7C&amp;sdata=40mdRd%2B%2F%2FnTVqrimeRsrXUzQjorW7%2BN6M845MHc%2Bheg%3D&amp;reserved=0\" target=\"_blank\" rel=\"noreferrer noopener\">the University\u2019s checklist<\/a> with internal procedures.<\/p>\n<\/div><\/div>\n\n\n\n<div style=\"height:100px\" aria-hidden=\"true\" class=\"wp-block-spacer\"><\/div>\n","protected":false},"excerpt":{"rendered":"<p>15\/12\/2025 This funding supports the publication of research findings from projects funded by the Foundation&#8230;<\/p>\n","protected":false},"author":5,"featured_media":0,"parent":0,"menu_order":0,"comment_status":"closed","ping_status":"closed","template":"","meta":{"_acf_changed":false,"_monsterinsights_skip_tracking":false,"_monsterinsights_sitenote_active":false,"_monsterinsights_sitenote_note":"","_monsterinsights_sitenote_category":0,"footnotes":""},"class_list":["post-6977","page","type-page","status-publish","hentry"],"acf":[],"yoast_head":"<!-- This site is optimized with the Yoast SEO plugin v27.3 - https:\/\/yoast.com\/product\/yoast-seo-wordpress\/ -->\n<title>Instructions on funding applications for publication grants in 2026 - \u00d6stersj\u00f6stiftelsen<\/title>\n<meta name=\"robots\" content=\"index, follow, max-snippet:-1, max-image-preview:large, max-video-preview:-1\" \/>\n<link rel=\"canonical\" href=\"https:\/\/ostersjostiftelsen.se\/en\/instructions-on-funding-applications-for-publication-grants-in-2026\/\" \/>\n<meta property=\"og:locale\" content=\"en_US\" \/>\n<meta property=\"og:type\" content=\"article\" \/>\n<meta property=\"og:title\" content=\"Instructions on funding applications for publication grants in 2026 - \u00d6stersj\u00f6stiftelsen\" \/>\n<meta property=\"og:description\" content=\"15\/12\/2025 This funding supports the publication of research findings from projects funded by the Foundation...\" \/>\n<meta property=\"og:url\" content=\"https:\/\/ostersjostiftelsen.se\/en\/instructions-on-funding-applications-for-publication-grants-in-2026\/\" \/>\n<meta property=\"og:site_name\" content=\"\u00d6stersj\u00f6stiftelsen\" \/>\n<meta property=\"article:modified_time\" content=\"2025-12-15T09:10:56+00:00\" \/>\n<meta name=\"twitter:card\" content=\"summary_large_image\" \/>\n<meta name=\"twitter:label1\" content=\"Est. reading time\" \/>\n\t<meta name=\"twitter:data1\" content=\"9 minutes\" \/>\n<script type=\"application\/ld+json\" class=\"yoast-schema-graph\">{\"@context\":\"https:\\\/\\\/schema.org\",\"@graph\":[{\"@type\":\"WebPage\",\"@id\":\"https:\\\/\\\/ostersjostiftelsen.se\\\/en\\\/instructions-on-funding-applications-for-publication-grants-in-2026\\\/\",\"url\":\"https:\\\/\\\/ostersjostiftelsen.se\\\/en\\\/instructions-on-funding-applications-for-publication-grants-in-2026\\\/\",\"name\":\"Instructions on funding applications for publication grants in 2026 - \u00d6stersj\u00f6stiftelsen\",\"isPartOf\":{\"@id\":\"https:\\\/\\\/ostersjostiftelsen.se\\\/#website\"},\"datePublished\":\"2025-12-15T07:48:41+00:00\",\"dateModified\":\"2025-12-15T09:10:56+00:00\",\"breadcrumb\":{\"@id\":\"https:\\\/\\\/ostersjostiftelsen.se\\\/en\\\/instructions-on-funding-applications-for-publication-grants-in-2026\\\/#breadcrumb\"},\"inLanguage\":\"en-US\",\"potentialAction\":[{\"@type\":\"ReadAction\",\"target\":[\"https:\\\/\\\/ostersjostiftelsen.se\\\/en\\\/instructions-on-funding-applications-for-publication-grants-in-2026\\\/\"]}]},{\"@type\":\"BreadcrumbList\",\"@id\":\"https:\\\/\\\/ostersjostiftelsen.se\\\/en\\\/instructions-on-funding-applications-for-publication-grants-in-2026\\\/#breadcrumb\",\"itemListElement\":[{\"@type\":\"ListItem\",\"position\":1,\"name\":\"Home\",\"item\":\"https:\\\/\\\/ostersjostiftelsen.se\\\/en\\\/\"},{\"@type\":\"ListItem\",\"position\":2,\"name\":\"Instructions on funding applications for publication grants in 2026\"}]},{\"@type\":\"WebSite\",\"@id\":\"https:\\\/\\\/ostersjostiftelsen.se\\\/#website\",\"url\":\"https:\\\/\\\/ostersjostiftelsen.se\\\/\",\"name\":\"\u00d6stersj\u00f6stiftelsen\",\"description\":\"Stiftelsen f\u00f6r forskning inom omr\u00e5den med anknytning till \u00d6stersj\u00f6regionen och \u00d6steuropa\",\"potentialAction\":[{\"@type\":\"SearchAction\",\"target\":{\"@type\":\"EntryPoint\",\"urlTemplate\":\"https:\\\/\\\/ostersjostiftelsen.se\\\/?s={search_term_string}\"},\"query-input\":{\"@type\":\"PropertyValueSpecification\",\"valueRequired\":true,\"valueName\":\"search_term_string\"}}],\"inLanguage\":\"en-US\"}]}<\/script>\n<!-- \/ Yoast SEO plugin. -->","yoast_head_json":{"title":"Instructions on funding applications for publication grants in 2026 - \u00d6stersj\u00f6stiftelsen","robots":{"index":"index","follow":"follow","max-snippet":"max-snippet:-1","max-image-preview":"max-image-preview:large","max-video-preview":"max-video-preview:-1"},"canonical":"https:\/\/ostersjostiftelsen.se\/en\/instructions-on-funding-applications-for-publication-grants-in-2026\/","og_locale":"en_US","og_type":"article","og_title":"Instructions on funding applications for publication grants in 2026 - \u00d6stersj\u00f6stiftelsen","og_description":"15\/12\/2025 This funding supports the publication of research findings from projects funded by the Foundation...","og_url":"https:\/\/ostersjostiftelsen.se\/en\/instructions-on-funding-applications-for-publication-grants-in-2026\/","og_site_name":"\u00d6stersj\u00f6stiftelsen","article_modified_time":"2025-12-15T09:10:56+00:00","twitter_card":"summary_large_image","twitter_misc":{"Est. reading time":"9 minutes"},"schema":{"@context":"https:\/\/schema.org","@graph":[{"@type":"WebPage","@id":"https:\/\/ostersjostiftelsen.se\/en\/instructions-on-funding-applications-for-publication-grants-in-2026\/","url":"https:\/\/ostersjostiftelsen.se\/en\/instructions-on-funding-applications-for-publication-grants-in-2026\/","name":"Instructions on funding applications for publication grants in 2026 - \u00d6stersj\u00f6stiftelsen","isPartOf":{"@id":"https:\/\/ostersjostiftelsen.se\/#website"},"datePublished":"2025-12-15T07:48:41+00:00","dateModified":"2025-12-15T09:10:56+00:00","breadcrumb":{"@id":"https:\/\/ostersjostiftelsen.se\/en\/instructions-on-funding-applications-for-publication-grants-in-2026\/#breadcrumb"},"inLanguage":"en-US","potentialAction":[{"@type":"ReadAction","target":["https:\/\/ostersjostiftelsen.se\/en\/instructions-on-funding-applications-for-publication-grants-in-2026\/"]}]},{"@type":"BreadcrumbList","@id":"https:\/\/ostersjostiftelsen.se\/en\/instructions-on-funding-applications-for-publication-grants-in-2026\/#breadcrumb","itemListElement":[{"@type":"ListItem","position":1,"name":"Home","item":"https:\/\/ostersjostiftelsen.se\/en\/"},{"@type":"ListItem","position":2,"name":"Instructions on funding applications for publication grants in 2026"}]},{"@type":"WebSite","@id":"https:\/\/ostersjostiftelsen.se\/#website","url":"https:\/\/ostersjostiftelsen.se\/","name":"\u00d6stersj\u00f6stiftelsen","description":"Stiftelsen f\u00f6r forskning inom omr\u00e5den med anknytning till \u00d6stersj\u00f6regionen och \u00d6steuropa","potentialAction":[{"@type":"SearchAction","target":{"@type":"EntryPoint","urlTemplate":"https:\/\/ostersjostiftelsen.se\/?s={search_term_string}"},"query-input":{"@type":"PropertyValueSpecification","valueRequired":true,"valueName":"search_term_string"}}],"inLanguage":"en-US"}]}},"_links":{"self":[{"href":"https:\/\/ostersjostiftelsen.se\/en\/wp-json\/wp\/v2\/pages\/6977","targetHints":{"allow":["GET"]}}],"collection":[{"href":"https:\/\/ostersjostiftelsen.se\/en\/wp-json\/wp\/v2\/pages"}],"about":[{"href":"https:\/\/ostersjostiftelsen.se\/en\/wp-json\/wp\/v2\/types\/page"}],"author":[{"embeddable":true,"href":"https:\/\/ostersjostiftelsen.se\/en\/wp-json\/wp\/v2\/users\/5"}],"replies":[{"embeddable":true,"href":"https:\/\/ostersjostiftelsen.se\/en\/wp-json\/wp\/v2\/comments?post=6977"}],"version-history":[{"count":5,"href":"https:\/\/ostersjostiftelsen.se\/en\/wp-json\/wp\/v2\/pages\/6977\/revisions"}],"predecessor-version":[{"id":7035,"href":"https:\/\/ostersjostiftelsen.se\/en\/wp-json\/wp\/v2\/pages\/6977\/revisions\/7035"}],"wp:attachment":[{"href":"https:\/\/ostersjostiftelsen.se\/en\/wp-json\/wp\/v2\/media?parent=6977"}],"curies":[{"name":"wp","href":"https:\/\/api.w.org\/{rel}","templated":true}]}}